{"id":45069,"date":"2025-12-18T11:58:07","date_gmt":"2025-12-18T11:58:07","guid":{"rendered":"https:\/\/modesthanim.com\/product\/uzun-kapitone-mont-lacivert\/"},"modified":"2026-04-10T06:11:58","modified_gmt":"2026-04-10T06:11:58","slug":"uzun-kapitone-mont-lacivert","status":"publish","type":"product","link":"https:\/\/mod.wisdar.net\/tr\/urun\/uzun-kapitone-mont-lacivert\/","title":{"rendered":"Uzun Kapitone Mont Lacivert"},"content":{"rendered":"<p>%100 poliamid kuma\u015ftan \u00fcretilen bu uzun kapitone mont, dayan\u0131kl\u0131 ve \u0131s\u0131 koruyucu yap\u0131s\u0131yla k\u0131\u015f\u0131n zorlu ko\u015fullar\u0131nda maksimum konfor sa\u011flar. Poliamid iplik, kuma\u015fa suya ve r\u00fczg\u00e2ra kar\u015f\u0131 diren\u00e7, form koruma ve uzun \u00f6m\u00fcrl\u00fc kullan\u0131m avantaj\u0131 kazand\u0131r\u0131r. Ayr\u0131ca en \u00f6nemli \u00f6zelli\u011fi hafif yap\u0131s\u0131d\u0131r. \u0130\u00e7inde kullan\u0131lan mikro elyaf, elyaf t\u00fcrleri aras\u0131nda en yumu\u015fak ve hafif dokulardan birine sahiptir. Bu y\u00fczden montun hem d\u0131\u015f kuma\u015f\u0131, hem astar\u0131 hem de elyaf\u0131 birbiri ile m\u00fckemmel uyum i\u00e7indedir. Kapitone diki\u015f detaylar\u0131, klasik mont formuna modern ve \u015f\u0131k bir g\u00f6r\u00fcn\u00fcm katar. Uzun kesimi ekstra koruma ve s\u0131cakl\u0131k sa\u011flarken, sade \u00e7izgileriyle g\u00fcnl\u00fck ve \u015fehirli kombinlerde kolayl\u0131kla kullan\u0131labilir. Kal\u0131p bilgisi: Dar bir kal\u0131pt\u0131r; \u00fczerinize oturan bir g\u00f6r\u00fcn\u00fcm sunar. Daha rahat ve daha bol bir duru\u015f isterseniz bir beden b\u00fcy\u00fck tercih edebilirsiniz. Bak\u0131m \u00f6nerisi: 30 derecede tek ba\u015f\u0131na narin y\u0131kama yap\u0131n\u0131z. A\u011fart\u0131c\u0131 kullanmay\u0131n\u0131z. D\u00fc\u015f\u00fck \u0131s\u0131da \u00fct\u00fcleyiniz. Boy: 113 cm (\u00dcr\u00fcn boyu \u00fcretimler aras\u0131 1-5 cm de\u011fi\u015febilir.) Kal\u0131p Bilgisi: G\u00f6\u011f\u00fcs Basen Kol Boyu Pazu 36 Beden: 108 cm 112 cm 80 cm 39 cm 38 Beden: 112 cm 116 cm 81 cm 41 cm 40 Beden: 116 cm 120 cm 82 cm 43 cm 42 Beden: 120 cm 124 cm 83 cm 45 cm Manken \u00d6l\u00e7\u00fcleri: Boy: 175 cm G\u00f6\u011f\u00fcs: 81 cm Bel: 60 cm Basen: 89 cm Mankenin \u00dczerindeki Beden: 36<\/p>\n","protected":false},"excerpt":{"rendered":"<p>%100 poliamid kuma\u015ftan \u00fcretilen bu uzun kapitone mont, dayan\u0131kl\u0131 ve \u0131s\u0131 koruyucu yap\u0131s\u0131yla k\u0131\u015f\u0131n zorlu ko\u015fullar\u0131nda maksimum konfor sa\u011flar. Poliamid iplik, kuma\u015fa suya ve r\u00fczg\u00e2ra kar\u015f\u0131 diren\u00e7, form koruma ve uzun \u00f6m\u00fcrl\u00fc kullan\u0131m avantaj\u0131 kazand\u0131r\u0131r. Ayr\u0131ca en \u00f6nemli \u00f6zelli\u011fi hafif yap\u0131s\u0131d\u0131r. \u0130\u00e7inde kullan\u0131lan mikro elyaf, elyaf t\u00fcrleri aras\u0131nda en yumu\u015fak ve hafif dokulardan birine sahiptir. Bu y\u00fczden montun hem d\u0131\u015f kuma\u015f\u0131, hem astar\u0131 hem de elyaf\u0131 birbiri ile m\u00fckemmel uyum i\u00e7indedir. Kapitone diki\u015f detaylar\u0131, klasik mont formuna modern ve \u015f\u0131k bir g\u00f6r\u00fcn\u00fcm katar. Uzun kesimi ekstra koruma ve s\u0131cakl\u0131k sa\u011flarken, sade \u00e7izgileriyle g\u00fcnl\u00fck ve \u015fehirli kombinlerde kolayl\u0131kla kullan\u0131labilir. Kal\u0131p bilgisi: Dar bir kal\u0131pt\u0131r; \u00fczerinize oturan bir g\u00f6r\u00fcn\u00fcm sunar. Daha rahat ve daha bol bir duru\u015f isterseniz bir beden b\u00fcy\u00fck tercih edebilirsiniz. Bak\u0131m \u00f6nerisi: 30 derecede tek ba\u015f\u0131na narin y\u0131kama yap\u0131n\u0131z. A\u011fart\u0131c\u0131 kullanmay\u0131n\u0131z. D\u00fc\u015f\u00fck \u0131s\u0131da \u00fct\u00fcleyiniz. Boy: 113 cm (\u00dcr\u00fcn boyu \u00fcretimler aras\u0131 1-5 cm de\u011fi\u015febilir.) Kal\u0131p Bilgisi: G\u00f6\u011f\u00fcs Basen Kol Boyu Pazu 36 Beden: 108 cm 112 cm 80 cm 39 cm 38 Beden: 112 cm 116 cm 81 cm 41 cm 40 Beden: 116 cm 120 cm 82 cm 43 cm 42 Beden: 120 cm 124 cm 83 cm 45 cm Manken \u00d6l\u00e7\u00fcleri: Boy: 175 cm G\u00f6\u011f\u00fcs: 81 cm Bel: 60 cm Basen: 89 cm Mankenin \u00dczerindeki Beden: 36<\/p>\n","protected":false},"featured_media":45059,"comment_status":"open","ping_status":"closed","template":"","meta":[],"product_brand":[],"product_cat":[2047],"product_tag":[],"class_list":{"0":"post-45069","1":"product","2":"type-product","3":"status-publish","4":"has-post-thumbnail","6":"product_cat-paltolar","7":"pa_brand-he-qa","8":"pa_color-lacivert","9":"pa_size-4701","10":"pa_size-4706","11":"pa_size-4711","12":"pa_size-4713","14":"first","15":"instock","16":"sale","17":"shipping-taxable","18":"purchasable","19":"product-type-variable"},"_links":{"self":[{"href":"https:\/\/mod.wisdar.net\/tr\/wp-json\/wp\/v2\/product\/45069","targetHints":{"allow":["GET"]}}],"collection":[{"href":"https:\/\/mod.wisdar.net\/tr\/wp-json\/wp\/v2\/product"}],"about":[{"href":"https:\/\/mod.wisdar.net\/tr\/wp-json\/wp\/v2\/types\/product"}],"replies":[{"embeddable":true,"href":"https:\/\/mod.wisdar.net\/tr\/wp-json\/wp\/v2\/comments?post=45069"}],"wp:featuredmedia":[{"embeddable":true,"href":"https:\/\/mod.wisdar.net\/tr\/wp-json\/wp\/v2\/media\/45059"}],"wp:attachment":[{"href":"https:\/\/mod.wisdar.net\/tr\/wp-json\/wp\/v2\/media?parent=45069"}],"wp:term":[{"taxonomy":"product_brand","embeddable":true,"href":"https:\/\/mod.wisdar.net\/tr\/wp-json\/wp\/v2\/product_brand?post=45069"},{"taxonomy":"product_cat","embeddable":true,"href":"https:\/\/mod.wisdar.net\/tr\/wp-json\/wp\/v2\/product_cat?post=45069"},{"taxonomy":"product_tag","embeddable":true,"href":"https:\/\/mod.wisdar.net\/tr\/wp-json\/wp\/v2\/product_tag?post=45069"}],"curies":[{"name":"wp","href":"https:\/\/api.w.org\/{rel}","templated":true}]}}