{"id":45195,"date":"2025-12-18T12:03:29","date_gmt":"2025-12-18T12:03:29","guid":{"rendered":"https:\/\/modesthanim.com\/product\/klasik-uzun-trenckot-gece-mavisi\/"},"modified":"2026-04-10T05:42:25","modified_gmt":"2026-04-10T05:42:25","slug":"klasik-uzun-trenckot-gece-mavisi","status":"publish","type":"product","link":"https:\/\/mod.wisdar.net\/tr\/urun\/klasik-uzun-trenckot-gece-mavisi\/","title":{"rendered":"Klasik Uzun Tren\u00e7kot Gece Mavisi"},"content":{"rendered":"<p>F\u0131rt\u0131na yakas\u0131, omuzlardaki epole detaylar\u0131 ve kollarla birlikte \u00e7ift s\u0131ra d\u00fc\u011fmeli uzun tren\u00e7kot. Hafif mikro-teknik kuma\u015ftan \u00fcretilmi\u015f, tam astarl\u0131 ve buru\u015fmaya kar\u015f\u0131 dayan\u0131kl\u0131 tasar\u0131m\u0131 ile g\u00fcn boyu konfor sa\u011flar. Gazl\u0131 diki\u015f detaylar\u0131 hem g\u00fcnl\u00fck hem de klasik stil i\u00e7in uygundur. Kesim ne \u00e7ok bol ne de \u00e7ok dar olacak \u015fekilde tasarlanm\u0131\u015ft\u0131r. Modelde g\u00f6r\u00fcnenden daha dar bir kesim tercih ediyorsan\u0131z, bir beden k\u00fc\u00e7\u00fck almay\u0131 d\u00fc\u015f\u00fcnebilirsiniz. \u00dcr\u00fcn \u00f6l\u00e7\u00fcleri a\u015fa\u011f\u0131da listelenmi\u015ftir; favori tren\u00e7kotunuzun \u00f6l\u00e7\u00fcleri ile kar\u015f\u0131la\u015ft\u0131rarak m\u00fckemmel bedeni bulabilirsiniz. Uzunluk: 120 cm (\u00dcr\u00fcn uzunlu\u011fu \u00fcretim partileri aras\u0131nda 1-5 cm farkl\u0131l\u0131k g\u00f6sterebilir.)    Beden Tablosu : G\u00f6\u011f\u00fcs Kal\u00e7a  Kol \u00dcst\u00fc  Kol    Beden 36: 112 cm  120 cm  40 cm  50 cm    Beden 38:  116 cm  124 cm  42 cm  51 cm    Beden 40: 120 cm  128 cm  44 cm  52 cm    Beden 42: 124 cm  132 cm  46 cm  53 cm     Modelin \u00d6l\u00e7\u00fcleri: Boy: 178 cm G\u00f6\u011f\u00fcs: 84 cm Bel: 60 cm Kal\u00e7a: 91 cm Modelin Giydi\u011fi Beden: 36<\/p>\n","protected":false},"excerpt":{"rendered":"<p>F\u0131rt\u0131na yakas\u0131, omuzlardaki epole detaylar\u0131 ve kollarla birlikte \u00e7ift s\u0131ra d\u00fc\u011fmeli uzun tren\u00e7kot. Hafif mikro-teknik kuma\u015ftan \u00fcretilmi\u015f, tam astarl\u0131 ve buru\u015fmaya kar\u015f\u0131 dayan\u0131kl\u0131 tasar\u0131m\u0131 ile g\u00fcn boyu konfor sa\u011flar. Gazl\u0131 diki\u015f detaylar\u0131 hem g\u00fcnl\u00fck hem de klasik stil i\u00e7in uygundur. Kesim ne \u00e7ok bol ne de \u00e7ok dar olacak \u015fekilde tasarlanm\u0131\u015ft\u0131r. Modelde g\u00f6r\u00fcnenden daha dar bir kesim tercih ediyorsan\u0131z, bir beden k\u00fc\u00e7\u00fck almay\u0131 d\u00fc\u015f\u00fcnebilirsiniz. \u00dcr\u00fcn \u00f6l\u00e7\u00fcleri a\u015fa\u011f\u0131da listelenmi\u015ftir; favori tren\u00e7kotunuzun \u00f6l\u00e7\u00fcleri ile kar\u015f\u0131la\u015ft\u0131rarak m\u00fckemmel bedeni bulabilirsiniz. Uzunluk: 120 cm (\u00dcr\u00fcn uzunlu\u011fu \u00fcretim partileri aras\u0131nda 1-5 cm farkl\u0131l\u0131k g\u00f6sterebilir.)    Beden Tablosu : G\u00f6\u011f\u00fcs Kal\u00e7a  Kol \u00dcst\u00fc  Kol    Beden 36: 112 cm  120 cm  40 cm  50 cm    Beden 38:  116 cm  124 cm  42 cm  51 cm    Beden 40: 120 cm  128 cm  44 cm  52 cm    Beden 42: 124 cm  132 cm  46 cm  53 cm     Modelin \u00d6l\u00e7\u00fcleri: Boy: 178 cm G\u00f6\u011f\u00fcs: 84 cm Bel: 60 cm Kal\u00e7a: 91 cm Modelin Giydi\u011fi Beden: 36<\/p>\n","protected":false},"featured_media":45187,"comment_status":"open","ping_status":"closed","template":"","meta":[],"product_brand":[],"product_cat":[2047],"product_tag":[],"class_list":{"0":"post-45195","1":"product","2":"type-product","3":"status-publish","4":"has-post-thumbnail","6":"product_cat-paltolar","7":"pa_brand-he-qa","8":"pa_color-gece-mavi","9":"pa_size-4701","10":"pa_size-4706","11":"pa_size-4711","12":"pa_size-4713","14":"first","15":"instock","16":"sale","17":"shipping-taxable","18":"purchasable","19":"product-type-variable"},"_links":{"self":[{"href":"https:\/\/mod.wisdar.net\/tr\/wp-json\/wp\/v2\/product\/45195","targetHints":{"allow":["GET"]}}],"collection":[{"href":"https:\/\/mod.wisdar.net\/tr\/wp-json\/wp\/v2\/product"}],"about":[{"href":"https:\/\/mod.wisdar.net\/tr\/wp-json\/wp\/v2\/types\/product"}],"replies":[{"embeddable":true,"href":"https:\/\/mod.wisdar.net\/tr\/wp-json\/wp\/v2\/comments?post=45195"}],"wp:featuredmedia":[{"embeddable":true,"href":"https:\/\/mod.wisdar.net\/tr\/wp-json\/wp\/v2\/media\/45187"}],"wp:attachment":[{"href":"https:\/\/mod.wisdar.net\/tr\/wp-json\/wp\/v2\/media?parent=45195"}],"wp:term":[{"taxonomy":"product_brand","embeddable":true,"href":"https:\/\/mod.wisdar.net\/tr\/wp-json\/wp\/v2\/product_brand?post=45195"},{"taxonomy":"product_cat","embeddable":true,"href":"https:\/\/mod.wisdar.net\/tr\/wp-json\/wp\/v2\/product_cat?post=45195"},{"taxonomy":"product_tag","embeddable":true,"href":"https:\/\/mod.wisdar.net\/tr\/wp-json\/wp\/v2\/product_tag?post=45195"}],"curies":[{"name":"wp","href":"https:\/\/api.w.org\/{rel}","templated":true}]}}