{"id":45224,"date":"2025-12-18T12:05:04","date_gmt":"2025-12-18T12:05:04","guid":{"rendered":"https:\/\/modesthanim.com\/product\/buzgu-detayli-kaban-siyah\/"},"modified":"2026-02-18T21:36:12","modified_gmt":"2026-02-18T21:36:12","slug":"buzgu-detayli-kaban-siyah","status":"publish","type":"product","link":"https:\/\/mod.wisdar.net\/tr\/urun\/buzgu-detayli-kaban-siyah\/","title":{"rendered":"B\u00fczg\u00fc Detayl\u0131 Kaban Siyah"},"content":{"rendered":"<p>%100 akrilik ipliklerden \u00fcretilen bu kaban, hafifli\u011fi ve s\u0131cak tutma \u00f6zelli\u011fiyle so\u011fuk havalarda konforlu bir kullan\u0131m sunar. Akrilik kuma\u015f\u0131n yumu\u015fak dokusu ve tok duru\u015fu, \u00fcr\u00fcne hem hacimli bir form hem de uzun \u00f6m\u00fcrl\u00fc bir yap\u0131 kazand\u0131r\u0131r.Kal\u0131b\u0131yla modern ve sevimli bir g\u00f6r\u00fcn\u00fcm sunan bu model, b\u00fczg\u00fc detaylar\u0131yla hareket kazan\u0131rken g\u00fcnl\u00fck kullan\u0131mlarda rahatl\u0131k sa\u011flar. D\u0131\u015f giyim kombinlerinizde hem \u015f\u0131kl\u0131\u011f\u0131 hem konforu bir arada sunar.Kal\u0131p bilgisi: Rahat kal\u0131ba sahiptir; kendi bedeninizi tercih etmeniz \u00f6nerilir.Bak\u0131m \u00f6nerisi: 30\u00b0C\u2019de benzer renklerle y\u0131kay\u0131n\u0131z. A\u011fart\u0131c\u0131 kullanmay\u0131n\u0131z. D\u00fc\u015f\u00fck \u0131s\u0131da \u00fct\u00fcleyiniz.Boy: 76 cm (\u00dcr\u00fcn boyu \u00fcretimler aras\u0131 1-5 cm de\u011fi\u015febilir.)Kal\u0131p Bilgisi:G\u00f6\u011f\u00fcsKol BoyuPazu1 Beden: 116 cm 60 cm 46 cm 2 Beden: 120 cm 60 cm 46,5 cm Manken \u00d6l\u00e7\u00fcleri:Boy: 175 cmG\u00f6\u011f\u00fcs: 81 cmBel: 60 cmBasen: 89 cmMankenin \u00dczerindeki Beden: 1<\/p>\n","protected":false},"excerpt":{"rendered":"<p>%100 akrilik ipliklerden \u00fcretilen bu kaban, hafifli\u011fi ve s\u0131cak tutma \u00f6zelli\u011fiyle so\u011fuk havalarda konforlu bir kullan\u0131m sunar. Akrilik kuma\u015f\u0131n yumu\u015fak dokusu ve tok duru\u015fu, \u00fcr\u00fcne hem hacimli bir form hem de uzun \u00f6m\u00fcrl\u00fc bir yap\u0131 kazand\u0131r\u0131r.Kal\u0131b\u0131yla modern ve sevimli bir g\u00f6r\u00fcn\u00fcm sunan bu model, b\u00fczg\u00fc detaylar\u0131yla hareket kazan\u0131rken g\u00fcnl\u00fck kullan\u0131mlarda rahatl\u0131k sa\u011flar. D\u0131\u015f giyim kombinlerinizde hem \u015f\u0131kl\u0131\u011f\u0131 hem konforu bir arada sunar.Kal\u0131p bilgisi: Rahat kal\u0131ba sahiptir; kendi bedeninizi tercih etmeniz \u00f6nerilir.Bak\u0131m \u00f6nerisi: 30\u00b0C\u2019de benzer renklerle y\u0131kay\u0131n\u0131z. A\u011fart\u0131c\u0131 kullanmay\u0131n\u0131z. D\u00fc\u015f\u00fck \u0131s\u0131da \u00fct\u00fcleyiniz.Boy: 76 cm (\u00dcr\u00fcn boyu \u00fcretimler aras\u0131 1-5 cm de\u011fi\u015febilir.)Kal\u0131p Bilgisi:G\u00f6\u011f\u00fcsKol BoyuPazu1 Beden: 116 cm 60 cm 46 cm 2 Beden: 120 cm 60 cm 46,5 cm Manken \u00d6l\u00e7\u00fcleri:Boy: 175 cmG\u00f6\u011f\u00fcs: 81 cmBel: 60 cmBasen: 89 cmMankenin \u00dczerindeki Beden: 1<\/p>\n","protected":false},"featured_media":45219,"comment_status":"open","ping_status":"closed","template":"","meta":[],"product_brand":[],"product_cat":[2047],"product_tag":[5010,8108,7074],"class_list":{"0":"post-45224","1":"product","2":"type-product","3":"status-publish","4":"has-post-thumbnail","6":"product_cat-paltolar","7":"product_tag-coat","8":"product_tag-kis","9":"product_tag-siyah","10":"pa_brand-he-qa","11":"pa_color-siyah","12":"pa_size-4446","13":"pa_size-4463","15":"first","16":"instock","17":"sale","18":"shipping-taxable","19":"purchasable","20":"product-type-variable"},"_links":{"self":[{"href":"https:\/\/mod.wisdar.net\/tr\/wp-json\/wp\/v2\/product\/45224","targetHints":{"allow":["GET"]}}],"collection":[{"href":"https:\/\/mod.wisdar.net\/tr\/wp-json\/wp\/v2\/product"}],"about":[{"href":"https:\/\/mod.wisdar.net\/tr\/wp-json\/wp\/v2\/types\/product"}],"replies":[{"embeddable":true,"href":"https:\/\/mod.wisdar.net\/tr\/wp-json\/wp\/v2\/comments?post=45224"}],"wp:featuredmedia":[{"embeddable":true,"href":"https:\/\/mod.wisdar.net\/tr\/wp-json\/wp\/v2\/media\/45219"}],"wp:attachment":[{"href":"https:\/\/mod.wisdar.net\/tr\/wp-json\/wp\/v2\/media?parent=45224"}],"wp:term":[{"taxonomy":"product_brand","embeddable":true,"href":"https:\/\/mod.wisdar.net\/tr\/wp-json\/wp\/v2\/product_brand?post=45224"},{"taxonomy":"product_cat","embeddable":true,"href":"https:\/\/mod.wisdar.net\/tr\/wp-json\/wp\/v2\/product_cat?post=45224"},{"taxonomy":"product_tag","embeddable":true,"href":"https:\/\/mod.wisdar.net\/tr\/wp-json\/wp\/v2\/product_tag?post=45224"}],"curies":[{"name":"wp","href":"https:\/\/api.w.org\/{rel}","templated":true}]}}