{"id":45290,"date":"2025-12-18T12:08:51","date_gmt":"2025-12-18T12:08:51","guid":{"rendered":"https:\/\/modesthanim.com\/product\/ruzgarlikli-uzun-kaban-siyah\/"},"modified":"2026-02-19T22:06:30","modified_gmt":"2026-02-19T22:06:30","slug":"ruzgarlikli-uzun-kaban-siyah","status":"publish","type":"product","link":"https:\/\/mod.wisdar.net\/tr\/urun\/ruzgarlikli-uzun-kaban-siyah\/","title":{"rendered":"R\u00fczgarl\u0131kl\u0131 Uzun Kaban Siyah"},"content":{"rendered":"<p>425 gr&#8217;l\u0131k ka\u015fe kuma\u015f i\u00e7eri\u011fi sayesinde dayan\u0131kl\u0131, formunu koruyan ve k\u0131r\u0131\u015fmaya kar\u015f\u0131 diren\u00e7li bir yap\u0131ya sahiptir. Ka\u015fe dokusu, s\u0131cak tutan yap\u0131s\u0131yla so\u011fuk havalarda konfor sa\u011flar. Zarif kal\u0131b\u0131 ve kemer detay\u0131yla feminen bir siluet sunan uzun kaban, hem g\u00fcnl\u00fck kullan\u0131mda hem de \u015fehirli stillerde \u015f\u0131k bir duru\u015f kazand\u0131r\u0131r. R\u00fczgarl\u0131kl\u0131 tasar\u0131m\u0131 modele modern ve dinamik bir g\u00f6r\u00fcn\u00fcm katarken, astarl\u0131 yap\u0131s\u0131 i\u00e7 k\u0131sm\u0131n p\u00fcr\u00fczs\u00fcz durmas\u0131n\u0131 ve giyimde konforu destekler. Kullan\u0131\u015fl\u0131 detaylar\u0131 ve zamans\u0131z tasar\u0131m\u0131yla gard\u0131robun uzun y\u0131llar keyifle kullan\u0131labilecek par\u00e7alar\u0131ndand\u0131r. Kendi bedeninizi tercih etmeniz \u00f6nerilir. Bak\u0131m \u00f6nerisi: D\u00fc\u015f\u00fck \u0131s\u0131da \u00fct\u00fcleyiniz. Kuru temizleme \u00f6nerilir. Boy: 123 cm (\u00dcr\u00fcn boyu \u00fcretimler aras\u0131 1-5 cm de\u011fi\u015febilir.) Kal\u0131p Bilgisi: G\u00f6\u011f\u00fcs Basen Kol Boyu Pazu 36 Beden: 109 cm 116 cm 48 cm 44 cm 38 Beden: 113 cm 120 cm 49 cm 46 cm 40 Beden: 117 cm 124 cm 50 cm 48 cm 42 Beden: 121 cm 128 cm 51 cm 50 cm Manken \u00d6l\u00e7\u00fcleri: Boy: 176 cm G\u00f6\u011f\u00fcs: 80 cm Bel: 60 cm Basen: 90 cm Mankenin \u00dczerindeki Beden: 36<\/p>\n","protected":false},"excerpt":{"rendered":"<p>425 gr&#8217;l\u0131k ka\u015fe kuma\u015f i\u00e7eri\u011fi sayesinde dayan\u0131kl\u0131, formunu koruyan ve k\u0131r\u0131\u015fmaya kar\u015f\u0131 diren\u00e7li bir yap\u0131ya sahiptir. Ka\u015fe dokusu, s\u0131cak tutan yap\u0131s\u0131yla so\u011fuk havalarda konfor sa\u011flar. Zarif kal\u0131b\u0131 ve kemer detay\u0131yla feminen bir siluet sunan uzun kaban, hem g\u00fcnl\u00fck kullan\u0131mda hem de \u015fehirli stillerde \u015f\u0131k bir duru\u015f kazand\u0131r\u0131r. R\u00fczgarl\u0131kl\u0131 tasar\u0131m\u0131 modele modern ve dinamik bir g\u00f6r\u00fcn\u00fcm katarken, astarl\u0131 yap\u0131s\u0131 i\u00e7 k\u0131sm\u0131n p\u00fcr\u00fczs\u00fcz durmas\u0131n\u0131 ve giyimde konforu destekler. Kullan\u0131\u015fl\u0131 detaylar\u0131 ve zamans\u0131z tasar\u0131m\u0131yla gard\u0131robun uzun y\u0131llar keyifle kullan\u0131labilecek par\u00e7alar\u0131ndand\u0131r. Kendi bedeninizi tercih etmeniz \u00f6nerilir. Bak\u0131m \u00f6nerisi: D\u00fc\u015f\u00fck \u0131s\u0131da \u00fct\u00fcleyiniz. Kuru temizleme \u00f6nerilir. Boy: 123 cm (\u00dcr\u00fcn boyu \u00fcretimler aras\u0131 1-5 cm de\u011fi\u015febilir.) Kal\u0131p Bilgisi: G\u00f6\u011f\u00fcs Basen Kol Boyu Pazu 36 Beden: 109 cm 116 cm 48 cm 44 cm 38 Beden: 113 cm 120 cm 49 cm 46 cm 40 Beden: 117 cm 124 cm 50 cm 48 cm 42 Beden: 121 cm 128 cm 51 cm 50 cm Manken \u00d6l\u00e7\u00fcleri: Boy: 176 cm G\u00f6\u011f\u00fcs: 80 cm Bel: 60 cm Basen: 90 cm Mankenin \u00dczerindeki Beden: 36<\/p>\n","protected":false},"featured_media":45287,"comment_status":"open","ping_status":"closed","template":"","meta":[],"product_brand":[],"product_cat":[2047],"product_tag":[7960,6312,6776,6311],"class_list":{"0":"post-45290","1":"product","2":"type-product","3":"status-publish","4":"has-post-thumbnail","6":"product_cat-paltolar","7":"product_tag-kadin-dis-giyim","8":"product_tag-long-coat","9":"product_tag-trenckot","10":"product_tag-winter-coat","11":"pa_brand-he-qa","12":"pa_color-siyah","13":"pa_size-4701","14":"pa_size-4706","15":"pa_size-4711","16":"pa_size-4713","18":"first","19":"outofstock","20":"shipping-taxable","21":"product-type-variable"},"_links":{"self":[{"href":"https:\/\/mod.wisdar.net\/tr\/wp-json\/wp\/v2\/product\/45290","targetHints":{"allow":["GET"]}}],"collection":[{"href":"https:\/\/mod.wisdar.net\/tr\/wp-json\/wp\/v2\/product"}],"about":[{"href":"https:\/\/mod.wisdar.net\/tr\/wp-json\/wp\/v2\/types\/product"}],"replies":[{"embeddable":true,"href":"https:\/\/mod.wisdar.net\/tr\/wp-json\/wp\/v2\/comments?post=45290"}],"wp:featuredmedia":[{"embeddable":true,"href":"https:\/\/mod.wisdar.net\/tr\/wp-json\/wp\/v2\/media\/45287"}],"wp:attachment":[{"href":"https:\/\/mod.wisdar.net\/tr\/wp-json\/wp\/v2\/media?parent=45290"}],"wp:term":[{"taxonomy":"product_brand","embeddable":true,"href":"https:\/\/mod.wisdar.net\/tr\/wp-json\/wp\/v2\/product_brand?post=45290"},{"taxonomy":"product_cat","embeddable":true,"href":"https:\/\/mod.wisdar.net\/tr\/wp-json\/wp\/v2\/product_cat?post=45290"},{"taxonomy":"product_tag","embeddable":true,"href":"https:\/\/mod.wisdar.net\/tr\/wp-json\/wp\/v2\/product_tag?post=45290"}],"curies":[{"name":"wp","href":"https:\/\/api.w.org\/{rel}","templated":true}]}}