{"id":45392,"date":"2025-12-18T12:12:26","date_gmt":"2025-12-18T12:12:26","guid":{"rendered":"https:\/\/modesthanim.com\/product\/siyah-kisa-cift-dugmeli-palto\/"},"modified":"2026-03-23T07:52:58","modified_gmt":"2026-03-23T07:52:58","slug":"siyah-kisa-cift-dugmeli-palto","status":"publish","type":"product","link":"https:\/\/mod.wisdar.net\/tr\/urun\/siyah-kisa-cift-dugmeli-palto\/","title":{"rendered":"Siyah K\u0131sa \u00c7ift D\u00fc\u011fmeli Palto"},"content":{"rendered":"<p>Premium y\u00fcn kar\u0131\u015f\u0131m\u0131ndan \u00fcretilen bu palto, d\u00fc\u011fmeli \u00f6n k\u0131sm\u0131, yan cepleri, raglan kollar\u0131, man\u015fetlerdeki apolet detaylar\u0131 ve tam astar\u0131 ile \u00f6ne \u00e7\u0131k\u0131yor. Rahat kesimli tasar\u0131m\u0131yla dikkat \u00e7eken \u00fcr\u00fcn i\u00e7in daha \u015f\u0131k bir sil\u00fcet elde etmek isterseniz bir veya iki beden k\u00fc\u00e7\u00fck tercih edebilirsiniz. Modelimiz 36 beden giymektedir. En uygun bedeni se\u00e7mek i\u00e7in a\u015fa\u011f\u0131daki \u00f6l\u00e7\u00fcleri referans alarak en sevdi\u011finiz paltolar\u0131n\u0131z\u0131n g\u00f6\u011f\u00fcs ve kal\u00e7a \u00f6l\u00e7\u00fcleriyle kar\u015f\u0131la\u015ft\u0131rman\u0131z\u0131 \u00f6neririz.<\/p>\n<p>Uzunluk: 76 cm (\u00dcr\u00fcn uzunlu\u011fu \u00fcretim partileri aras\u0131nda 1-5 cm farkl\u0131l\u0131k g\u00f6sterebilir.)<\/p>\n<p>DER\u0130 KEMER \u00dcR\u00dcNE DAH\u0130L DE\u011e\u0130LD\u0130R.<\/p>\n<p>Beden Tablosu:<br \/>\nG\u00f6\u011f\u00fcs<br \/>\nKal\u00e7a<br \/>\nPaz\u0131<br \/>\nKol<\/p>\n<p>36 Beden:<br \/>\n110 cm<br \/>\n116 cm<br \/>\n40 cm<br \/>\n70 cm<\/p>\n<p>38 Beden:<br \/>\n114 cm<br \/>\n120 cm<br \/>\n42 cm<br \/>\n71 cm<\/p>\n<p>40 Beden:<br \/>\n118 cm<br \/>\n124 cm<br \/>\n44 cm<br \/>\n72 cm<\/p>\n<p>42 Beden:<br \/>\n122 cm<br \/>\n128 cm<br \/>\n46 cm<br \/>\n73 cm<\/p>\n<p>Model \u00d6l\u00e7\u00fcleri:<br \/>\nBoy: 175 cm<br \/>\nG\u00f6\u011f\u00fcs: 81 cm<br \/>\nBel: 60 cm<br \/>\nKal\u00e7a: 89 cm<br \/>\nModelin Giydi\u011fi Beden: 36<\/p>\n","protected":false},"excerpt":{"rendered":"<p>Premium y\u00fcn kar\u0131\u015f\u0131m\u0131ndan \u00fcretilen bu palto, d\u00fc\u011fmeli \u00f6n k\u0131sm\u0131, yan cepleri, raglan kollar\u0131, man\u015fetlerdeki apolet detaylar\u0131 ve tam astar\u0131 ile \u00f6ne \u00e7\u0131k\u0131yor. Rahat kesimli tasar\u0131m\u0131yla dikkat \u00e7eken \u00fcr\u00fcn i\u00e7in daha \u015f\u0131k bir sil\u00fcet elde etmek isterseniz bir veya iki beden k\u00fc\u00e7\u00fck tercih edebilirsiniz. Modelimiz 36 beden giymektedir. En uygun bedeni se\u00e7mek i\u00e7in a\u015fa\u011f\u0131daki \u00f6l\u00e7\u00fcleri referans alarak en sevdi\u011finiz paltolar\u0131n\u0131z\u0131n g\u00f6\u011f\u00fcs ve kal\u00e7a \u00f6l\u00e7\u00fcleriyle kar\u015f\u0131la\u015ft\u0131rman\u0131z\u0131 \u00f6neririz.<\/p>\n<p>Uzunluk: 76 cm (\u00dcr\u00fcn uzunlu\u011fu \u00fcretim partileri aras\u0131nda 1-5 cm farkl\u0131l\u0131k g\u00f6sterebilir.)<\/p>\n<p>DER\u0130 KEMER \u00dcR\u00dcNE DAH\u0130L DE\u011e\u0130LD\u0130R.<\/p>\n<p>Beden Tablosu:<br \/>\nG\u00f6\u011f\u00fcs<br \/>\nKal\u00e7a<br \/>\nPaz\u0131<br \/>\nKol<\/p>\n<p>36 Beden:<br \/>\n110 cm<br \/>\n116 cm<br \/>\n40 cm<br \/>\n70 cm<\/p>\n<p>38 Beden:<br \/>\n114 cm<br \/>\n120 cm<br \/>\n42 cm<br \/>\n71 cm<\/p>\n<p>40 Beden:<br \/>\n118 cm<br \/>\n124 cm<br \/>\n44 cm<br \/>\n72 cm<\/p>\n<p>42 Beden:<br \/>\n122 cm<br \/>\n128 cm<br \/>\n46 cm<br \/>\n73 cm<\/p>\n<p>Model \u00d6l\u00e7\u00fcleri:<br \/>\nBoy: 175 cm<br \/>\nG\u00f6\u011f\u00fcs: 81 cm<br \/>\nBel: 60 cm<br \/>\nKal\u00e7a: 89 cm<br \/>\nModelin Giydi\u011fi Beden: 36<\/p>\n","protected":false},"featured_media":45383,"comment_status":"open","ping_status":"closed","template":"","meta":[],"product_brand":[],"product_cat":[2047],"product_tag":[],"class_list":{"0":"post-45392","1":"product","2":"type-product","3":"status-publish","4":"has-post-thumbnail","6":"product_cat-paltolar","7":"pa_brand-he-qa","8":"pa_color-siyah","9":"pa_size-4701","10":"pa_size-4706","11":"pa_size-4711","12":"pa_size-4713","14":"first","15":"instock","16":"sale","17":"shipping-taxable","18":"purchasable","19":"product-type-variable"},"_links":{"self":[{"href":"https:\/\/mod.wisdar.net\/tr\/wp-json\/wp\/v2\/product\/45392","targetHints":{"allow":["GET"]}}],"collection":[{"href":"https:\/\/mod.wisdar.net\/tr\/wp-json\/wp\/v2\/product"}],"about":[{"href":"https:\/\/mod.wisdar.net\/tr\/wp-json\/wp\/v2\/types\/product"}],"replies":[{"embeddable":true,"href":"https:\/\/mod.wisdar.net\/tr\/wp-json\/wp\/v2\/comments?post=45392"}],"wp:featuredmedia":[{"embeddable":true,"href":"https:\/\/mod.wisdar.net\/tr\/wp-json\/wp\/v2\/media\/45383"}],"wp:attachment":[{"href":"https:\/\/mod.wisdar.net\/tr\/wp-json\/wp\/v2\/media?parent=45392"}],"wp:term":[{"taxonomy":"product_brand","embeddable":true,"href":"https:\/\/mod.wisdar.net\/tr\/wp-json\/wp\/v2\/product_brand?post=45392"},{"taxonomy":"product_cat","embeddable":true,"href":"https:\/\/mod.wisdar.net\/tr\/wp-json\/wp\/v2\/product_cat?post=45392"},{"taxonomy":"product_tag","embeddable":true,"href":"https:\/\/mod.wisdar.net\/tr\/wp-json\/wp\/v2\/product_tag?post=45392"}],"curies":[{"name":"wp","href":"https:\/\/api.w.org\/{rel}","templated":true}]}}