{"id":45438,"date":"2025-12-18T12:14:52","date_gmt":"2025-12-18T12:14:52","guid":{"rendered":"https:\/\/modesthanim.com\/product\/kisa-kruvaze-kaban-antrasit\/"},"modified":"2026-04-03T06:10:53","modified_gmt":"2026-04-03T06:10:53","slug":"kisa-kruvaze-kaban-antrasit","status":"publish","type":"product","link":"https:\/\/mod.wisdar.net\/tr\/urun\/kisa-kruvaze-kaban-antrasit\/","title":{"rendered":"K\u0131sa Kruvaze Kaban Antrasit"},"content":{"rendered":"<p>Premium ka\u015fe ile \u00fcretilmi\u015f kaban. D\u00fc\u011fmeli, fleto cepli, reglan kol, kol u\u00e7lar\u0131 apolet detayl\u0131 ve astarl\u0131. Kal\u0131b\u0131 bol bir \u00fcr\u00fcnd\u00fcr. Daha fit kal\u0131p sevenler 1 veya 2 beden k\u00fc\u00e7\u00fck tercih edebilir. Model \u00fczerindeki beden 36 d\u0131r. \u00dcr\u00fcn \u00f6l\u00e7\u00fcleri a\u015fa\u011f\u0131da yazmaktad\u0131r. Sevdi\u011finiz bir kaban \u00f6l\u00e7\u00fcs\u00fc ile g\u00f6\u011f\u00fcs ve basen \u00f6l\u00e7\u00fcs\u00fcn\u00fc kar\u015f\u0131la\u015ft\u0131rarak en do\u011fru bedeni sipari\u015f edebilirsiniz. Boy: 76 cm (\u00dcr\u00fcn boyu \u00fcretimler aras\u0131 1-5 cm de\u011fi\u015febilir.) Kal\u0131p Bilgisi: G\u00f6\u011f\u00fcs Basen Pazu Kol Boyu 36 Beden: 110 cm 116 cm 40 cm 70 cm 38 Beden: 114 cm 120 cm 42 cm 71 cm 40 Beden: 118 cm 124 cm 44 cm 72 cm 42 Beden: 122 cm 128 cm 46 cm 73 cm Manken \u00d6l\u00e7\u00fcleri: Boy: 176 cm G\u00f6\u011f\u00fcs: 80 cm Bel: 60 cm Basen: 90 cm Mankenin \u00dczerindeki Beden: 36<\/p>\n","protected":false},"excerpt":{"rendered":"<p>Premium ka\u015fe ile \u00fcretilmi\u015f kaban. D\u00fc\u011fmeli, fleto cepli, reglan kol, kol u\u00e7lar\u0131 apolet detayl\u0131 ve astarl\u0131. Kal\u0131b\u0131 bol bir \u00fcr\u00fcnd\u00fcr. Daha fit kal\u0131p sevenler 1 veya 2 beden k\u00fc\u00e7\u00fck tercih edebilir. Model \u00fczerindeki beden 36 d\u0131r. \u00dcr\u00fcn \u00f6l\u00e7\u00fcleri a\u015fa\u011f\u0131da yazmaktad\u0131r. Sevdi\u011finiz bir kaban \u00f6l\u00e7\u00fcs\u00fc ile g\u00f6\u011f\u00fcs ve basen \u00f6l\u00e7\u00fcs\u00fcn\u00fc kar\u015f\u0131la\u015ft\u0131rarak en do\u011fru bedeni sipari\u015f edebilirsiniz. Boy: 76 cm (\u00dcr\u00fcn boyu \u00fcretimler aras\u0131 1-5 cm de\u011fi\u015febilir.) Kal\u0131p Bilgisi: G\u00f6\u011f\u00fcs Basen Pazu Kol Boyu 36 Beden: 110 cm 116 cm 40 cm 70 cm 38 Beden: 114 cm 120 cm 42 cm 71 cm 40 Beden: 118 cm 124 cm 44 cm 72 cm 42 Beden: 122 cm 128 cm 46 cm 73 cm Manken \u00d6l\u00e7\u00fcleri: Boy: 176 cm G\u00f6\u011f\u00fcs: 80 cm Bel: 60 cm Basen: 90 cm Mankenin \u00dczerindeki Beden: 36<\/p>\n","protected":false},"featured_media":45429,"comment_status":"open","ping_status":"closed","template":"","meta":[],"product_brand":[],"product_cat":[2047],"product_tag":[6777,6921,5010,6778],"class_list":{"0":"post-45438","1":"product","2":"type-product","3":"status-publish","4":"has-post-thumbnail","6":"product_cat-paltolar","7":"product_tag-antrasit","8":"product_tag-astarli","9":"product_tag-coat","10":"product_tag-kisa","11":"pa_brand-he-qa","12":"pa_color-anthracite","13":"pa_size-4701","14":"pa_size-4706","15":"pa_size-4711","16":"pa_size-4713","18":"first","19":"instock","20":"sale","21":"shipping-taxable","22":"purchasable","23":"product-type-variable"},"_links":{"self":[{"href":"https:\/\/mod.wisdar.net\/tr\/wp-json\/wp\/v2\/product\/45438","targetHints":{"allow":["GET"]}}],"collection":[{"href":"https:\/\/mod.wisdar.net\/tr\/wp-json\/wp\/v2\/product"}],"about":[{"href":"https:\/\/mod.wisdar.net\/tr\/wp-json\/wp\/v2\/types\/product"}],"replies":[{"embeddable":true,"href":"https:\/\/mod.wisdar.net\/tr\/wp-json\/wp\/v2\/comments?post=45438"}],"wp:featuredmedia":[{"embeddable":true,"href":"https:\/\/mod.wisdar.net\/tr\/wp-json\/wp\/v2\/media\/45429"}],"wp:attachment":[{"href":"https:\/\/mod.wisdar.net\/tr\/wp-json\/wp\/v2\/media?parent=45438"}],"wp:term":[{"taxonomy":"product_brand","embeddable":true,"href":"https:\/\/mod.wisdar.net\/tr\/wp-json\/wp\/v2\/product_brand?post=45438"},{"taxonomy":"product_cat","embeddable":true,"href":"https:\/\/mod.wisdar.net\/tr\/wp-json\/wp\/v2\/product_cat?post=45438"},{"taxonomy":"product_tag","embeddable":true,"href":"https:\/\/mod.wisdar.net\/tr\/wp-json\/wp\/v2\/product_tag?post=45438"}],"curies":[{"name":"wp","href":"https:\/\/api.w.org\/{rel}","templated":true}]}}