{"id":45558,"date":"2025-12-18T12:22:05","date_gmt":"2025-12-18T12:22:05","guid":{"rendered":"https:\/\/modesthanim.com\/product\/denim-barn-ceket\/"},"modified":"2026-02-19T22:06:15","modified_gmt":"2026-02-19T22:06:15","slug":"denim-barn-ceket","status":"publish","type":"product","link":"https:\/\/mod.wisdar.net\/tr\/urun\/denim-barn-ceket\/","title":{"rendered":"Denim Barn Ceket"},"content":{"rendered":"<p>%100 pamuk ipliklerden dokunan denim kuma\u015f\u0131yla \u00fcretilen bu ceket, do\u011fal yap\u0131s\u0131 sayesinde nefes alabilir \u00f6zelliktedir ve g\u00fcn boyu konfor sunar. \u00dcr\u00fcnde kullan\u0131lan kadife detaylar, yaka k\u0131sm\u0131n\u0131 \u00f6ne \u00e7\u0131kararak modele sofistike retro bir g\u00f6r\u00fcn\u00fcm kazand\u0131r\u0131r. \u00dcr\u00fcn bol kal\u0131ba sahiptir; manken \u00fczerindeki kadar bol duru\u015f istemeyenler bir beden k\u00fc\u00e7\u00fck tercih edebilir. 30 derecede narin y\u0131kama yap\u0131lmal\u0131d\u0131r. Kurutma yap\u0131lmaz. Boy: 74,5 cm (\u00dcr\u00fcn boyu \u00fcretimler aras\u0131 1-5 cm de\u011fi\u015febilir.) Kal\u0131p Bilgisi: G\u00f6\u011f\u00fcs \u2013 Basen \u2013 Kol Boyu \u2013 Pazu: S Beden: 110 cm \u2013 110 cm \u2013 56 cm \u2013 52 cm, M Beden: 114 cm \u2013 114 cm \u2013 57 cm \u2013 54 cm, L Beden: 118 cm \u2013 118 cm \u2013 58 cm \u2013 56 cm. Manken \u00d6l\u00e7\u00fcleri: Boy: 174 cm, G\u00f6\u011f\u00fcs: 83 cm, Bel: 60 cm, Basen: 90 cm. Mankenin \u00dczerindeki Beden: S.<\/p>\n","protected":false},"excerpt":{"rendered":"<p>%100 pamuk ipliklerden dokunan denim kuma\u015f\u0131yla \u00fcretilen bu ceket, do\u011fal yap\u0131s\u0131 sayesinde nefes alabilir \u00f6zelliktedir ve g\u00fcn boyu konfor sunar. \u00dcr\u00fcnde kullan\u0131lan kadife detaylar, yaka k\u0131sm\u0131n\u0131 \u00f6ne \u00e7\u0131kararak modele sofistike retro bir g\u00f6r\u00fcn\u00fcm kazand\u0131r\u0131r. \u00dcr\u00fcn bol kal\u0131ba sahiptir; manken \u00fczerindeki kadar bol duru\u015f istemeyenler bir beden k\u00fc\u00e7\u00fck tercih edebilir. 30 derecede narin y\u0131kama yap\u0131lmal\u0131d\u0131r. Kurutma yap\u0131lmaz. Boy: 74,5 cm (\u00dcr\u00fcn boyu \u00fcretimler aras\u0131 1-5 cm de\u011fi\u015febilir.) Kal\u0131p Bilgisi: G\u00f6\u011f\u00fcs \u2013 Basen \u2013 Kol Boyu \u2013 Pazu: S Beden: 110 cm \u2013 110 cm \u2013 56 cm \u2013 52 cm, M Beden: 114 cm \u2013 114 cm \u2013 57 cm \u2013 54 cm, L Beden: 118 cm \u2013 118 cm \u2013 58 cm \u2013 56 cm. Manken \u00d6l\u00e7\u00fcleri: Boy: 174 cm, G\u00f6\u011f\u00fcs: 83 cm, Bel: 60 cm, Basen: 90 cm. Mankenin \u00dczerindeki Beden: S.<\/p>\n","protected":false},"featured_media":45550,"comment_status":"open","ping_status":"closed","template":"","meta":[],"product_brand":[],"product_cat":[2044],"product_tag":[],"class_list":{"0":"post-45558","1":"product","2":"type-product","3":"status-publish","4":"has-post-thumbnail","6":"product_cat-ceketler","7":"pa_brand-he-qa","8":"pa_color-mavi","9":"pa_size-l","10":"pa_size-m","11":"pa_size-s","13":"first","14":"outofstock","15":"shipping-taxable","16":"product-type-variable"},"_links":{"self":[{"href":"https:\/\/mod.wisdar.net\/tr\/wp-json\/wp\/v2\/product\/45558","targetHints":{"allow":["GET"]}}],"collection":[{"href":"https:\/\/mod.wisdar.net\/tr\/wp-json\/wp\/v2\/product"}],"about":[{"href":"https:\/\/mod.wisdar.net\/tr\/wp-json\/wp\/v2\/types\/product"}],"replies":[{"embeddable":true,"href":"https:\/\/mod.wisdar.net\/tr\/wp-json\/wp\/v2\/comments?post=45558"}],"wp:featuredmedia":[{"embeddable":true,"href":"https:\/\/mod.wisdar.net\/tr\/wp-json\/wp\/v2\/media\/45550"}],"wp:attachment":[{"href":"https:\/\/mod.wisdar.net\/tr\/wp-json\/wp\/v2\/media?parent=45558"}],"wp:term":[{"taxonomy":"product_brand","embeddable":true,"href":"https:\/\/mod.wisdar.net\/tr\/wp-json\/wp\/v2\/product_brand?post=45558"},{"taxonomy":"product_cat","embeddable":true,"href":"https:\/\/mod.wisdar.net\/tr\/wp-json\/wp\/v2\/product_cat?post=45558"},{"taxonomy":"product_tag","embeddable":true,"href":"https:\/\/mod.wisdar.net\/tr\/wp-json\/wp\/v2\/product_tag?post=45558"}],"curies":[{"name":"wp","href":"https:\/\/api.w.org\/{rel}","templated":true}]}}