{"id":45609,"date":"2025-12-18T12:24:59","date_gmt":"2025-12-18T12:24:59","guid":{"rendered":"https:\/\/modesthanim.com\/product\/bele-oturtmali-ceket-aci-kahve\/"},"modified":"2026-04-10T06:23:10","modified_gmt":"2026-04-10T06:23:10","slug":"bele-oturtmali-ceket-aci-kahve","status":"publish","type":"product","link":"https:\/\/mod.wisdar.net\/tr\/urun\/bele-oturtmali-ceket-aci-kahve\/","title":{"rendered":"Bele Oturtmal\u0131 Ceket Ac\u0131 Kahve"},"content":{"rendered":"<p>Likral\u0131 teknik kuma\u015f ile \u00fcretilmi\u015f, bele hafif oturtmal\u0131, kruvaze detayl\u0131, s\u00fcs d\u00fc\u011fmeli ceket. \u00dcr\u00fcnde kullan\u0131lan kuma\u015f \u00f6zel olarak dokutulmu\u015f premium kalite ile haz\u0131rlanm\u0131\u015ft\u0131r. Kuma\u015f y\u00fczeyindeki hafif parlak g\u00f6r\u00fcn\u00fcm \u00fcr\u00fcndeki kalite alg\u0131s\u0131n\u0131 artt\u0131rmakta ve \u015f\u0131k davetlerinizde bile kullan\u0131labilir olma \u00f6zelli\u011fi kazand\u0131rm\u0131\u015ft\u0131r. Ceketler, \u00d6n\u00fc Yar\u0131m Nerv\u00fcrl\u00fc Pantolonlarla ve Nerv\u00fcrl\u00fc Eteklerle ayn\u0131 kuma\u015fa sahiptir. B\u00f6ylelikle ayr\u0131 ayr\u0131 sat\u0131n alabilece\u011finiz gibi tak\u0131m olarak da tercih edebilirsiniz. Kal\u0131plar\u0131 fit \u00f6l\u00e7\u00fclerde haz\u0131rlanm\u0131\u015ft\u0131r. S\u0131kl\u0131kla kulland\u0131\u011f\u0131n\u0131z bedeni tercih edebilirsiniz. \u00dcr\u00fcn \u00f6l\u00e7\u00fcleri a\u015fa\u011f\u0131da yer almaktad\u0131r. Sevdi\u011finiz bir ceketin \u00f6l\u00e7\u00fcleri ile k\u0131yaslayarak en do\u011fru bedeni se\u00e7ebilirsiniz. Boy: 70 cm (\u00dcr\u00fcn boyu \u00fcretimler aras\u0131 1-5 cm de\u011fi\u015febilir.) Kal\u0131p Bilgisi: G\u00f6\u011f\u00fcs Basen Pazu Kol Boyu 36 Beden: 86 cm 98 cm 32 cm 59 cm 38 Beden: 90 cm 102 cm 34 cm 60 cm 40 Beden: 94 cm 106 cm 36 cm 61 cm 42 Beden: 98 cm 110 cm 38 cm 62 cm Manken \u00d6l\u00e7\u00fcleri: Boy: 175 cm G\u00f6\u011f\u00fcs: 82 cm Bel: 63 cm Basen: 93 cm Mankenin \u00dczerindeki Beden: 36<\/p>\n","protected":false},"excerpt":{"rendered":"<p>Likral\u0131 teknik kuma\u015f ile \u00fcretilmi\u015f, bele hafif oturtmal\u0131, kruvaze detayl\u0131, s\u00fcs d\u00fc\u011fmeli ceket. \u00dcr\u00fcnde kullan\u0131lan kuma\u015f \u00f6zel olarak dokutulmu\u015f premium kalite ile haz\u0131rlanm\u0131\u015ft\u0131r. Kuma\u015f y\u00fczeyindeki hafif parlak g\u00f6r\u00fcn\u00fcm \u00fcr\u00fcndeki kalite alg\u0131s\u0131n\u0131 artt\u0131rmakta ve \u015f\u0131k davetlerinizde bile kullan\u0131labilir olma \u00f6zelli\u011fi kazand\u0131rm\u0131\u015ft\u0131r. Ceketler, \u00d6n\u00fc Yar\u0131m Nerv\u00fcrl\u00fc Pantolonlarla ve Nerv\u00fcrl\u00fc Eteklerle ayn\u0131 kuma\u015fa sahiptir. B\u00f6ylelikle ayr\u0131 ayr\u0131 sat\u0131n alabilece\u011finiz gibi tak\u0131m olarak da tercih edebilirsiniz. Kal\u0131plar\u0131 fit \u00f6l\u00e7\u00fclerde haz\u0131rlanm\u0131\u015ft\u0131r. S\u0131kl\u0131kla kulland\u0131\u011f\u0131n\u0131z bedeni tercih edebilirsiniz. \u00dcr\u00fcn \u00f6l\u00e7\u00fcleri a\u015fa\u011f\u0131da yer almaktad\u0131r. Sevdi\u011finiz bir ceketin \u00f6l\u00e7\u00fcleri ile k\u0131yaslayarak en do\u011fru bedeni se\u00e7ebilirsiniz. Boy: 70 cm (\u00dcr\u00fcn boyu \u00fcretimler aras\u0131 1-5 cm de\u011fi\u015febilir.) Kal\u0131p Bilgisi: G\u00f6\u011f\u00fcs Basen Pazu Kol Boyu 36 Beden: 86 cm 98 cm 32 cm 59 cm 38 Beden: 90 cm 102 cm 34 cm 60 cm 40 Beden: 94 cm 106 cm 36 cm 61 cm 42 Beden: 98 cm 110 cm 38 cm 62 cm Manken \u00d6l\u00e7\u00fcleri: Boy: 175 cm G\u00f6\u011f\u00fcs: 82 cm Bel: 63 cm Basen: 93 cm Mankenin \u00dczerindeki Beden: 36<\/p>\n","protected":false},"featured_media":45600,"comment_status":"open","ping_status":"closed","template":"","meta":[],"product_brand":[],"product_cat":[2044],"product_tag":[7250],"class_list":{"0":"post-45609","1":"product","2":"type-product","3":"status-publish","4":"has-post-thumbnail","6":"product_cat-ceketler","7":"product_tag-aci-kahve-rengi","8":"pa_brand-he-qa","9":"pa_color-aci-kahve-1","10":"pa_size-4701","11":"pa_size-4706","12":"pa_size-4711","13":"pa_size-4713","15":"first","16":"instock","17":"sale","18":"shipping-taxable","19":"purchasable","20":"product-type-variable"},"_links":{"self":[{"href":"https:\/\/mod.wisdar.net\/tr\/wp-json\/wp\/v2\/product\/45609","targetHints":{"allow":["GET"]}}],"collection":[{"href":"https:\/\/mod.wisdar.net\/tr\/wp-json\/wp\/v2\/product"}],"about":[{"href":"https:\/\/mod.wisdar.net\/tr\/wp-json\/wp\/v2\/types\/product"}],"replies":[{"embeddable":true,"href":"https:\/\/mod.wisdar.net\/tr\/wp-json\/wp\/v2\/comments?post=45609"}],"wp:featuredmedia":[{"embeddable":true,"href":"https:\/\/mod.wisdar.net\/tr\/wp-json\/wp\/v2\/media\/45600"}],"wp:attachment":[{"href":"https:\/\/mod.wisdar.net\/tr\/wp-json\/wp\/v2\/media?parent=45609"}],"wp:term":[{"taxonomy":"product_brand","embeddable":true,"href":"https:\/\/mod.wisdar.net\/tr\/wp-json\/wp\/v2\/product_brand?post=45609"},{"taxonomy":"product_cat","embeddable":true,"href":"https:\/\/mod.wisdar.net\/tr\/wp-json\/wp\/v2\/product_cat?post=45609"},{"taxonomy":"product_tag","embeddable":true,"href":"https:\/\/mod.wisdar.net\/tr\/wp-json\/wp\/v2\/product_tag?post=45609"}],"curies":[{"name":"wp","href":"https:\/\/api.w.org\/{rel}","templated":true}]}}