{"id":45670,"date":"2025-12-18T12:33:11","date_gmt":"2025-12-18T12:33:11","guid":{"rendered":"https:\/\/modesthanim.com\/product\/pile-detayli-poliviskon-ceket-kahve\/"},"modified":"2026-02-19T22:04:56","modified_gmt":"2026-02-19T22:04:56","slug":"pile-detayli-poliviskon-ceket-kahve","status":"publish","type":"product","link":"https:\/\/mod.wisdar.net\/tr\/urun\/pile-detayli-poliviskon-ceket-kahve\/","title":{"rendered":"Pile Detayl\u0131 Poliviskon Ceket Kahve"},"content":{"rendered":"<p>%65 Polyester ve %35 Viskon kar\u0131\u015f\u0131ml\u0131 Poliviskon kuma\u015ftan \u00fcretilen bu \u00f6zel tasar\u0131m ceket, hafifli\u011fi ve d\u00f6k\u00fcml\u00fc yap\u0131s\u0131yla hem konfor hem de \u015f\u0131kl\u0131k sunar. Polyester bile\u015feni dayan\u0131kl\u0131l\u0131k, k\u0131r\u0131\u015fmaya kar\u015f\u0131 diren\u00e7 ve uzun \u00f6m\u00fcrl\u00fc kullan\u0131m sa\u011flarken; viskon ise do\u011fal yumu\u015fakl\u0131k ve nefes alabilirlik katar.2025 Sonbahar\u0131nda \u00f6ne \u00e7\u0131kan pile detaylar\u0131, cekete trend bir g\u00f6r\u00fcn\u00fcm kazand\u0131rarak klasik \u00e7izgiyi modern bir yorumla bulu\u015fturur. \u00dcr\u00fcn tam kal\u0131pt\u0131r. S\u0131kl\u0131kla kulland\u0131\u011f\u0131n\u0131z bedeni tercih edebilirsiniz.Boy: 54 cm (\u00dcr\u00fcn boyu \u00fcretimler aras\u0131 1-5 cm de\u011fi\u015febilir.)Kal\u0131p Bilgisi:G\u00f6\u011f\u00fcsBasenKol Boyu PazuS-M Beden: 122 cm 116 cm 59 cm 42 cm M-L Beden:126 cm 120 cm 60 cm 44 cm Manken \u00d6l\u00e7\u00fcleri:Boy: 176 cm G\u00f6\u011f\u00fcs: 84 cm Bel: 62 cm Basen: 88 cm Mankenin \u00dczerindeki Beden: S-M<\/p>\n","protected":false},"excerpt":{"rendered":"<p>%65 Polyester ve %35 Viskon kar\u0131\u015f\u0131ml\u0131 Poliviskon kuma\u015ftan \u00fcretilen bu \u00f6zel tasar\u0131m ceket, hafifli\u011fi ve d\u00f6k\u00fcml\u00fc yap\u0131s\u0131yla hem konfor hem de \u015f\u0131kl\u0131k sunar. Polyester bile\u015feni dayan\u0131kl\u0131l\u0131k, k\u0131r\u0131\u015fmaya kar\u015f\u0131 diren\u00e7 ve uzun \u00f6m\u00fcrl\u00fc kullan\u0131m sa\u011flarken; viskon ise do\u011fal yumu\u015fakl\u0131k ve nefes alabilirlik katar.2025 Sonbahar\u0131nda \u00f6ne \u00e7\u0131kan pile detaylar\u0131, cekete trend bir g\u00f6r\u00fcn\u00fcm kazand\u0131rarak klasik \u00e7izgiyi modern bir yorumla bulu\u015fturur. \u00dcr\u00fcn tam kal\u0131pt\u0131r. S\u0131kl\u0131kla kulland\u0131\u011f\u0131n\u0131z bedeni tercih edebilirsiniz.Boy: 54 cm (\u00dcr\u00fcn boyu \u00fcretimler aras\u0131 1-5 cm de\u011fi\u015febilir.)Kal\u0131p Bilgisi:G\u00f6\u011f\u00fcsBasenKol Boyu PazuS-M Beden: 122 cm 116 cm 59 cm 42 cm M-L Beden:126 cm 120 cm 60 cm 44 cm Manken \u00d6l\u00e7\u00fcleri:Boy: 176 cm G\u00f6\u011f\u00fcs: 84 cm Bel: 62 cm Basen: 88 cm Mankenin \u00dczerindeki Beden: S-M<\/p>\n","protected":false},"featured_media":45654,"comment_status":"open","ping_status":"closed","template":"","meta":[],"product_brand":[],"product_cat":[2044],"product_tag":[4908,6766,6747,8014,8105],"class_list":{"0":"post-45670","1":"product","2":"type-product","3":"status-publish","4":"has-post-thumbnail","6":"product_cat-ceketler","7":"product_tag-brown","8":"product_tag-hafif","9":"product_tag-pile-detayli","10":"product_tag-poliviskoz","11":"product_tag-trend","12":"pa_brand-he-qa","13":"pa_color-kahve","14":"pa_size-m-l-2","15":"pa_size-s-m-2","17":"first","18":"outofstock","19":"shipping-taxable","20":"product-type-variable"},"_links":{"self":[{"href":"https:\/\/mod.wisdar.net\/tr\/wp-json\/wp\/v2\/product\/45670","targetHints":{"allow":["GET"]}}],"collection":[{"href":"https:\/\/mod.wisdar.net\/tr\/wp-json\/wp\/v2\/product"}],"about":[{"href":"https:\/\/mod.wisdar.net\/tr\/wp-json\/wp\/v2\/types\/product"}],"replies":[{"embeddable":true,"href":"https:\/\/mod.wisdar.net\/tr\/wp-json\/wp\/v2\/comments?post=45670"}],"wp:featuredmedia":[{"embeddable":true,"href":"https:\/\/mod.wisdar.net\/tr\/wp-json\/wp\/v2\/media\/45654"}],"wp:attachment":[{"href":"https:\/\/mod.wisdar.net\/tr\/wp-json\/wp\/v2\/media?parent=45670"}],"wp:term":[{"taxonomy":"product_brand","embeddable":true,"href":"https:\/\/mod.wisdar.net\/tr\/wp-json\/wp\/v2\/product_brand?post=45670"},{"taxonomy":"product_cat","embeddable":true,"href":"https:\/\/mod.wisdar.net\/tr\/wp-json\/wp\/v2\/product_cat?post=45670"},{"taxonomy":"product_tag","embeddable":true,"href":"https:\/\/mod.wisdar.net\/tr\/wp-json\/wp\/v2\/product_tag?post=45670"}],"curies":[{"name":"wp","href":"https:\/\/api.w.org\/{rel}","templated":true}]}}