{"id":45714,"date":"2025-12-18T12:35:29","date_gmt":"2025-12-18T12:35:29","guid":{"rendered":"https:\/\/modesthanim.com\/product\/desenli-kapitone-ceket-karanfil-desen\/"},"modified":"2026-04-03T06:20:51","modified_gmt":"2026-04-03T06:20:51","slug":"desenli-kapitone-ceket-karanfil-desen","status":"publish","type":"product","link":"https:\/\/mod.wisdar.net\/tr\/urun\/desenli-kapitone-ceket-karanfil-desen\/","title":{"rendered":"Desenli Kapitone Ceket Karanfil Desen"},"content":{"rendered":"<p>%100 pamuk kuma\u015ftan \u00fcretilen bu ceket, ince mikro elyafla kapitone yap\u0131larak mevsim ge\u00e7i\u015fleri i\u00e7in ideal bir yap\u0131 sunar. \u0130\u00e7 astar\u0131 da y\u00fczde y\u00fcz pamuk vual ile \u00fcretilmi\u015ftir. Ceketin d\u0131\u015f deseniyle, astar deseni ayn\u0131 renklerde fakat farkl\u0131 \u00e7izgilerdedir. Bu da modele ekstra cool bir g\u00f6r\u00fcn\u00fcm kazand\u0131r\u0131r. Bak\u0131m \u00f6nerisi: 30 derecede tek ba\u015f\u0131na narin y\u0131kama yap\u0131n\u0131z. A\u011fart\u0131c\u0131 kullanmay\u0131n\u0131z. D\u00fc\u015f\u00fck \u0131s\u0131da \u00fct\u00fcleyiniz. Boy: 80 cm (\u00dcr\u00fcn boyu \u00fcretimler aras\u0131 1-5 cm de\u011fi\u015febilir.) Kal\u0131p Bilgisi: G\u00f6\u011f\u00fcs\/Basen\/Pazu\/Kol Boyu: S Beden: 116 cm\/122 cm\/44 cm\/58 cm, M Beden: 120 cm\/126 cm\/46 cm\/59 cm, L Beden: 124 cm\/130 cm\/48 cm\/60 cm. Manken \u00d6l\u00e7\u00fcleri: Boy: 175 cm, G\u00f6\u011f\u00fcs: 81 cm, Bel: 60 cm, Basen: 89 cm. Mankenin \u00dczerindeki Beden: S<\/p>\n","protected":false},"excerpt":{"rendered":"<p>%100 pamuk kuma\u015ftan \u00fcretilen bu ceket, ince mikro elyafla kapitone yap\u0131larak mevsim ge\u00e7i\u015fleri i\u00e7in ideal bir yap\u0131 sunar. \u0130\u00e7 astar\u0131 da y\u00fczde y\u00fcz pamuk vual ile \u00fcretilmi\u015ftir. Ceketin d\u0131\u015f deseniyle, astar deseni ayn\u0131 renklerde fakat farkl\u0131 \u00e7izgilerdedir. Bu da modele ekstra cool bir g\u00f6r\u00fcn\u00fcm kazand\u0131r\u0131r. Bak\u0131m \u00f6nerisi: 30 derecede tek ba\u015f\u0131na narin y\u0131kama yap\u0131n\u0131z. A\u011fart\u0131c\u0131 kullanmay\u0131n\u0131z. D\u00fc\u015f\u00fck \u0131s\u0131da \u00fct\u00fcleyiniz. Boy: 80 cm (\u00dcr\u00fcn boyu \u00fcretimler aras\u0131 1-5 cm de\u011fi\u015febilir.) Kal\u0131p Bilgisi: G\u00f6\u011f\u00fcs\/Basen\/Pazu\/Kol Boyu: S Beden: 116 cm\/122 cm\/44 cm\/58 cm, M Beden: 120 cm\/126 cm\/46 cm\/59 cm, L Beden: 124 cm\/130 cm\/48 cm\/60 cm. Manken \u00d6l\u00e7\u00fcleri: Boy: 175 cm, G\u00f6\u011f\u00fcs: 81 cm, Bel: 60 cm, Basen: 89 cm. Mankenin \u00dczerindeki Beden: S<\/p>\n","protected":false},"featured_media":45705,"comment_status":"open","ping_status":"closed","template":"","meta":[],"product_brand":[],"product_cat":[2044],"product_tag":[],"class_list":{"0":"post-45714","1":"product","2":"type-product","3":"status-publish","4":"has-post-thumbnail","6":"product_cat-ceketler","7":"pa_brand-he-qa","8":"pa_color-karanfil","9":"pa_size-l","10":"pa_size-m","11":"pa_size-s","13":"first","14":"outofstock","15":"shipping-taxable","16":"product-type-variable"},"_links":{"self":[{"href":"https:\/\/mod.wisdar.net\/tr\/wp-json\/wp\/v2\/product\/45714","targetHints":{"allow":["GET"]}}],"collection":[{"href":"https:\/\/mod.wisdar.net\/tr\/wp-json\/wp\/v2\/product"}],"about":[{"href":"https:\/\/mod.wisdar.net\/tr\/wp-json\/wp\/v2\/types\/product"}],"replies":[{"embeddable":true,"href":"https:\/\/mod.wisdar.net\/tr\/wp-json\/wp\/v2\/comments?post=45714"}],"wp:featuredmedia":[{"embeddable":true,"href":"https:\/\/mod.wisdar.net\/tr\/wp-json\/wp\/v2\/media\/45705"}],"wp:attachment":[{"href":"https:\/\/mod.wisdar.net\/tr\/wp-json\/wp\/v2\/media?parent=45714"}],"wp:term":[{"taxonomy":"product_brand","embeddable":true,"href":"https:\/\/mod.wisdar.net\/tr\/wp-json\/wp\/v2\/product_brand?post=45714"},{"taxonomy":"product_cat","embeddable":true,"href":"https:\/\/mod.wisdar.net\/tr\/wp-json\/wp\/v2\/product_cat?post=45714"},{"taxonomy":"product_tag","embeddable":true,"href":"https:\/\/mod.wisdar.net\/tr\/wp-json\/wp\/v2\/product_tag?post=45714"}],"curies":[{"name":"wp","href":"https:\/\/api.w.org\/{rel}","templated":true}]}}