{"id":45742,"date":"2025-12-18T12:36:06","date_gmt":"2025-12-18T12:36:06","guid":{"rendered":"https:\/\/modesthanim.com\/product\/kisa-suet-ceket-aci-kahve\/"},"modified":"2026-04-02T20:31:44","modified_gmt":"2026-04-02T20:31:44","slug":"kisa-suet-ceket-aci-kahve","status":"publish","type":"product","link":"https:\/\/mod.wisdar.net\/tr\/urun\/kisa-suet-ceket-aci-kahve\/","title":{"rendered":"K\u0131sa S\u00fcet Ceket Ac\u0131 Kahve"},"content":{"rendered":"<p>%100 Polyester S\u00fcet Kuma\u015f K\u0131sa CeketYumu\u015fak dokulu ve dayan\u0131kl\u0131 %100 s\u00fcet kuma\u015ftan \u00fcretilen bu k\u0131sa ceket, modern tasar\u0131m\u0131yla \u00f6ne \u00e7\u0131kar. Cep detaylar\u0131 ve nikel fermuar\u0131 ile \u015f\u0131k ve fonksiyonel bir g\u00f6r\u00fcn\u00fcm sunar. G\u00fcnl\u00fck kombinlere kolayca uyum sa\u011flayan bu model, zarif siluetiyle stilinizi tamamlar. \u00dcr\u00fcn Bol oldugu i\u00e7in tam oturmas\u0131n\u0131 isterseniz bir beden k\u00fc\u00e7\u00fck tercih edebilirsinizBak\u0131m \u00d6nerisi: Sadece kuru temizleme yap\u0131lmal\u0131d\u0131r.Boy: 53 cm (\u00dcr\u00fcn boyu \u00fcretimler aras\u0131 1-5 cm de\u011fi\u015febilir.)Kal\u0131p Bilgisi:G\u00f6\u011f\u00fcsBasenKol BoyuPazu 36 Beden:116 cm 112 cm 54 cm 48 cm 38 Beden: 120 cm 116 cm 55 cm 50 cm 40 Beden: 124 cm 120 cm 56 cm 52 cm 42 Beden: 128 cm124 cm 57 cm 54 cm Manken \u00d6l\u00e7\u00fcleri:Boy: 174 cmG\u00f6\u011f\u00fcs: 83 cmBel: 60 cmBasen: 90 cmMankenin \u00dczerindeki Beden: 36<\/p>\n","protected":false},"excerpt":{"rendered":"<p>%100 Polyester S\u00fcet Kuma\u015f K\u0131sa CeketYumu\u015fak dokulu ve dayan\u0131kl\u0131 %100 s\u00fcet kuma\u015ftan \u00fcretilen bu k\u0131sa ceket, modern tasar\u0131m\u0131yla \u00f6ne \u00e7\u0131kar. Cep detaylar\u0131 ve nikel fermuar\u0131 ile \u015f\u0131k ve fonksiyonel bir g\u00f6r\u00fcn\u00fcm sunar. G\u00fcnl\u00fck kombinlere kolayca uyum sa\u011flayan bu model, zarif siluetiyle stilinizi tamamlar. \u00dcr\u00fcn Bol oldugu i\u00e7in tam oturmas\u0131n\u0131 isterseniz bir beden k\u00fc\u00e7\u00fck tercih edebilirsinizBak\u0131m \u00d6nerisi: Sadece kuru temizleme yap\u0131lmal\u0131d\u0131r.Boy: 53 cm (\u00dcr\u00fcn boyu \u00fcretimler aras\u0131 1-5 cm de\u011fi\u015febilir.)Kal\u0131p Bilgisi:G\u00f6\u011f\u00fcsBasenKol BoyuPazu 36 Beden:116 cm 112 cm 54 cm 48 cm 38 Beden: 120 cm 116 cm 55 cm 50 cm 40 Beden: 124 cm 120 cm 56 cm 52 cm 42 Beden: 128 cm124 cm 57 cm 54 cm Manken \u00d6l\u00e7\u00fcleri:Boy: 174 cmG\u00f6\u011f\u00fcs: 83 cmBel: 60 cmBasen: 90 cmMankenin \u00dczerindeki Beden: 36<\/p>\n","protected":false},"featured_media":45736,"comment_status":"open","ping_status":"closed","template":"","meta":[],"product_brand":[],"product_cat":[2044],"product_tag":[7354,7960,7096,7021,5001],"class_list":{"0":"post-45742","1":"product","2":"type-product","3":"status-publish","4":"has-post-thumbnail","6":"product_cat-ceketler","7":"product_tag-gunluk-giyim-2","8":"product_tag-kadin-dis-giyim","9":"product_tag-modern-tasarim","10":"product_tag-polyester","11":"product_tag-short-jacket","12":"pa_brand-he-qa","13":"pa_color-aci-kahve-1","14":"pa_size-4701","15":"pa_size-4706","16":"pa_size-4711","17":"pa_size-4713","19":"first","20":"outofstock","21":"shipping-taxable","22":"product-type-variable"},"_links":{"self":[{"href":"https:\/\/mod.wisdar.net\/tr\/wp-json\/wp\/v2\/product\/45742","targetHints":{"allow":["GET"]}}],"collection":[{"href":"https:\/\/mod.wisdar.net\/tr\/wp-json\/wp\/v2\/product"}],"about":[{"href":"https:\/\/mod.wisdar.net\/tr\/wp-json\/wp\/v2\/types\/product"}],"replies":[{"embeddable":true,"href":"https:\/\/mod.wisdar.net\/tr\/wp-json\/wp\/v2\/comments?post=45742"}],"wp:featuredmedia":[{"embeddable":true,"href":"https:\/\/mod.wisdar.net\/tr\/wp-json\/wp\/v2\/media\/45736"}],"wp:attachment":[{"href":"https:\/\/mod.wisdar.net\/tr\/wp-json\/wp\/v2\/media?parent=45742"}],"wp:term":[{"taxonomy":"product_brand","embeddable":true,"href":"https:\/\/mod.wisdar.net\/tr\/wp-json\/wp\/v2\/product_brand?post=45742"},{"taxonomy":"product_cat","embeddable":true,"href":"https:\/\/mod.wisdar.net\/tr\/wp-json\/wp\/v2\/product_cat?post=45742"},{"taxonomy":"product_tag","embeddable":true,"href":"https:\/\/mod.wisdar.net\/tr\/wp-json\/wp\/v2\/product_tag?post=45742"}],"curies":[{"name":"wp","href":"https:\/\/api.w.org\/{rel}","templated":true}]}}