{"id":45850,"date":"2025-12-18T12:42:52","date_gmt":"2025-12-18T12:42:52","guid":{"rendered":"https:\/\/modesthanim.com\/product\/kapsonlu-ceket-pantolon-lacivert-denim-takim\/"},"modified":"2026-03-18T21:43:30","modified_gmt":"2026-03-18T21:43:30","slug":"kapsonlu-ceket-pantolon-lacivert-denim-takim","status":"publish","type":"product","link":"https:\/\/mod.wisdar.net\/tr\/urun\/kapsonlu-ceket-pantolon-lacivert-denim-takim\/","title":{"rendered":"Kap\u015fonlu Ceket Pantolon Lacivert Denim Tak\u0131m"},"content":{"rendered":"<p>\u00dcr\u00fcn \u0130\u00e7eri\u011fi : DEN\u0130M<\/p>\n<p>Konsept \u00e7ekimlerinde renkler \u0131\u015f\u0131k farkl\u0131l\u0131\u011f\u0131ndan dolay\u0131 baz\u0131 \u00fcr\u00fcnlerde de\u011fi\u015fiklik g\u00f6sterebilir.<\/p>\n<p>Model \u00d6l\u00e7\u00fcleri : Boy :170cm<\/p>\n<p>\u00dcr\u00fcn Boyu : \u00fcst:70cm alt:100cm<\/p>\n<p>Numune Bedeni : STANDART BEDEN<\/p>\n<p>Y\u0131kama: Il\u0131k (40C veya 105F) Y\u0131kama yap\u0131labilir,<\/p>\n<p>Kurutma Makinesinde , Normal Kurutma yap\u0131labilir,<\/p>\n<p>D\u00fc\u015f\u00fck Is\u0131da Buhar Veya Kurutarak \u00dct\u00fcleme yap\u0131labilir,<\/p>\n<p>Kuru Temizlemeye verilebilir<\/p>\n","protected":false},"excerpt":{"rendered":"<p>\u00dcr\u00fcn \u0130\u00e7eri\u011fi : DEN\u0130M<\/p>\n<p>Konsept \u00e7ekimlerinde renkler \u0131\u015f\u0131k farkl\u0131l\u0131\u011f\u0131ndan dolay\u0131 baz\u0131 \u00fcr\u00fcnlerde de\u011fi\u015fiklik g\u00f6sterebilir.<\/p>\n<p>Model \u00d6l\u00e7\u00fcleri : Boy :170cm<\/p>\n<p>\u00dcr\u00fcn Boyu : \u00fcst:70cm alt:100cm<\/p>\n<p>Numune Bedeni : STANDART BEDEN<\/p>\n<p>Y\u0131kama: Il\u0131k (40C veya 105F) Y\u0131kama yap\u0131labilir,<\/p>\n<p>Kurutma Makinesinde , Normal Kurutma yap\u0131labilir,<\/p>\n<p>D\u00fc\u015f\u00fck Is\u0131da Buhar Veya Kurutarak \u00dct\u00fcleme yap\u0131labilir,<\/p>\n<p>Kuru Temizlemeye verilebilir<\/p>\n","protected":false},"featured_media":45844,"comment_status":"open","ping_status":"closed","template":"","meta":[],"product_brand":[],"product_cat":[1900],"product_tag":[4905,7844,7985,8375],"class_list":{"0":"post-45850","1":"product","2":"type-product","3":"status-publish","4":"has-post-thumbnail","6":"product_cat-koordinatlar-setler","7":"product_tag-blue","8":"product_tag-denim","9":"product_tag-kapusonlu-mont","10":"product_tag-pantolon-takimi","11":"pa_brand-meri-store","12":"pa_color-lacivert","13":"pa_size-36-38","14":"pa_size-40-42","16":"first","17":"outofstock","18":"shipping-taxable","19":"product-type-variable"},"_links":{"self":[{"href":"https:\/\/mod.wisdar.net\/tr\/wp-json\/wp\/v2\/product\/45850","targetHints":{"allow":["GET"]}}],"collection":[{"href":"https:\/\/mod.wisdar.net\/tr\/wp-json\/wp\/v2\/product"}],"about":[{"href":"https:\/\/mod.wisdar.net\/tr\/wp-json\/wp\/v2\/types\/product"}],"replies":[{"embeddable":true,"href":"https:\/\/mod.wisdar.net\/tr\/wp-json\/wp\/v2\/comments?post=45850"}],"wp:featuredmedia":[{"embeddable":true,"href":"https:\/\/mod.wisdar.net\/tr\/wp-json\/wp\/v2\/media\/45844"}],"wp:attachment":[{"href":"https:\/\/mod.wisdar.net\/tr\/wp-json\/wp\/v2\/media?parent=45850"}],"wp:term":[{"taxonomy":"product_brand","embeddable":true,"href":"https:\/\/mod.wisdar.net\/tr\/wp-json\/wp\/v2\/product_brand?post=45850"},{"taxonomy":"product_cat","embeddable":true,"href":"https:\/\/mod.wisdar.net\/tr\/wp-json\/wp\/v2\/product_cat?post=45850"},{"taxonomy":"product_tag","embeddable":true,"href":"https:\/\/mod.wisdar.net\/tr\/wp-json\/wp\/v2\/product_tag?post=45850"}],"curies":[{"name":"wp","href":"https:\/\/api.w.org\/{rel}","templated":true}]}}