{"id":46105,"date":"2025-12-18T12:55:41","date_gmt":"2025-12-18T12:55:41","guid":{"rendered":"https:\/\/modesthanim.com\/product\/desenli-yastikli-ceket-amber\/"},"modified":"2026-03-23T08:05:41","modified_gmt":"2026-03-23T08:05:41","slug":"desenli-yastikli-ceket-amber","status":"publish","type":"product","link":"https:\/\/mod.wisdar.net\/tr\/urun\/desenli-yastikli-ceket-amber\/","title":{"rendered":"Desenli Yast\u0131kl\u0131 Ceket Amber"},"content":{"rendered":"<p>%100 pamuk kuma\u015ftan \u00fcretilen bu ceket, ince mikro fiber dolgulu yast\u0131klama detaylar\u0131na sahiptir ve ge\u00e7i\u015f mevsimleri i\u00e7in idealdir. \u0130\u00e7 astar\u0131 da %100 pamuk volandan yap\u0131lm\u0131\u015ft\u0131r. D\u0131\u015f ve i\u00e7 desenler ayn\u0131 renk paletini payla\u015f\u0131r ancak farkl\u0131 \u00e7izgi tasar\u0131mlar\u0131na sahiptir, bu da stile ekstra haval\u0131 ve ay\u0131rt edici bir dokunu\u015f katar.<br \/>\nBak\u0131m Talimatlar\u0131: 30\u00b0C&#8217;de ayr\u0131 olarak hassas y\u0131kay\u0131n. A\u011fart\u0131c\u0131 kullanmay\u0131n. D\u00fc\u015f\u00fck s\u0131cakl\u0131kta \u00fct\u00fcleyin.<br \/>\nUzunluk: 80 cm (\u00dcr\u00fcn uzunlu\u011fu \u00fcretim partileri aras\u0131nda 1-5 cm farkl\u0131l\u0131k g\u00f6sterebilir.)<\/p>\n<p>Beden Tablosu:<br \/>\nG\u00f6\u011f\u00fcs Kal\u00e7a Kol Geni\u015fli\u011fi Kol Uzunlu\u011fu<br \/>\nS Beden: 116 cm 122 cm 44 cm 58 cm<br \/>\nM Beden: 120 cm 126 cm 46 cm 59 cm<br \/>\nL Beden: 124 cm 130 cm 48 cm 60 cm<\/p>\n<p>Modelin \u00d6l\u00e7\u00fcleri: Boy: 175 cm G\u00f6\u011f\u00fcs: 81 cm Bel: 60 cm Kal\u00e7a: 89 cm Modelin Giyindi\u011fi Beden: S<\/p>\n","protected":false},"excerpt":{"rendered":"<p>%100 pamuk kuma\u015ftan \u00fcretilen bu ceket, ince mikro fiber dolgulu yast\u0131klama detaylar\u0131na sahiptir ve ge\u00e7i\u015f mevsimleri i\u00e7in idealdir. \u0130\u00e7 astar\u0131 da %100 pamuk volandan yap\u0131lm\u0131\u015ft\u0131r. D\u0131\u015f ve i\u00e7 desenler ayn\u0131 renk paletini payla\u015f\u0131r ancak farkl\u0131 \u00e7izgi tasar\u0131mlar\u0131na sahiptir, bu da stile ekstra haval\u0131 ve ay\u0131rt edici bir dokunu\u015f katar.<br \/>\nBak\u0131m Talimatlar\u0131: 30\u00b0C&#8217;de ayr\u0131 olarak hassas y\u0131kay\u0131n. A\u011fart\u0131c\u0131 kullanmay\u0131n. D\u00fc\u015f\u00fck s\u0131cakl\u0131kta \u00fct\u00fcleyin.<br \/>\nUzunluk: 80 cm (\u00dcr\u00fcn uzunlu\u011fu \u00fcretim partileri aras\u0131nda 1-5 cm farkl\u0131l\u0131k g\u00f6sterebilir.)<\/p>\n<p>Beden Tablosu:<br \/>\nG\u00f6\u011f\u00fcs Kal\u00e7a Kol Geni\u015fli\u011fi Kol Uzunlu\u011fu<br \/>\nS Beden: 116 cm 122 cm 44 cm 58 cm<br \/>\nM Beden: 120 cm 126 cm 46 cm 59 cm<br \/>\nL Beden: 124 cm 130 cm 48 cm 60 cm<\/p>\n<p>Modelin \u00d6l\u00e7\u00fcleri: Boy: 175 cm G\u00f6\u011f\u00fcs: 81 cm Bel: 60 cm Kal\u00e7a: 89 cm Modelin Giyindi\u011fi Beden: S<\/p>\n","protected":false},"featured_media":46100,"comment_status":"open","ping_status":"closed","template":"","meta":[],"product_brand":[],"product_cat":[2044],"product_tag":[],"class_list":{"0":"post-46105","1":"product","2":"type-product","3":"status-publish","4":"has-post-thumbnail","6":"product_cat-ceketler","7":"pa_brand-he-qa","8":"pa_color-amber-gold","9":"pa_size-l","10":"pa_size-m","11":"pa_size-s","13":"first","14":"outofstock","15":"shipping-taxable","16":"product-type-variable"},"_links":{"self":[{"href":"https:\/\/mod.wisdar.net\/tr\/wp-json\/wp\/v2\/product\/46105","targetHints":{"allow":["GET"]}}],"collection":[{"href":"https:\/\/mod.wisdar.net\/tr\/wp-json\/wp\/v2\/product"}],"about":[{"href":"https:\/\/mod.wisdar.net\/tr\/wp-json\/wp\/v2\/types\/product"}],"replies":[{"embeddable":true,"href":"https:\/\/mod.wisdar.net\/tr\/wp-json\/wp\/v2\/comments?post=46105"}],"wp:featuredmedia":[{"embeddable":true,"href":"https:\/\/mod.wisdar.net\/tr\/wp-json\/wp\/v2\/media\/46100"}],"wp:attachment":[{"href":"https:\/\/mod.wisdar.net\/tr\/wp-json\/wp\/v2\/media?parent=46105"}],"wp:term":[{"taxonomy":"product_brand","embeddable":true,"href":"https:\/\/mod.wisdar.net\/tr\/wp-json\/wp\/v2\/product_brand?post=46105"},{"taxonomy":"product_cat","embeddable":true,"href":"https:\/\/mod.wisdar.net\/tr\/wp-json\/wp\/v2\/product_cat?post=46105"},{"taxonomy":"product_tag","embeddable":true,"href":"https:\/\/mod.wisdar.net\/tr\/wp-json\/wp\/v2\/product_tag?post=46105"}],"curies":[{"name":"wp","href":"https:\/\/api.w.org\/{rel}","templated":true}]}}