{"id":46252,"date":"2025-12-18T13:01:54","date_gmt":"2025-12-18T13:01:54","guid":{"rendered":"https:\/\/modesthanim.com\/product\/kontur-dikisli-krem-rengi-esofman-takimi\/"},"modified":"2026-04-10T06:32:20","modified_gmt":"2026-04-10T06:32:20","slug":"kontur-dikisli-krem-rengi-esofman-takimi","status":"publish","type":"product","link":"https:\/\/mod.wisdar.net\/tr\/urun\/kontur-dikisli-krem-rengi-esofman-takimi\/","title":{"rendered":"Kontur Diki\u015fli Krem Rengi E\u015fofman Tak\u0131m\u0131"},"content":{"rendered":"<p>Modal kuma\u015ftan \u00fcretilen kontur diki\u015fli e\u015fofman tak\u0131m\u0131, hem \u015f\u0131kl\u0131k hem de konfor sunar. Kontrast diki\u015fler tasar\u0131m\u0131 vurgulayarak klasik bir e\u015fofman tak\u0131m\u0131na modern bir dokunu\u015f katar. Modal bile\u015feni yumu\u015fak ve ak\u0131c\u0131 bir doku sa\u011flarken, elastan esneklik katar. Kesim bol; modelden daha az bol bir g\u00f6r\u00fcn\u00fcm tercih ederseniz bir beden k\u00fc\u00e7\u00fck se\u00e7menizi \u00f6neririz. Bak\u0131m talimatlar\u0131: 30\u00b0C&#8217;de hassas y\u0131kama. Kurutma makinesinde kurutmay\u0131n\u0131z. \u00dcst \u00d6l\u00e7\u00fcler: Uzunluk: 74 cm (\u00dcr\u00fcn uzunlu\u011fu \u00fcretim partileri aras\u0131nda 1-5 cm farkl\u0131l\u0131k g\u00f6sterebilir.) Beden Tablosu: G\u00f6\u011f\u00fcs Kal\u00e7a Kol Biceps Beden S-M: 126 cm 120 cm 48 cm 40 cm Beden M-L: 130 cm 124 cm 49 cm 42 cm Alt \u00d6l\u00e7\u00fcler: Uzunluk: 109 cm (\u00dcr\u00fcn uzunlu\u011fu \u00fcretim partileri aras\u0131nda 1-3 cm farkl\u0131l\u0131k g\u00f6sterebilir.) Beden Tablosu: Bel Kal\u00e7a Beden S-M: 60 cm 115 cm Beden M-L: 64 cm 119 cm Modelin \u00d6l\u00e7\u00fcleri: Boy: 176 cm G\u00f6\u011f\u00fcs: 84 cm Bel: 62 cm Kal\u00e7a: 88 cm Modelin Giyimi: S-M<\/p>\n","protected":false},"excerpt":{"rendered":"<p>Modal kuma\u015ftan \u00fcretilen kontur diki\u015fli e\u015fofman tak\u0131m\u0131, hem \u015f\u0131kl\u0131k hem de konfor sunar. Kontrast diki\u015fler tasar\u0131m\u0131 vurgulayarak klasik bir e\u015fofman tak\u0131m\u0131na modern bir dokunu\u015f katar. Modal bile\u015feni yumu\u015fak ve ak\u0131c\u0131 bir doku sa\u011flarken, elastan esneklik katar. Kesim bol; modelden daha az bol bir g\u00f6r\u00fcn\u00fcm tercih ederseniz bir beden k\u00fc\u00e7\u00fck se\u00e7menizi \u00f6neririz. Bak\u0131m talimatlar\u0131: 30\u00b0C&#8217;de hassas y\u0131kama. Kurutma makinesinde kurutmay\u0131n\u0131z. \u00dcst \u00d6l\u00e7\u00fcler: Uzunluk: 74 cm (\u00dcr\u00fcn uzunlu\u011fu \u00fcretim partileri aras\u0131nda 1-5 cm farkl\u0131l\u0131k g\u00f6sterebilir.) Beden Tablosu: G\u00f6\u011f\u00fcs Kal\u00e7a Kol Biceps Beden S-M: 126 cm 120 cm 48 cm 40 cm Beden M-L: 130 cm 124 cm 49 cm 42 cm Alt \u00d6l\u00e7\u00fcler: Uzunluk: 109 cm (\u00dcr\u00fcn uzunlu\u011fu \u00fcretim partileri aras\u0131nda 1-3 cm farkl\u0131l\u0131k g\u00f6sterebilir.) Beden Tablosu: Bel Kal\u00e7a Beden S-M: 60 cm 115 cm Beden M-L: 64 cm 119 cm Modelin \u00d6l\u00e7\u00fcleri: Boy: 176 cm G\u00f6\u011f\u00fcs: 84 cm Bel: 62 cm Kal\u00e7a: 88 cm Modelin Giyimi: S-M<\/p>\n","protected":false},"featured_media":46247,"comment_status":"open","ping_status":"closed","template":"","meta":[],"product_brand":[],"product_cat":[1900],"product_tag":[],"class_list":{"0":"post-46252","1":"product","2":"type-product","3":"status-publish","4":"has-post-thumbnail","6":"product_cat-koordinatlar-setler","7":"pa_brand-he-qa","8":"pa_color-ekru","9":"pa_size-m-l-2","10":"pa_size-s-m-2","12":"first","13":"outofstock","14":"shipping-taxable","15":"product-type-variable"},"_links":{"self":[{"href":"https:\/\/mod.wisdar.net\/tr\/wp-json\/wp\/v2\/product\/46252","targetHints":{"allow":["GET"]}}],"collection":[{"href":"https:\/\/mod.wisdar.net\/tr\/wp-json\/wp\/v2\/product"}],"about":[{"href":"https:\/\/mod.wisdar.net\/tr\/wp-json\/wp\/v2\/types\/product"}],"replies":[{"embeddable":true,"href":"https:\/\/mod.wisdar.net\/tr\/wp-json\/wp\/v2\/comments?post=46252"}],"wp:featuredmedia":[{"embeddable":true,"href":"https:\/\/mod.wisdar.net\/tr\/wp-json\/wp\/v2\/media\/46247"}],"wp:attachment":[{"href":"https:\/\/mod.wisdar.net\/tr\/wp-json\/wp\/v2\/media?parent=46252"}],"wp:term":[{"taxonomy":"product_brand","embeddable":true,"href":"https:\/\/mod.wisdar.net\/tr\/wp-json\/wp\/v2\/product_brand?post=46252"},{"taxonomy":"product_cat","embeddable":true,"href":"https:\/\/mod.wisdar.net\/tr\/wp-json\/wp\/v2\/product_cat?post=46252"},{"taxonomy":"product_tag","embeddable":true,"href":"https:\/\/mod.wisdar.net\/tr\/wp-json\/wp\/v2\/product_tag?post=46252"}],"curies":[{"name":"wp","href":"https:\/\/api.w.org\/{rel}","templated":true}]}}