{"id":46666,"date":"2025-12-18T14:34:15","date_gmt":"2025-12-18T14:34:15","guid":{"rendered":"https:\/\/modesthanim.com\/product\/ceket-etek-koyu-lacivert-denim-takim\/"},"modified":"2026-03-18T21:37:33","modified_gmt":"2026-03-18T21:37:33","slug":"ceket-etek-koyu-lacivert-denim-takim","status":"publish","type":"product","link":"https:\/\/mod.wisdar.net\/tr\/urun\/ceket-etek-koyu-lacivert-denim-takim\/","title":{"rendered":"Ceket Etek Koyu Lacivert Denim Tak\u0131m"},"content":{"rendered":"<p>\u00dcr\u00fcn \u0130\u00e7eri\u011fi : DEN\u0130M<\/p>\n<p>Konsept \u00e7ekimlerinde renkler \u0131\u015f\u0131k farkl\u0131l\u0131\u011f\u0131ndan dolay\u0131 baz\u0131 \u00fcr\u00fcnlerde de\u011fi\u015fiklik g\u00f6sterebilir.<\/p>\n<p>Model \u00d6l\u00e7\u00fcleri : Boy :170cm<\/p>\n<p>\u00dcr\u00fcn Boyu : \u00fcst:60cm alt:95cm<\/p>\n<p>Numune Bedeni : 36\/S\/1<\/p>\n<p>Y\u0131kama: Il\u0131k (40C veya 105F) Y\u0131kama yap\u0131labilir,<\/p>\n<p>Kurutma Makinesinde , Normal Kurutma yap\u0131labilir,<\/p>\n<p>D\u00fc\u015f\u00fck Is\u0131da Buhar Veya Kurutarak \u00dct\u00fcleme yap\u0131labilir,<\/p>\n<p>Kuru Temizlemeye verilebilir<\/p>\n","protected":false},"excerpt":{"rendered":"<p>\u00dcr\u00fcn \u0130\u00e7eri\u011fi : DEN\u0130M<\/p>\n<p>Konsept \u00e7ekimlerinde renkler \u0131\u015f\u0131k farkl\u0131l\u0131\u011f\u0131ndan dolay\u0131 baz\u0131 \u00fcr\u00fcnlerde de\u011fi\u015fiklik g\u00f6sterebilir.<\/p>\n<p>Model \u00d6l\u00e7\u00fcleri : Boy :170cm<\/p>\n<p>\u00dcr\u00fcn Boyu : \u00fcst:60cm alt:95cm<\/p>\n<p>Numune Bedeni : 36\/S\/1<\/p>\n<p>Y\u0131kama: Il\u0131k (40C veya 105F) Y\u0131kama yap\u0131labilir,<\/p>\n<p>Kurutma Makinesinde , Normal Kurutma yap\u0131labilir,<\/p>\n<p>D\u00fc\u015f\u00fck Is\u0131da Buhar Veya Kurutarak \u00dct\u00fcleme yap\u0131labilir,<\/p>\n<p>Kuru Temizlemeye verilebilir<\/p>\n","protected":false},"featured_media":46662,"comment_status":"open","ping_status":"closed","template":"","meta":[],"product_brand":[],"product_cat":[1900],"product_tag":[],"class_list":{"0":"post-46666","1":"product","2":"type-product","3":"status-publish","4":"has-post-thumbnail","6":"product_cat-koordinatlar-setler","7":"pa_brand-meri-store","8":"pa_size-4701","9":"pa_size-4706","10":"pa_size-4711","11":"pa_size-4713","13":"first","14":"outofstock","15":"shipping-taxable","16":"product-type-variable"},"_links":{"self":[{"href":"https:\/\/mod.wisdar.net\/tr\/wp-json\/wp\/v2\/product\/46666","targetHints":{"allow":["GET"]}}],"collection":[{"href":"https:\/\/mod.wisdar.net\/tr\/wp-json\/wp\/v2\/product"}],"about":[{"href":"https:\/\/mod.wisdar.net\/tr\/wp-json\/wp\/v2\/types\/product"}],"replies":[{"embeddable":true,"href":"https:\/\/mod.wisdar.net\/tr\/wp-json\/wp\/v2\/comments?post=46666"}],"wp:featuredmedia":[{"embeddable":true,"href":"https:\/\/mod.wisdar.net\/tr\/wp-json\/wp\/v2\/media\/46662"}],"wp:attachment":[{"href":"https:\/\/mod.wisdar.net\/tr\/wp-json\/wp\/v2\/media?parent=46666"}],"wp:term":[{"taxonomy":"product_brand","embeddable":true,"href":"https:\/\/mod.wisdar.net\/tr\/wp-json\/wp\/v2\/product_brand?post=46666"},{"taxonomy":"product_cat","embeddable":true,"href":"https:\/\/mod.wisdar.net\/tr\/wp-json\/wp\/v2\/product_cat?post=46666"},{"taxonomy":"product_tag","embeddable":true,"href":"https:\/\/mod.wisdar.net\/tr\/wp-json\/wp\/v2\/product_tag?post=46666"}],"curies":[{"name":"wp","href":"https:\/\/api.w.org\/{rel}","templated":true}]}}