{"id":4691,"date":"2025-11-07T20:16:06","date_gmt":"2025-11-01T12:34:55","guid":{"rendered":"https:\/\/modesthanim.com\/product\/ilayda-vizon-pantolon-takimi\/"},"modified":"2026-02-19T06:28:03","modified_gmt":"2026-02-19T06:28:03","slug":"ilayda-vizon-pantolon-takimi","status":"publish","type":"product","link":"https:\/\/mod.wisdar.net\/tr\/urun\/ilayda-vizon-pantolon-takimi\/","title":{"rendered":"Ilayda Vizon Pantolon Tak\u0131m\u0131"},"content":{"rendered":"<p>Tak\u0131m, File ve Sandy kuma\u015f kombinasyonundan yap\u0131lm\u0131\u015ft\u0131r. Ceket, pullarla detayland\u0131r\u0131lm\u0131\u015ft\u0131r. Ceketin \u00f6n\u00fcnde d\u00fc\u011fmeler bulunmaktad\u0131r. \u0130\u00e7 \u00fcst k\u0131sm\u0131nda bisiklet yaka bulunmaktad\u0131r. \u0130\u00e7 \u00fcst k\u0131sm\u0131 uzun kolludur. Pantolonun arkas\u0131nda elastik bel band\u0131 bulunmaktad\u0131r. Ceket uzunlu\u011fu: 74cm \u0130\u00e7 \u00fcst uzunlu\u011fu: 63cm, Omuz: 37cm, G\u00f6\u011f\u00fcs: 47cm Pantolon uzunlu\u011fu: 105cm, Bel: 37cm<\/p>\n","protected":false},"excerpt":{"rendered":"<p>Tak\u0131m, File ve Sandy kuma\u015f kombinasyonundan yap\u0131lm\u0131\u015ft\u0131r. Ceket, pullarla detayland\u0131r\u0131lm\u0131\u015ft\u0131r. Ceketin \u00f6n\u00fcnde d\u00fc\u011fmeler bulunmaktad\u0131r. \u0130\u00e7 \u00fcst k\u0131sm\u0131nda bisiklet yaka bulunmaktad\u0131r. \u0130\u00e7 \u00fcst k\u0131sm\u0131 uzun kolludur. Pantolonun arkas\u0131nda elastik bel band\u0131 bulunmaktad\u0131r. Ceket uzunlu\u011fu: 74cm \u0130\u00e7 \u00fcst uzunlu\u011fu: 63cm, Omuz: 37cm, G\u00f6\u011f\u00fcs: 47cm Pantolon uzunlu\u011fu: 105cm, Bel: 37cm<\/p>\n","protected":false},"featured_media":0,"comment_status":"open","ping_status":"closed","template":"","meta":[],"product_brand":[],"product_cat":[],"product_tag":[],"class_list":{"0":"post-4691","1":"product","2":"type-product","3":"status-publish","6":"first","7":"instock","8":"sale","9":"shipping-taxable","10":"purchasable","11":"product-type-variable"},"_links":{"self":[{"href":"https:\/\/mod.wisdar.net\/tr\/wp-json\/wp\/v2\/product\/4691","targetHints":{"allow":["GET"]}}],"collection":[{"href":"https:\/\/mod.wisdar.net\/tr\/wp-json\/wp\/v2\/product"}],"about":[{"href":"https:\/\/mod.wisdar.net\/tr\/wp-json\/wp\/v2\/types\/product"}],"replies":[{"embeddable":true,"href":"https:\/\/mod.wisdar.net\/tr\/wp-json\/wp\/v2\/comments?post=4691"}],"wp:attachment":[{"href":"https:\/\/mod.wisdar.net\/tr\/wp-json\/wp\/v2\/media?parent=4691"}],"wp:term":[{"taxonomy":"product_brand","embeddable":true,"href":"https:\/\/mod.wisdar.net\/tr\/wp-json\/wp\/v2\/product_brand?post=4691"},{"taxonomy":"product_cat","embeddable":true,"href":"https:\/\/mod.wisdar.net\/tr\/wp-json\/wp\/v2\/product_cat?post=4691"},{"taxonomy":"product_tag","embeddable":true,"href":"https:\/\/mod.wisdar.net\/tr\/wp-json\/wp\/v2\/product_tag?post=4691"}],"curies":[{"name":"wp","href":"https:\/\/api.w.org\/{rel}","templated":true}]}}