{"id":47003,"date":"2025-12-18T14:58:12","date_gmt":"2025-12-18T14:58:12","guid":{"rendered":"https:\/\/modesthanim.com\/product\/oversize-bej-pelus-kap\/"},"modified":"2026-02-19T21:59:06","modified_gmt":"2026-02-19T21:59:06","slug":"oversize-bej-pelus-kap","status":"publish","type":"product","link":"https:\/\/mod.wisdar.net\/tr\/urun\/oversize-bej-pelus-kap\/","title":{"rendered":"Oversize Bej Pelu\u015f Kap"},"content":{"rendered":"<p>\u00dcr\u00fcn \u0130\u00e7eri\u011fi :  PELU\u015e<\/p>\n<p>Konsept \u00e7ekimlerinde renkler \u0131\u015f\u0131k farkl\u0131l\u0131\u011f\u0131ndan dolay\u0131 baz\u0131 \u00fcr\u00fcnlerde de\u011fi\u015fiklik g\u00f6sterebilir.<\/p>\n<p>Model \u00d6l\u00e7\u00fcleri : Boy :170cm<\/p>\n<p>\u00dcr\u00fcn Boyu :  115cm<\/p>\n<p>Numune Bedeni : STANDART BEDEN<\/p>\n<p>Y\u0131kama: Il\u0131k (40C veya 105F) Y\u0131kama yap\u0131labilir,<\/p>\n<p>Kurutma Makinesinde , Normal Kurutma yap\u0131labilir,<\/p>\n<p>D\u00fc\u015f\u00fck Is\u0131da Buhar Veya Kurutarak \u00dct\u00fcleme yap\u0131labilir,<\/p>\n<p>Kuru Temizlemeye verilebilir<\/p>\n","protected":false},"excerpt":{"rendered":"<p>\u00dcr\u00fcn \u0130\u00e7eri\u011fi :  PELU\u015e<\/p>\n<p>Konsept \u00e7ekimlerinde renkler \u0131\u015f\u0131k farkl\u0131l\u0131\u011f\u0131ndan dolay\u0131 baz\u0131 \u00fcr\u00fcnlerde de\u011fi\u015fiklik g\u00f6sterebilir.<\/p>\n<p>Model \u00d6l\u00e7\u00fcleri : Boy :170cm<\/p>\n<p>\u00dcr\u00fcn Boyu :  115cm<\/p>\n<p>Numune Bedeni : STANDART BEDEN<\/p>\n<p>Y\u0131kama: Il\u0131k (40C veya 105F) Y\u0131kama yap\u0131labilir,<\/p>\n<p>Kurutma Makinesinde , Normal Kurutma yap\u0131labilir,<\/p>\n<p>D\u00fc\u015f\u00fck Is\u0131da Buhar Veya Kurutarak \u00dct\u00fcleme yap\u0131labilir,<\/p>\n<p>Kuru Temizlemeye verilebilir<\/p>\n","protected":false},"featured_media":46995,"comment_status":"open","ping_status":"closed","template":"","meta":[],"product_brand":[],"product_cat":[1909,2047],"product_tag":[6311],"class_list":{"0":"post-47003","1":"product","2":"type-product","3":"status-publish","4":"has-post-thumbnail","6":"product_cat-bluzlar-ve-gomlekler","7":"product_cat-paltolar","8":"product_tag-winter-coat","9":"pa_brand-meri-store","10":"pa_color-bej","11":"pa_size-std","13":"first","14":"outofstock","15":"shipping-taxable","16":"product-type-variable"},"_links":{"self":[{"href":"https:\/\/mod.wisdar.net\/tr\/wp-json\/wp\/v2\/product\/47003","targetHints":{"allow":["GET"]}}],"collection":[{"href":"https:\/\/mod.wisdar.net\/tr\/wp-json\/wp\/v2\/product"}],"about":[{"href":"https:\/\/mod.wisdar.net\/tr\/wp-json\/wp\/v2\/types\/product"}],"replies":[{"embeddable":true,"href":"https:\/\/mod.wisdar.net\/tr\/wp-json\/wp\/v2\/comments?post=47003"}],"wp:featuredmedia":[{"embeddable":true,"href":"https:\/\/mod.wisdar.net\/tr\/wp-json\/wp\/v2\/media\/46995"}],"wp:attachment":[{"href":"https:\/\/mod.wisdar.net\/tr\/wp-json\/wp\/v2\/media?parent=47003"}],"wp:term":[{"taxonomy":"product_brand","embeddable":true,"href":"https:\/\/mod.wisdar.net\/tr\/wp-json\/wp\/v2\/product_brand?post=47003"},{"taxonomy":"product_cat","embeddable":true,"href":"https:\/\/mod.wisdar.net\/tr\/wp-json\/wp\/v2\/product_cat?post=47003"},{"taxonomy":"product_tag","embeddable":true,"href":"https:\/\/mod.wisdar.net\/tr\/wp-json\/wp\/v2\/product_tag?post=47003"}],"curies":[{"name":"wp","href":"https:\/\/api.w.org\/{rel}","templated":true}]}}