{"id":47005,"date":"2025-12-18T14:58:10","date_gmt":"2025-12-18T14:58:10","guid":{"rendered":"https:\/\/modesthanim.com\/product\/kol-apoletli-fume-kase-kaban\/"},"modified":"2026-02-19T21:58:43","modified_gmt":"2026-02-19T21:58:43","slug":"kol-apoletli-fume-kase-kaban","status":"publish","type":"product","link":"https:\/\/mod.wisdar.net\/tr\/urun\/kol-apoletli-fume-kase-kaban\/","title":{"rendered":"Kol Apoletli F\u00fcme Ka\u015fe Kaban"},"content":{"rendered":"<p>\u00dcr\u00fcn \u0130\u00e7eri\u011fi : KA\u015eE<\/p>\n<p>Konsept \u00e7ekimlerinde renkler \u0131\u015f\u0131k farkl\u0131l\u0131\u011f\u0131ndan dolay\u0131 baz\u0131 \u00fcr\u00fcnlerde de\u011fi\u015fiklik g\u00f6sterebilir.<\/p>\n<p>Model \u00d6l\u00e7\u00fcleri : Boy :170cm<\/p>\n<p>\u00dcr\u00fcn Boyu : 120cm<\/p>\n<p>Numune Bedeni : STANDART BEDEN<\/p>\n<p>Y\u0131kama: Il\u0131k (40C veya 105F) Y\u0131kama yap\u0131labilir,<\/p>\n<p>Kurutma Makinesinde , Normal Kurutma yap\u0131labilir,<\/p>\n<p>D\u00fc\u015f\u00fck Is\u0131da Buhar Veya Kurutarak \u00dct\u00fcleme yap\u0131labilir,<\/p>\n<p>Kuru Temizlemeye verilebilir<\/p>\n","protected":false},"excerpt":{"rendered":"<p>\u00dcr\u00fcn \u0130\u00e7eri\u011fi : KA\u015eE<\/p>\n<p>Konsept \u00e7ekimlerinde renkler \u0131\u015f\u0131k farkl\u0131l\u0131\u011f\u0131ndan dolay\u0131 baz\u0131 \u00fcr\u00fcnlerde de\u011fi\u015fiklik g\u00f6sterebilir.<\/p>\n<p>Model \u00d6l\u00e7\u00fcleri : Boy :170cm<\/p>\n<p>\u00dcr\u00fcn Boyu : 120cm<\/p>\n<p>Numune Bedeni : STANDART BEDEN<\/p>\n<p>Y\u0131kama: Il\u0131k (40C veya 105F) Y\u0131kama yap\u0131labilir,<\/p>\n<p>Kurutma Makinesinde , Normal Kurutma yap\u0131labilir,<\/p>\n<p>D\u00fc\u015f\u00fck Is\u0131da Buhar Veya Kurutarak \u00dct\u00fcleme yap\u0131labilir,<\/p>\n<p>Kuru Temizlemeye verilebilir<\/p>\n","protected":false},"featured_media":46997,"comment_status":"open","ping_status":"closed","template":"","meta":[],"product_brand":[],"product_cat":[2047],"product_tag":[6311],"class_list":{"0":"post-47005","1":"product","2":"type-product","3":"status-publish","4":"has-post-thumbnail","6":"product_cat-paltolar","7":"product_tag-winter-coat","8":"pa_brand-meri-store","9":"pa_size-4701","10":"pa_size-4706","11":"pa_size-4711","12":"pa_size-4713","13":"pa_size-4751","15":"first","16":"outofstock","17":"shipping-taxable","18":"product-type-variable"},"_links":{"self":[{"href":"https:\/\/mod.wisdar.net\/tr\/wp-json\/wp\/v2\/product\/47005","targetHints":{"allow":["GET"]}}],"collection":[{"href":"https:\/\/mod.wisdar.net\/tr\/wp-json\/wp\/v2\/product"}],"about":[{"href":"https:\/\/mod.wisdar.net\/tr\/wp-json\/wp\/v2\/types\/product"}],"replies":[{"embeddable":true,"href":"https:\/\/mod.wisdar.net\/tr\/wp-json\/wp\/v2\/comments?post=47005"}],"wp:featuredmedia":[{"embeddable":true,"href":"https:\/\/mod.wisdar.net\/tr\/wp-json\/wp\/v2\/media\/46997"}],"wp:attachment":[{"href":"https:\/\/mod.wisdar.net\/tr\/wp-json\/wp\/v2\/media?parent=47005"}],"wp:term":[{"taxonomy":"product_brand","embeddable":true,"href":"https:\/\/mod.wisdar.net\/tr\/wp-json\/wp\/v2\/product_brand?post=47005"},{"taxonomy":"product_cat","embeddable":true,"href":"https:\/\/mod.wisdar.net\/tr\/wp-json\/wp\/v2\/product_cat?post=47005"},{"taxonomy":"product_tag","embeddable":true,"href":"https:\/\/mod.wisdar.net\/tr\/wp-json\/wp\/v2\/product_tag?post=47005"}],"curies":[{"name":"wp","href":"https:\/\/api.w.org\/{rel}","templated":true}]}}