{"id":47100,"date":"2025-12-18T15:14:12","date_gmt":"2025-12-18T15:14:12","guid":{"rendered":"https:\/\/modesthanim.com\/product\/kapitone-bordo-mont\/"},"modified":"2026-02-19T21:57:56","modified_gmt":"2026-02-19T21:57:56","slug":"kapitone-bordo-mont","status":"publish","type":"product","link":"https:\/\/mod.wisdar.net\/tr\/urun\/kapitone-bordo-mont\/","title":{"rendered":"Kapitone Bordo Mont"},"content":{"rendered":"<p>\u00dcr\u00fcn \u0130\u00e7eri\u011fi: PAMUK<\/p>\n<p>Konsept \u00e7ekimlerinde renkler \u0131\u015f\u0131k farkl\u0131l\u0131\u011f\u0131ndan dolay\u0131 baz\u0131 \u00fcr\u00fcnlerde de\u011fi\u015fiklik g\u00f6sterebilir.<\/p>\n<p>Model \u00d6l\u00e7\u00fcleri: Boy: 170 cm<\/p>\n<p>\u00dcr\u00fcn Boyu: 70 cm<\/p>\n<p>Numune Bedeni: 36\/S<\/p>\n<p>Y\u0131kama: Il\u0131k (40\u00b0C veya 105\u00b0F) y\u0131kama yap\u0131labilir.<\/p>\n<p>Kurutma: Kurutma makinesinde normal kurutma yap\u0131labilir.<\/p>\n<p>\u00dct\u00fcleme: D\u00fc\u015f\u00fck \u0131s\u0131da buharl\u0131 veya kurutarak \u00fct\u00fcleme yap\u0131labilir.<\/p>\n<p>Temizleme: Kuru temizlemeye verilebilir.<\/p>\n","protected":false},"excerpt":{"rendered":"<p>\u00dcr\u00fcn \u0130\u00e7eri\u011fi: PAMUK<\/p>\n<p>Konsept \u00e7ekimlerinde renkler \u0131\u015f\u0131k farkl\u0131l\u0131\u011f\u0131ndan dolay\u0131 baz\u0131 \u00fcr\u00fcnlerde de\u011fi\u015fiklik g\u00f6sterebilir.<\/p>\n<p>Model \u00d6l\u00e7\u00fcleri: Boy: 170 cm<\/p>\n<p>\u00dcr\u00fcn Boyu: 70 cm<\/p>\n<p>Numune Bedeni: 36\/S<\/p>\n<p>Y\u0131kama: Il\u0131k (40\u00b0C veya 105\u00b0F) y\u0131kama yap\u0131labilir.<\/p>\n<p>Kurutma: Kurutma makinesinde normal kurutma yap\u0131labilir.<\/p>\n<p>\u00dct\u00fcleme: D\u00fc\u015f\u00fck \u0131s\u0131da buharl\u0131 veya kurutarak \u00fct\u00fcleme yap\u0131labilir.<\/p>\n<p>Temizleme: Kuru temizlemeye verilebilir.<\/p>\n","protected":false},"featured_media":47092,"comment_status":"open","ping_status":"closed","template":"","meta":[],"product_brand":[],"product_cat":[2047],"product_tag":[],"class_list":{"0":"post-47100","1":"product","2":"type-product","3":"status-publish","4":"has-post-thumbnail","6":"product_cat-paltolar","7":"pa_brand-meri-store","8":"pa_color-bordo","9":"pa_size-36-38","10":"pa_size-40-42","12":"first","13":"outofstock","14":"shipping-taxable","15":"product-type-variable"},"_links":{"self":[{"href":"https:\/\/mod.wisdar.net\/tr\/wp-json\/wp\/v2\/product\/47100","targetHints":{"allow":["GET"]}}],"collection":[{"href":"https:\/\/mod.wisdar.net\/tr\/wp-json\/wp\/v2\/product"}],"about":[{"href":"https:\/\/mod.wisdar.net\/tr\/wp-json\/wp\/v2\/types\/product"}],"replies":[{"embeddable":true,"href":"https:\/\/mod.wisdar.net\/tr\/wp-json\/wp\/v2\/comments?post=47100"}],"wp:featuredmedia":[{"embeddable":true,"href":"https:\/\/mod.wisdar.net\/tr\/wp-json\/wp\/v2\/media\/47092"}],"wp:attachment":[{"href":"https:\/\/mod.wisdar.net\/tr\/wp-json\/wp\/v2\/media?parent=47100"}],"wp:term":[{"taxonomy":"product_brand","embeddable":true,"href":"https:\/\/mod.wisdar.net\/tr\/wp-json\/wp\/v2\/product_brand?post=47100"},{"taxonomy":"product_cat","embeddable":true,"href":"https:\/\/mod.wisdar.net\/tr\/wp-json\/wp\/v2\/product_cat?post=47100"},{"taxonomy":"product_tag","embeddable":true,"href":"https:\/\/mod.wisdar.net\/tr\/wp-json\/wp\/v2\/product_tag?post=47100"}],"curies":[{"name":"wp","href":"https:\/\/api.w.org\/{rel}","templated":true}]}}