{"id":4718,"date":"2025-11-07T20:16:06","date_gmt":"2025-11-01T12:35:54","guid":{"rendered":"https:\/\/modesthanim.com\/product\/aysun-etek-takimi-aci-kahverengi\/"},"modified":"2026-01-15T08:16:00","modified_gmt":"2026-01-15T08:16:00","slug":"aysun-etek-takimi-aci-kahverengi","status":"publish","type":"product","link":"https:\/\/mod.wisdar.net\/tr\/urun\/aysun-etek-takimi-aci-kahverengi\/","title":{"rendered":"Aysun Etek Tak\u0131m\u0131 Ac\u0131 Kahverengi"},"content":{"rendered":"<p>Bu tak\u0131m, birinci s\u0131n\u0131f Channel kuma\u015ftan yap\u0131lm\u0131\u015ft\u0131r. Ceket inci detaylar\u0131, cepler, astar, omuz pedleri ve bir kemer i\u00e7erir. Etek fermuarl\u0131 kapatmaya sahiptir. Ceket \u00f6l\u00e7\u00fcleri: Uzunluk 60cm, Omuz 36cm, G\u00f6\u011f\u00fcs 38cm. Etek \u00f6l\u00e7\u00fcleri: Uzunluk 93cm, Bel 37cm.<\/p>\n","protected":false},"excerpt":{"rendered":"<p>Bu tak\u0131m, birinci s\u0131n\u0131f Channel kuma\u015ftan yap\u0131lm\u0131\u015ft\u0131r. Ceket inci detaylar\u0131, cepler, astar, omuz pedleri ve bir kemer i\u00e7erir. Etek fermuarl\u0131 kapatmaya sahiptir. Ceket \u00f6l\u00e7\u00fcleri: Uzunluk 60cm, Omuz 36cm, G\u00f6\u011f\u00fcs 38cm. Etek \u00f6l\u00e7\u00fcleri: Uzunluk 93cm, Bel 37cm.<\/p>\n","protected":false},"featured_media":0,"comment_status":"open","ping_status":"closed","template":"","meta":[],"product_brand":[],"product_cat":[1853],"product_tag":[],"class_list":{"0":"post-4718","1":"product","2":"type-product","3":"status-publish","5":"product_cat-womens-fashion-ar","7":"first","8":"instock","9":"sale","10":"shipping-taxable","11":"purchasable","12":"product-type-variable"},"_links":{"self":[{"href":"https:\/\/mod.wisdar.net\/tr\/wp-json\/wp\/v2\/product\/4718","targetHints":{"allow":["GET"]}}],"collection":[{"href":"https:\/\/mod.wisdar.net\/tr\/wp-json\/wp\/v2\/product"}],"about":[{"href":"https:\/\/mod.wisdar.net\/tr\/wp-json\/wp\/v2\/types\/product"}],"replies":[{"embeddable":true,"href":"https:\/\/mod.wisdar.net\/tr\/wp-json\/wp\/v2\/comments?post=4718"}],"wp:attachment":[{"href":"https:\/\/mod.wisdar.net\/tr\/wp-json\/wp\/v2\/media?parent=4718"}],"wp:term":[{"taxonomy":"product_brand","embeddable":true,"href":"https:\/\/mod.wisdar.net\/tr\/wp-json\/wp\/v2\/product_brand?post=4718"},{"taxonomy":"product_cat","embeddable":true,"href":"https:\/\/mod.wisdar.net\/tr\/wp-json\/wp\/v2\/product_cat?post=4718"},{"taxonomy":"product_tag","embeddable":true,"href":"https:\/\/mod.wisdar.net\/tr\/wp-json\/wp\/v2\/product_tag?post=4718"}],"curies":[{"name":"wp","href":"https:\/\/api.w.org\/{rel}","templated":true}]}}