{"id":47244,"date":"2025-12-18T15:22:14","date_gmt":"2025-12-18T15:22:14","guid":{"rendered":"https:\/\/modesthanim.com\/product\/pelus-garnili-kapitone-tas-mont\/"},"modified":"2026-04-02T20:44:28","modified_gmt":"2026-04-02T20:44:28","slug":"pelus-garnili-kapitone-tas-mont","status":"publish","type":"product","link":"https:\/\/mod.wisdar.net\/tr\/urun\/pelus-garnili-kapitone-tas-mont\/","title":{"rendered":"Pelu\u015f Garnili Kapitone Ta\u015f Mont"},"content":{"rendered":"<p>\u00dcr\u00fcn \u0130\u00e7eri\u011fi : PAMUK<\/p>\n<p>Konsept \u00e7ekimlerinde renkler \u0131\u015f\u0131k farkl\u0131l\u0131\u011f\u0131ndan dolay\u0131 baz\u0131 \u00fcr\u00fcnlerde de\u011fi\u015fiklik g\u00f6sterebilir.<\/p>\n<p>Model \u00d6l\u00e7\u00fcleri : Boy :170cm<\/p>\n<p>\u00dcr\u00fcn Boyu :  70cm<\/p>\n<p>Numune Bedeni : 36\/S<\/p>\n<p>Y\u0131kama: Il\u0131k (40C veya 105F) Y\u0131kama yap\u0131labilir,<\/p>\n<p>Kurutma Makinesinde , Normal Kurutma yap\u0131labilir,<\/p>\n<p>D\u00fc\u015f\u00fck Is\u0131da Buhar Veya Kurutarak \u00dct\u00fcleme yap\u0131labilir,<\/p>\n<p>Kuru Temizlemeye verilebilir<\/p>\n","protected":false},"excerpt":{"rendered":"<p>\u00dcr\u00fcn \u0130\u00e7eri\u011fi : PAMUK<\/p>\n<p>Konsept \u00e7ekimlerinde renkler \u0131\u015f\u0131k farkl\u0131l\u0131\u011f\u0131ndan dolay\u0131 baz\u0131 \u00fcr\u00fcnlerde de\u011fi\u015fiklik g\u00f6sterebilir.<\/p>\n<p>Model \u00d6l\u00e7\u00fcleri : Boy :170cm<\/p>\n<p>\u00dcr\u00fcn Boyu :  70cm<\/p>\n<p>Numune Bedeni : 36\/S<\/p>\n<p>Y\u0131kama: Il\u0131k (40C veya 105F) Y\u0131kama yap\u0131labilir,<\/p>\n<p>Kurutma Makinesinde , Normal Kurutma yap\u0131labilir,<\/p>\n<p>D\u00fc\u015f\u00fck Is\u0131da Buhar Veya Kurutarak \u00dct\u00fcleme yap\u0131labilir,<\/p>\n<p>Kuru Temizlemeye verilebilir<\/p>\n","protected":false},"featured_media":47237,"comment_status":"open","ping_status":"closed","template":"","meta":[],"product_brand":[],"product_cat":[2047],"product_tag":[8320,4999,8396,6311],"class_list":{"0":"post-47244","1":"product","2":"type-product","3":"status-publish","4":"has-post-thumbnail","6":"product_cat-paltolar","7":"product_tag-kapitone-mont","8":"product_tag-outerwear","9":"product_tag-tas-rengi","10":"product_tag-winter-coat","11":"pa_brand-meri-store","12":"pa_size-4701","13":"pa_size-4706","14":"pa_size-4711","16":"first","17":"outofstock","18":"shipping-taxable","19":"product-type-variable"},"_links":{"self":[{"href":"https:\/\/mod.wisdar.net\/tr\/wp-json\/wp\/v2\/product\/47244","targetHints":{"allow":["GET"]}}],"collection":[{"href":"https:\/\/mod.wisdar.net\/tr\/wp-json\/wp\/v2\/product"}],"about":[{"href":"https:\/\/mod.wisdar.net\/tr\/wp-json\/wp\/v2\/types\/product"}],"replies":[{"embeddable":true,"href":"https:\/\/mod.wisdar.net\/tr\/wp-json\/wp\/v2\/comments?post=47244"}],"wp:featuredmedia":[{"embeddable":true,"href":"https:\/\/mod.wisdar.net\/tr\/wp-json\/wp\/v2\/media\/47237"}],"wp:attachment":[{"href":"https:\/\/mod.wisdar.net\/tr\/wp-json\/wp\/v2\/media?parent=47244"}],"wp:term":[{"taxonomy":"product_brand","embeddable":true,"href":"https:\/\/mod.wisdar.net\/tr\/wp-json\/wp\/v2\/product_brand?post=47244"},{"taxonomy":"product_cat","embeddable":true,"href":"https:\/\/mod.wisdar.net\/tr\/wp-json\/wp\/v2\/product_cat?post=47244"},{"taxonomy":"product_tag","embeddable":true,"href":"https:\/\/mod.wisdar.net\/tr\/wp-json\/wp\/v2\/product_tag?post=47244"}],"curies":[{"name":"wp","href":"https:\/\/api.w.org\/{rel}","templated":true}]}}