{"id":4747,"date":"2025-11-07T20:16:06","date_gmt":"2025-11-01T12:36:07","guid":{"rendered":"https:\/\/modesthanim.com\/product\/bordo-gokce-etek-takimi\/"},"modified":"2026-02-09T13:26:46","modified_gmt":"2026-02-09T13:26:46","slug":"bordo-gokce-etek-takimi","status":"publish","type":"product","link":"https:\/\/mod.wisdar.net\/tr\/urun\/bordo-gokce-etek-takimi\/","title":{"rendered":"Bordo G\u00f6k\u00e7e Etek Tak\u0131m\u0131"},"content":{"rendered":"<p>Bu etek tak\u0131m\u0131 birinci s\u0131n\u0131f s\u00fcet kuma\u015ftan yap\u0131lm\u0131\u015ft\u0131r. Yelek, \u00f6n k\u0131sm\u0131nda detayl\u0131 nak\u0131\u015f i\u015flemeleri ve ba\u011fc\u0131klar i\u00e7erir. Ete\u011fin arkas\u0131nda fermuar bulunmaktad\u0131r. Yelek \u00f6l\u00e7\u00fcleri: Uzunluk: 47cm, Omuz: 34cm, G\u00f6\u011f\u00fcs: 48cm. Etek \u00f6l\u00e7\u00fcleri: Uzunluk: 93cm, Bel: 36cm.<\/p>\n","protected":false},"excerpt":{"rendered":"<p>Bu etek tak\u0131m\u0131 birinci s\u0131n\u0131f s\u00fcet kuma\u015ftan yap\u0131lm\u0131\u015ft\u0131r. Yelek, \u00f6n k\u0131sm\u0131nda detayl\u0131 nak\u0131\u015f i\u015flemeleri ve ba\u011fc\u0131klar i\u00e7erir. Ete\u011fin arkas\u0131nda fermuar bulunmaktad\u0131r. Yelek \u00f6l\u00e7\u00fcleri: Uzunluk: 47cm, Omuz: 34cm, G\u00f6\u011f\u00fcs: 48cm. Etek \u00f6l\u00e7\u00fcleri: Uzunluk: 93cm, Bel: 36cm.<\/p>\n","protected":false},"featured_media":0,"comment_status":"open","ping_status":"closed","template":"","meta":[],"product_brand":[],"product_cat":[1853],"product_tag":[],"class_list":{"0":"post-4747","1":"product","2":"type-product","3":"status-publish","5":"product_cat-womens-fashion-ar","7":"first","8":"instock","9":"sale","10":"shipping-taxable","11":"purchasable","12":"product-type-variable"},"_links":{"self":[{"href":"https:\/\/mod.wisdar.net\/tr\/wp-json\/wp\/v2\/product\/4747","targetHints":{"allow":["GET"]}}],"collection":[{"href":"https:\/\/mod.wisdar.net\/tr\/wp-json\/wp\/v2\/product"}],"about":[{"href":"https:\/\/mod.wisdar.net\/tr\/wp-json\/wp\/v2\/types\/product"}],"replies":[{"embeddable":true,"href":"https:\/\/mod.wisdar.net\/tr\/wp-json\/wp\/v2\/comments?post=4747"}],"wp:attachment":[{"href":"https:\/\/mod.wisdar.net\/tr\/wp-json\/wp\/v2\/media?parent=4747"}],"wp:term":[{"taxonomy":"product_brand","embeddable":true,"href":"https:\/\/mod.wisdar.net\/tr\/wp-json\/wp\/v2\/product_brand?post=4747"},{"taxonomy":"product_cat","embeddable":true,"href":"https:\/\/mod.wisdar.net\/tr\/wp-json\/wp\/v2\/product_cat?post=4747"},{"taxonomy":"product_tag","embeddable":true,"href":"https:\/\/mod.wisdar.net\/tr\/wp-json\/wp\/v2\/product_tag?post=4747"}],"curies":[{"name":"wp","href":"https:\/\/api.w.org\/{rel}","templated":true}]}}