{"id":4825,"date":"2025-11-07T20:16:06","date_gmt":"2025-11-01T12:37:16","guid":{"rendered":"https:\/\/modesthanim.com\/product\/lacivert-serap-pileli-etek-takimi\/"},"modified":"2026-01-15T08:11:39","modified_gmt":"2026-01-15T08:11:39","slug":"lacivert-serap-pileli-etek-takimi","status":"publish","type":"product","link":"https:\/\/mod.wisdar.net\/tr\/urun\/lacivert-serap-pileli-etek-takimi\/","title":{"rendered":"Lacivert Serap Pileli Etek Tak\u0131m\u0131"},"content":{"rendered":"<p>Lacivert Serap Pileli Etek Tak\u0131m\u0131<br \/>\nTak\u0131m, birinci s\u0131n\u0131f \u00e7ift krep kuma\u015ftan yap\u0131lm\u0131\u015ft\u0131r.<br \/>\nYelekte tam boy d\u00fc\u011fme detaylar\u0131 bulunmaktad\u0131r.<br \/>\nYelekte cepler detay olarak eklenmi\u015ftir.<br \/>\nEtek elastik bel band\u0131na sahiptir.<br \/>\nEtek, pile detaylar\u0131 ile s\u00fcslenmi\u015ftir.<br \/>\nYelek Uzunlu\u011fu: 65 cm Omuz: 51cm G\u00f6\u011f\u00fcs: 47cm Bel: 44cm<br \/>\nEtek Uzunlu\u011fu: 90cm Bel: 33cm<\/p>\n<p>\u2014 Teknik Detaylar \u2014<br \/>\nYelek Uzunlu\u011fu: 65 cm<br \/>\nYelek Omuz: 51 cm<br \/>\nYelek G\u00f6\u011f\u00fcs: 47 cm<br \/>\nYelek Bel: 44 cm<br \/>\nEtek Uzunlu\u011fu: 90 cm<br \/>\nEtek Bel: 33 cm<\/p>\n","protected":false},"excerpt":{"rendered":"<p>Lacivert Serap Pileli Etek Tak\u0131m\u0131 Tak\u0131m, birinci s\u0131n\u0131f \u00e7ift krep kuma\u015ftan yap\u0131lm\u0131\u015ft\u0131r. Yelekte tam boy d\u00fc\u011fme detaylar\u0131 bulunmaktad\u0131r. Yelekte cepler detay olarak eklenmi\u015ftir. Etek elastik bel band\u0131na sahiptir. Etek, pile detaylar\u0131 ile s\u00fcslenmi\u015ftir. Yelek Uzunlu\u011fu: 65 cm Omuz: 51cm G\u00f6\u011f\u00fcs: 47cm Bel: 44cm Etek Uzunlu\u011fu: 90cm Bel: 33cm \u2014 Teknik Detaylar \u2014 Yelek Uzunlu\u011fu: 65 [&hellip;]<\/p>\n","protected":false},"featured_media":0,"comment_status":"open","ping_status":"closed","template":"","meta":[],"product_brand":[],"product_cat":[],"product_tag":[],"class_list":{"0":"post-4825","1":"product","2":"type-product","3":"status-publish","6":"first","7":"instock","8":"sale","9":"shipping-taxable","10":"purchasable","11":"product-type-variable"},"_links":{"self":[{"href":"https:\/\/mod.wisdar.net\/tr\/wp-json\/wp\/v2\/product\/4825","targetHints":{"allow":["GET"]}}],"collection":[{"href":"https:\/\/mod.wisdar.net\/tr\/wp-json\/wp\/v2\/product"}],"about":[{"href":"https:\/\/mod.wisdar.net\/tr\/wp-json\/wp\/v2\/types\/product"}],"replies":[{"embeddable":true,"href":"https:\/\/mod.wisdar.net\/tr\/wp-json\/wp\/v2\/comments?post=4825"}],"wp:attachment":[{"href":"https:\/\/mod.wisdar.net\/tr\/wp-json\/wp\/v2\/media?parent=4825"}],"wp:term":[{"taxonomy":"product_brand","embeddable":true,"href":"https:\/\/mod.wisdar.net\/tr\/wp-json\/wp\/v2\/product_brand?post=4825"},{"taxonomy":"product_cat","embeddable":true,"href":"https:\/\/mod.wisdar.net\/tr\/wp-json\/wp\/v2\/product_cat?post=4825"},{"taxonomy":"product_tag","embeddable":true,"href":"https:\/\/mod.wisdar.net\/tr\/wp-json\/wp\/v2\/product_tag?post=4825"}],"curies":[{"name":"wp","href":"https:\/\/api.w.org\/{rel}","templated":true}]}}