{"id":48733,"date":"2025-12-20T20:29:28","date_gmt":"2025-12-20T20:29:28","guid":{"rendered":"https:\/\/modesthanim.com\/product\/cam-kirigi-desenli-kapitone-manto-siyah\/"},"modified":"2026-04-15T22:37:05","modified_gmt":"2026-04-15T22:37:05","slug":"cam-kirigi-desenli-kapitone-manto-siyah","status":"publish","type":"product","link":"https:\/\/mod.wisdar.net\/tr\/urun\/cam-kirigi-desenli-kapitone-manto-siyah\/","title":{"rendered":"Cam K\u0131r\u0131\u011f\u0131 Desenli Kapitone Manto \u2013 Siyah"},"content":{"rendered":"<p>Minimal \u00e7izgileri avantgarde bir doku ile bulu\u015fturarak sade kombinleri y\u00fckselten bu par\u00e7a, gard\u0131robunuzun modern ve sofistike d\u0131\u015f giyim se\u00e7enekleri aras\u0131nda \u00f6zel bir yer edinecek.<br \/>\nKuma\u015f \u0130\u00e7eri\u011fi: %100 Polyester<br \/>\nDesen: Kapitone Desen<br \/>\nYaka Tipi: \u00c7\u0131kar\u0131labilir Kap\u00fc\u015fon Yaka \u2013 Dik Yaka<br \/>\nKol Tipi: Uzun Kol<br \/>\nCep: Fleto Cep<br \/>\nAstar: Astarl\u0131<br \/>\n\u00dcr\u00fcn Boyu: 125 cm<br \/>\nKal\u0131p Tipi: Normal Kal\u0131p<br \/>\nManken \u00d6l\u00e7\u00fcleri:Boy: 173 cmG\u00f6\u011f\u00fcs: 81 cmBel: 63 cmBasen: 90 cm<br \/>\nMankenin Giydi\u011fi Beden: 38<\/p>\n","protected":false},"excerpt":{"rendered":"<p>Minimal \u00e7izgileri avantgarde bir doku ile bulu\u015fturarak sade kombinleri y\u00fckselten bu par\u00e7a, gard\u0131robunuzun modern ve sofistike d\u0131\u015f giyim se\u00e7enekleri aras\u0131nda \u00f6zel bir yer edinecek.<br \/>\nKuma\u015f \u0130\u00e7eri\u011fi: %100 Polyester<br \/>\nDesen: Kapitone Desen<br \/>\nYaka Tipi: \u00c7\u0131kar\u0131labilir Kap\u00fc\u015fon Yaka \u2013 Dik Yaka<br \/>\nKol Tipi: Uzun Kol<br \/>\nCep: Fleto Cep<br \/>\nAstar: Astarl\u0131<br \/>\n\u00dcr\u00fcn Boyu: 125 cm<br \/>\nKal\u0131p Tipi: Normal Kal\u0131p<br \/>\nManken \u00d6l\u00e7\u00fcleri:Boy: 173 cmG\u00f6\u011f\u00fcs: 81 cmBel: 63 cmBasen: 90 cm<br \/>\nMankenin Giydi\u011fi Beden: 38<\/p>\n","protected":false},"featured_media":48727,"comment_status":"open","ping_status":"closed","template":"","meta":[],"product_brand":[],"product_cat":[2047],"product_tag":[6316,6310,6312,6309,6314,6315,6311,6313],"class_list":{"0":"post-48733","1":"product","2":"type-product","3":"status-publish","4":"has-post-thumbnail","6":"product_cat-paltolar","7":"product_tag-black-outerwear","8":"product_tag-cracked-glass-pattern","9":"product_tag-long-coat","10":"product_tag-modern-coat","11":"product_tag-quilted-coat","12":"product_tag-sophisticated-fashion","13":"product_tag-winter-coat","14":"product_tag-womens-coat","15":"pa_brand-tugba","16":"pa_color-siyah","17":"pa_size-4706","18":"pa_size-4711","19":"pa_size-4713","20":"pa_size-4751","21":"pa_size-4749","22":"pa_size-4747","24":"first","25":"instock","26":"sale","27":"shipping-taxable","28":"purchasable","29":"product-type-variable"},"_links":{"self":[{"href":"https:\/\/mod.wisdar.net\/tr\/wp-json\/wp\/v2\/product\/48733","targetHints":{"allow":["GET"]}}],"collection":[{"href":"https:\/\/mod.wisdar.net\/tr\/wp-json\/wp\/v2\/product"}],"about":[{"href":"https:\/\/mod.wisdar.net\/tr\/wp-json\/wp\/v2\/types\/product"}],"replies":[{"embeddable":true,"href":"https:\/\/mod.wisdar.net\/tr\/wp-json\/wp\/v2\/comments?post=48733"}],"wp:featuredmedia":[{"embeddable":true,"href":"https:\/\/mod.wisdar.net\/tr\/wp-json\/wp\/v2\/media\/48727"}],"wp:attachment":[{"href":"https:\/\/mod.wisdar.net\/tr\/wp-json\/wp\/v2\/media?parent=48733"}],"wp:term":[{"taxonomy":"product_brand","embeddable":true,"href":"https:\/\/mod.wisdar.net\/tr\/wp-json\/wp\/v2\/product_brand?post=48733"},{"taxonomy":"product_cat","embeddable":true,"href":"https:\/\/mod.wisdar.net\/tr\/wp-json\/wp\/v2\/product_cat?post=48733"},{"taxonomy":"product_tag","embeddable":true,"href":"https:\/\/mod.wisdar.net\/tr\/wp-json\/wp\/v2\/product_tag?post=48733"}],"curies":[{"name":"wp","href":"https:\/\/api.w.org\/{rel}","templated":true}]}}