{"id":48745,"date":"2025-12-20T20:29:38","date_gmt":"2025-12-20T20:29:38","guid":{"rendered":"https:\/\/modesthanim.com\/product\/cam-kirigi-desenli-kapitone-manto-kahve\/"},"modified":"2026-04-15T22:36:46","modified_gmt":"2026-04-15T22:36:46","slug":"cam-kirigi-desenli-kapitone-manto-kahve","status":"publish","type":"product","link":"https:\/\/mod.wisdar.net\/tr\/urun\/cam-kirigi-desenli-kapitone-manto-kahve\/","title":{"rendered":"Cam K\u0131r\u0131\u011f\u0131 Desenli Kapitone Manto \u2013 Kahve"},"content":{"rendered":"<p>Minimal \u00e7izgileri avantgarde bir doku ile bulu\u015fturarak sade kombinleri y\u00fckselten bu par\u00e7a, gard\u0131robunuzun modern ve sofistike d\u0131\u015f giyim se\u00e7enekleri aras\u0131nda \u00f6zel bir yer edinecek.<br \/>\nKuma\u015f \u0130\u00e7eri\u011fi: %100 Polyester<br \/>\nDesen: Kapitone Desen<br \/>\nYaka Tipi: \u00c7\u0131kar\u0131labilir Kap\u00fc\u015fon Yaka \u2013 Dik Yaka<br \/>\nKol Tipi: Uzun Kol<br \/>\nCep: Fleto Cep<br \/>\nAstar: Astarl\u0131<br \/>\n\u00dcr\u00fcn Boyu: 125 cm<br \/>\nKal\u0131p Tipi: Normal Kal\u0131p<br \/>\nManken \u00d6l\u00e7\u00fcleri:Boy: 174 cmG\u00f6\u011f\u00fcs: 81 cmBel: 60 cmBasen: 89 cm<br \/>\nMankenin Giydi\u011fi Beden: 38<\/p>\n","protected":false},"excerpt":{"rendered":"<p>Minimal \u00e7izgileri avantgarde bir doku ile bulu\u015fturarak sade kombinleri y\u00fckselten bu par\u00e7a, gard\u0131robunuzun modern ve sofistike d\u0131\u015f giyim se\u00e7enekleri aras\u0131nda \u00f6zel bir yer edinecek.<br \/>\nKuma\u015f \u0130\u00e7eri\u011fi: %100 Polyester<br \/>\nDesen: Kapitone Desen<br \/>\nYaka Tipi: \u00c7\u0131kar\u0131labilir Kap\u00fc\u015fon Yaka \u2013 Dik Yaka<br \/>\nKol Tipi: Uzun Kol<br \/>\nCep: Fleto Cep<br \/>\nAstar: Astarl\u0131<br \/>\n\u00dcr\u00fcn Boyu: 125 cm<br \/>\nKal\u0131p Tipi: Normal Kal\u0131p<br \/>\nManken \u00d6l\u00e7\u00fcleri:Boy: 174 cmG\u00f6\u011f\u00fcs: 81 cmBel: 60 cmBasen: 89 cm<br \/>\nMankenin Giydi\u011fi Beden: 38<\/p>\n","protected":false},"featured_media":48731,"comment_status":"open","ping_status":"closed","template":"","meta":[],"product_brand":[],"product_cat":[2047],"product_tag":[4994,4995,4996],"class_list":{"0":"post-48745","1":"product","2":"type-product","3":"status-publish","4":"has-post-thumbnail","6":"product_cat-paltolar","7":"product_tag-keyword1","8":"product_tag-keyword2","9":"product_tag-keyword3","10":"pa_brand-tugba","11":"pa_color-kahve","12":"pa_size-4706","13":"pa_size-4711","14":"pa_size-4713","15":"pa_size-4751","16":"pa_size-4749","17":"pa_size-4747","19":"first","20":"instock","21":"sale","22":"shipping-taxable","23":"purchasable","24":"product-type-variable"},"_links":{"self":[{"href":"https:\/\/mod.wisdar.net\/tr\/wp-json\/wp\/v2\/product\/48745","targetHints":{"allow":["GET"]}}],"collection":[{"href":"https:\/\/mod.wisdar.net\/tr\/wp-json\/wp\/v2\/product"}],"about":[{"href":"https:\/\/mod.wisdar.net\/tr\/wp-json\/wp\/v2\/types\/product"}],"replies":[{"embeddable":true,"href":"https:\/\/mod.wisdar.net\/tr\/wp-json\/wp\/v2\/comments?post=48745"}],"wp:featuredmedia":[{"embeddable":true,"href":"https:\/\/mod.wisdar.net\/tr\/wp-json\/wp\/v2\/media\/48731"}],"wp:attachment":[{"href":"https:\/\/mod.wisdar.net\/tr\/wp-json\/wp\/v2\/media?parent=48745"}],"wp:term":[{"taxonomy":"product_brand","embeddable":true,"href":"https:\/\/mod.wisdar.net\/tr\/wp-json\/wp\/v2\/product_brand?post=48745"},{"taxonomy":"product_cat","embeddable":true,"href":"https:\/\/mod.wisdar.net\/tr\/wp-json\/wp\/v2\/product_cat?post=48745"},{"taxonomy":"product_tag","embeddable":true,"href":"https:\/\/mod.wisdar.net\/tr\/wp-json\/wp\/v2\/product_tag?post=48745"}],"curies":[{"name":"wp","href":"https:\/\/api.w.org\/{rel}","templated":true}]}}