{"id":48794,"date":"2025-12-20T22:57:48","date_gmt":"2025-12-20T22:57:48","guid":{"rendered":"https:\/\/modesthanim.com\/product\/yirtmac-detayli-pantolon-bitter-kahverengi\/"},"modified":"2026-04-10T03:23:05","modified_gmt":"2026-04-10T03:23:05","slug":"yirtmac-detayli-pantolon-bitter-kahverengi","status":"publish","type":"product","link":"https:\/\/mod.wisdar.net\/tr\/urun\/yirtmac-detayli-pantolon-bitter-kahverengi\/","title":{"rendered":"Y\u0131rtma\u00e7 Detayl\u0131 Pantolon Bitter Kahverengi"},"content":{"rendered":"<p>%64 polyester ve %24 viskon kar\u0131\u015f\u0131m\u0131 kuma\u015ftan \u00fcretilen bu y\u0131rtma\u00e7 detayl\u0131 pantolonlar, k\u0131yafetlerinize zarif bir dokunu\u015f kat\u0131yor. Hafif ancak dayan\u0131kl\u0131 yap\u0131s\u0131yla t\u00fcm g\u00fcn konfor sa\u011flarken, polyester dayan\u0131kl\u0131l\u0131\u011f\u0131 art\u0131r\u0131rken viskon yumu\u015fak doku, hafif parlakl\u0131k ve nefes alabilirlik sunuyor. Pa\u00e7a k\u0131sm\u0131ndaki y\u0131rtma\u00e7 detaylar\u0131 modern ve sofistike bir biti\u015f sa\u011flarken, drapeli sil\u00fcet kolay giyim imkan\u0131 veriyor. \u00dcr\u00fcn ger\u00e7ek beden \u00f6l\u00e7\u00fclerine uygun oldu\u011fundan normal bedeninizi se\u00e7menizi \u00f6neririz. Bak\u0131m talimatlar\u0131: 30\u00b0C&#8217;de hassas y\u0131kama. Kurutma makinesinde kurutmay\u0131n. Uzunluk: 108 cm (\u00dcr\u00fcn uzunlu\u011fu \u00fcretim partileri aras\u0131nda 1-3 cm farkl\u0131l\u0131k g\u00f6sterebilir.) Beden Tablosu: Bel Kal\u00e7a Beden 36: 70 cm 92 cm Beden 38: 74 cm 96 cm Beden 40: 78 cm 100 cm Beden 42: 82 cm 104 cm Modelin \u00d6l\u00e7\u00fcleri: Boy: 174 cm G\u00f6\u011f\u00fcs: 83 cm Bel: 60 cm Kal\u00e7a: 90 cm Modelin Giydi\u011fi Beden: 36<\/p>\n","protected":false},"excerpt":{"rendered":"<p>%64 polyester ve %24 viskon kar\u0131\u015f\u0131m\u0131 kuma\u015ftan \u00fcretilen bu y\u0131rtma\u00e7 detayl\u0131 pantolonlar, k\u0131yafetlerinize zarif bir dokunu\u015f kat\u0131yor. Hafif ancak dayan\u0131kl\u0131 yap\u0131s\u0131yla t\u00fcm g\u00fcn konfor sa\u011flarken, polyester dayan\u0131kl\u0131l\u0131\u011f\u0131 art\u0131r\u0131rken viskon yumu\u015fak doku, hafif parlakl\u0131k ve nefes alabilirlik sunuyor. Pa\u00e7a k\u0131sm\u0131ndaki y\u0131rtma\u00e7 detaylar\u0131 modern ve sofistike bir biti\u015f sa\u011flarken, drapeli sil\u00fcet kolay giyim imkan\u0131 veriyor. \u00dcr\u00fcn ger\u00e7ek beden \u00f6l\u00e7\u00fclerine uygun oldu\u011fundan normal bedeninizi se\u00e7menizi \u00f6neririz. Bak\u0131m talimatlar\u0131: 30\u00b0C&#8217;de hassas y\u0131kama. Kurutma makinesinde kurutmay\u0131n. Uzunluk: 108 cm (\u00dcr\u00fcn uzunlu\u011fu \u00fcretim partileri aras\u0131nda 1-3 cm farkl\u0131l\u0131k g\u00f6sterebilir.) Beden Tablosu: Bel Kal\u00e7a Beden 36: 70 cm 92 cm Beden 38: 74 cm 96 cm Beden 40: 78 cm 100 cm Beden 42: 82 cm 104 cm Modelin \u00d6l\u00e7\u00fcleri: Boy: 174 cm G\u00f6\u011f\u00fcs: 83 cm Bel: 60 cm Kal\u00e7a: 90 cm Modelin Giydi\u011fi Beden: 36<\/p>\n","protected":false},"featured_media":48790,"comment_status":"open","ping_status":"closed","template":"","meta":[],"product_brand":[],"product_cat":[1882],"product_tag":[],"class_list":{"0":"post-48794","1":"product","2":"type-product","3":"status-publish","4":"has-post-thumbnail","6":"product_cat-alt-giyim","7":"pa_brand-he-qa","8":"pa_color-aci-kahve-1","9":"pa_size-4701","10":"pa_size-4706","11":"pa_size-4711","12":"pa_size-4713","14":"first","15":"instock","16":"sale","17":"shipping-taxable","18":"purchasable","19":"product-type-variable"},"_links":{"self":[{"href":"https:\/\/mod.wisdar.net\/tr\/wp-json\/wp\/v2\/product\/48794","targetHints":{"allow":["GET"]}}],"collection":[{"href":"https:\/\/mod.wisdar.net\/tr\/wp-json\/wp\/v2\/product"}],"about":[{"href":"https:\/\/mod.wisdar.net\/tr\/wp-json\/wp\/v2\/types\/product"}],"replies":[{"embeddable":true,"href":"https:\/\/mod.wisdar.net\/tr\/wp-json\/wp\/v2\/comments?post=48794"}],"wp:featuredmedia":[{"embeddable":true,"href":"https:\/\/mod.wisdar.net\/tr\/wp-json\/wp\/v2\/media\/48790"}],"wp:attachment":[{"href":"https:\/\/mod.wisdar.net\/tr\/wp-json\/wp\/v2\/media?parent=48794"}],"wp:term":[{"taxonomy":"product_brand","embeddable":true,"href":"https:\/\/mod.wisdar.net\/tr\/wp-json\/wp\/v2\/product_brand?post=48794"},{"taxonomy":"product_cat","embeddable":true,"href":"https:\/\/mod.wisdar.net\/tr\/wp-json\/wp\/v2\/product_cat?post=48794"},{"taxonomy":"product_tag","embeddable":true,"href":"https:\/\/mod.wisdar.net\/tr\/wp-json\/wp\/v2\/product_tag?post=48794"}],"curies":[{"name":"wp","href":"https:\/\/api.w.org\/{rel}","templated":true}]}}