{"id":48853,"date":"2025-12-21T10:09:05","date_gmt":"2025-12-21T10:09:05","guid":{"rendered":"https:\/\/modesthanim.com\/product\/yirtmac-detayli-pantolon-lacivert\/"},"modified":"2026-03-22T12:50:44","modified_gmt":"2026-03-22T12:50:44","slug":"yirtmac-detayli-pantolon-lacivert","status":"publish","type":"product","link":"https:\/\/mod.wisdar.net\/tr\/urun\/yirtmac-detayli-pantolon-lacivert\/","title":{"rendered":"Y\u0131rtma\u00e7 Detayl\u0131 Pantolon Lacivert"},"content":{"rendered":"<p>%64 polyester ve %24 viskon kar\u0131\u015f\u0131ml\u0131 kuma\u015ftan \u00fcretilen Y\u0131rtma\u00e7 detayl\u0131 Pantolon, zarif g\u00f6r\u00fcn\u00fcm\u00fcyle kombinlerinizi tamamlar.Hafif ve dayan\u0131kl\u0131 yap\u0131s\u0131yla g\u00fcn boyu konfor sunar. Polyester dayan\u0131kl\u0131l\u0131k sa\u011flarken, viskon do\u011fal yap\u0131s\u0131yla yumu\u015fak bir doku, hafif parlakl\u0131k ve nefes alabilirlik kazand\u0131r\u0131r. Pa\u00e7a u\u00e7lar\u0131ndaki y\u0131rtma\u00e7 detaylar\u0131 modern ve sofistike bir dokunu\u015f katarken, d\u00f6k\u00fcml\u00fc yap\u0131s\u0131yla rahat bir kullan\u0131m sunar. \u00dcr\u00fcn tam kal\u0131pt\u0131r, s\u0131kl\u0131kla kulland\u0131\u011f\u0131n\u0131z bedeni tercih edebilirsiniz. 30 derecede narin y\u0131kama yap\u0131lmal\u0131d\u0131r. Kurutma yap\u0131lmaz. Boy: 108 cm (\u00dcr\u00fcn boyu \u00fcretimler aras\u0131 1-3 cm de\u011fi\u015febilir.)Kal\u0131p Bilgisi:BelBasen36 Beden: 70 cm 92 cm 38 Beden: 74 cm 96 cm 40 Beden: 78 cm 100 cm 42 Beden: 82 cm 104 cm Manken \u00d6l\u00e7\u00fcleri:Boy: 174 cm G\u00f6\u011f\u00fcs: 83 cm Bel: 60 cm Basen: 90 cm Mankenin \u00dczerindeki Beden: 36<\/p>\n","protected":false},"excerpt":{"rendered":"<p>%64 polyester ve %24 viskon kar\u0131\u015f\u0131ml\u0131 kuma\u015ftan \u00fcretilen Y\u0131rtma\u00e7 detayl\u0131 Pantolon, zarif g\u00f6r\u00fcn\u00fcm\u00fcyle kombinlerinizi tamamlar.Hafif ve dayan\u0131kl\u0131 yap\u0131s\u0131yla g\u00fcn boyu konfor sunar. Polyester dayan\u0131kl\u0131l\u0131k sa\u011flarken, viskon do\u011fal yap\u0131s\u0131yla yumu\u015fak bir doku, hafif parlakl\u0131k ve nefes alabilirlik kazand\u0131r\u0131r. Pa\u00e7a u\u00e7lar\u0131ndaki y\u0131rtma\u00e7 detaylar\u0131 modern ve sofistike bir dokunu\u015f katarken, d\u00f6k\u00fcml\u00fc yap\u0131s\u0131yla rahat bir kullan\u0131m sunar. \u00dcr\u00fcn tam kal\u0131pt\u0131r, s\u0131kl\u0131kla kulland\u0131\u011f\u0131n\u0131z bedeni tercih edebilirsiniz. 30 derecede narin y\u0131kama yap\u0131lmal\u0131d\u0131r. Kurutma yap\u0131lmaz. Boy: 108 cm (\u00dcr\u00fcn boyu \u00fcretimler aras\u0131 1-3 cm de\u011fi\u015febilir.)Kal\u0131p Bilgisi:BelBasen36 Beden: 70 cm 92 cm 38 Beden: 74 cm 96 cm 40 Beden: 78 cm 100 cm 42 Beden: 82 cm 104 cm Manken \u00d6l\u00e7\u00fcleri:Boy: 174 cm G\u00f6\u011f\u00fcs: 83 cm Bel: 60 cm Basen: 90 cm Mankenin \u00dczerindeki Beden: 36<\/p>\n","protected":false},"featured_media":48847,"comment_status":"open","ping_status":"closed","template":"","meta":[],"product_brand":[],"product_cat":[1882],"product_tag":[6845,6751],"class_list":{"0":"post-48853","1":"product","2":"type-product","3":"status-publish","4":"has-post-thumbnail","6":"product_cat-alt-giyim","7":"product_tag-modern-stil","8":"product_tag-rahat","9":"pa_brand-he-qa","10":"pa_color-lacivert","11":"pa_size-4701","12":"pa_size-4706","13":"pa_size-4711","14":"pa_size-4713","16":"first","17":"outofstock","18":"shipping-taxable","19":"product-type-variable"},"_links":{"self":[{"href":"https:\/\/mod.wisdar.net\/tr\/wp-json\/wp\/v2\/product\/48853","targetHints":{"allow":["GET"]}}],"collection":[{"href":"https:\/\/mod.wisdar.net\/tr\/wp-json\/wp\/v2\/product"}],"about":[{"href":"https:\/\/mod.wisdar.net\/tr\/wp-json\/wp\/v2\/types\/product"}],"replies":[{"embeddable":true,"href":"https:\/\/mod.wisdar.net\/tr\/wp-json\/wp\/v2\/comments?post=48853"}],"wp:featuredmedia":[{"embeddable":true,"href":"https:\/\/mod.wisdar.net\/tr\/wp-json\/wp\/v2\/media\/48847"}],"wp:attachment":[{"href":"https:\/\/mod.wisdar.net\/tr\/wp-json\/wp\/v2\/media?parent=48853"}],"wp:term":[{"taxonomy":"product_brand","embeddable":true,"href":"https:\/\/mod.wisdar.net\/tr\/wp-json\/wp\/v2\/product_brand?post=48853"},{"taxonomy":"product_cat","embeddable":true,"href":"https:\/\/mod.wisdar.net\/tr\/wp-json\/wp\/v2\/product_cat?post=48853"},{"taxonomy":"product_tag","embeddable":true,"href":"https:\/\/mod.wisdar.net\/tr\/wp-json\/wp\/v2\/product_tag?post=48853"}],"curies":[{"name":"wp","href":"https:\/\/api.w.org\/{rel}","templated":true}]}}