{"id":48944,"date":"2025-12-21T11:33:33","date_gmt":"2025-12-21T11:33:33","guid":{"rendered":"https:\/\/modesthanim.com\/product\/yun-karisimli-kusakli-kaban-bordo\/"},"modified":"2026-03-22T14:20:54","modified_gmt":"2026-03-22T14:20:54","slug":"yun-karisimli-kusakli-kaban-bordo","status":"publish","type":"product","link":"https:\/\/mod.wisdar.net\/tr\/urun\/yun-karisimli-kusakli-kaban-bordo\/","title":{"rendered":"Y\u00fcn Kar\u0131\u015f\u0131ml\u0131 Ku\u015fakl\u0131 Kaban \u2013 Bordo"},"content":{"rendered":"<p>Y\u00fcn kar\u0131\u015f\u0131ml\u0131 dokusuyla s\u0131cak ve yumu\u015fak bir hissiyat sunan bu kaban, bel ku\u015fa\u011f\u0131yla silueti zarif\u00e7e vurgular. Temiz \u00e7izgileri modern bir sadelik olu\u015ftururken, ak\u0131c\u0131 formu \u015fehir stiline do\u011fal ve sofistike bir \u015f\u0131kl\u0131k katar.<br \/>\nKuma\u015f \u0130\u00e7eri\u011fi: %60 Y\u00fcn, %40 Polyester<br \/>\nAstar: %100 Polyester<br \/>\nDesen: D\u00fcz<br \/>\nYaka Tipi: Kruvaze Yaka<br \/>\nKol Tipi: Uzun Kol<br \/>\nCep: Gizli Cep<br \/>\nAstar: Astarl\u0131<br \/>\n\u00dcr\u00fcn Boyu: 114 cm<br \/>\nKal\u0131p Tipi: Normal Kal\u0131p<br \/>\nManken \u00d6l\u00e7\u00fcleri:<br \/>\nBoy: 174 cm<br \/>\nG\u00f6\u011f\u00fcs: 81 cm<br \/>\nBel: 60 cm<br \/>\nBasen: 89 cm<br \/>\nMankenin Giydi\u011fi Beden: 38<\/p>\n","protected":false},"excerpt":{"rendered":"<p>Y\u00fcn kar\u0131\u015f\u0131ml\u0131 dokusuyla s\u0131cak ve yumu\u015fak bir hissiyat sunan bu kaban, bel ku\u015fa\u011f\u0131yla silueti zarif\u00e7e vurgular. Temiz \u00e7izgileri modern bir sadelik olu\u015ftururken, ak\u0131c\u0131 formu \u015fehir stiline do\u011fal ve sofistike bir \u015f\u0131kl\u0131k katar.<br \/>\nKuma\u015f \u0130\u00e7eri\u011fi: %60 Y\u00fcn, %40 Polyester<br \/>\nAstar: %100 Polyester<br \/>\nDesen: D\u00fcz<br \/>\nYaka Tipi: Kruvaze Yaka<br \/>\nKol Tipi: Uzun Kol<br \/>\nCep: Gizli Cep<br \/>\nAstar: Astarl\u0131<br \/>\n\u00dcr\u00fcn Boyu: 114 cm<br \/>\nKal\u0131p Tipi: Normal Kal\u0131p<br \/>\nManken \u00d6l\u00e7\u00fcleri:<br \/>\nBoy: 174 cm<br \/>\nG\u00f6\u011f\u00fcs: 81 cm<br \/>\nBel: 60 cm<br \/>\nBasen: 89 cm<br \/>\nMankenin Giydi\u011fi Beden: 38<\/p>\n","protected":false},"featured_media":48924,"comment_status":"open","ping_status":"closed","template":"","meta":[],"product_brand":[],"product_cat":[2047],"product_tag":[8172,7960,6845,6311],"class_list":{"0":"post-48944","1":"product","2":"type-product","3":"status-publish","4":"has-post-thumbnail","6":"product_cat-paltolar","7":"product_tag-bordo-kaban","8":"product_tag-kadin-dis-giyim","9":"product_tag-modern-stil","10":"product_tag-winter-coat","11":"pa_color-bordo","12":"pa_size-4701","13":"pa_size-4706","14":"pa_size-4711","15":"pa_size-4713","16":"pa_size-4751","18":"first","19":"instock","20":"sale","21":"shipping-taxable","22":"purchasable","23":"product-type-variable"},"_links":{"self":[{"href":"https:\/\/mod.wisdar.net\/tr\/wp-json\/wp\/v2\/product\/48944","targetHints":{"allow":["GET"]}}],"collection":[{"href":"https:\/\/mod.wisdar.net\/tr\/wp-json\/wp\/v2\/product"}],"about":[{"href":"https:\/\/mod.wisdar.net\/tr\/wp-json\/wp\/v2\/types\/product"}],"replies":[{"embeddable":true,"href":"https:\/\/mod.wisdar.net\/tr\/wp-json\/wp\/v2\/comments?post=48944"}],"wp:featuredmedia":[{"embeddable":true,"href":"https:\/\/mod.wisdar.net\/tr\/wp-json\/wp\/v2\/media\/48924"}],"wp:attachment":[{"href":"https:\/\/mod.wisdar.net\/tr\/wp-json\/wp\/v2\/media?parent=48944"}],"wp:term":[{"taxonomy":"product_brand","embeddable":true,"href":"https:\/\/mod.wisdar.net\/tr\/wp-json\/wp\/v2\/product_brand?post=48944"},{"taxonomy":"product_cat","embeddable":true,"href":"https:\/\/mod.wisdar.net\/tr\/wp-json\/wp\/v2\/product_cat?post=48944"},{"taxonomy":"product_tag","embeddable":true,"href":"https:\/\/mod.wisdar.net\/tr\/wp-json\/wp\/v2\/product_tag?post=48944"}],"curies":[{"name":"wp","href":"https:\/\/api.w.org\/{rel}","templated":true}]}}