{"id":48985,"date":"2025-12-21T11:34:34","date_gmt":"2025-12-21T11:34:34","guid":{"rendered":"https:\/\/modesthanim.com\/product\/dik-yakali-kaban-murdum\/"},"modified":"2026-03-22T14:12:10","modified_gmt":"2026-03-22T14:12:10","slug":"dik-yakali-kaban-murdum","status":"publish","type":"product","link":"https:\/\/mod.wisdar.net\/tr\/urun\/dik-yakali-kaban-murdum\/","title":{"rendered":"Dik Yakal\u0131 Kaban \u2013 M\u00fcrd\u00fcm"},"content":{"rendered":"<p>Dik yaka tasar\u0131m\u0131yla modern ve g\u00fc\u00e7l\u00fc bir duru\u015f sunan bu kaban, sade \u00e7izgileri ve zarif formuyla \u015fehir \u015f\u0131kl\u0131\u011f\u0131n\u0131 sofistike bir seviyeye ta\u015f\u0131r. Yap\u0131sal kesimi silueti kusursuzca \u015fekillendirirken, s\u0131cak tutan dokusu mevsim ge\u00e7i\u015flerinde konfor sa\u011flar.<br \/>\nKuma\u015f \u0130\u00e7eri\u011fi: %75 Polyester, %22 Viskon, %3 Elastan<br \/>\nDesen: D\u00fcz<br \/>\nYaka Tipi: Dik Yaka<br \/>\nKol Tipi: Uzun Kol<br \/>\nCep: Fleto Cep<br \/>\nAstar: Astarl\u0131<br \/>\n\u00dcr\u00fcn Boyu: 110 cm<br \/>\nKal\u0131p Tipi: Normal Kal\u0131p<br \/>\nManken \u00d6l\u00e7\u00fcleri:Boy: 174 cmG\u00f6\u011f\u00fcs: 81 cmBel: 60 cmBasen: 89 cm<br \/>\nMankenin Giydi\u011fi Beden: 38<\/p>\n","protected":false},"excerpt":{"rendered":"<p>Dik yaka tasar\u0131m\u0131yla modern ve g\u00fc\u00e7l\u00fc bir duru\u015f sunan bu kaban, sade \u00e7izgileri ve zarif formuyla \u015fehir \u015f\u0131kl\u0131\u011f\u0131n\u0131 sofistike bir seviyeye ta\u015f\u0131r. Yap\u0131sal kesimi silueti kusursuzca \u015fekillendirirken, s\u0131cak tutan dokusu mevsim ge\u00e7i\u015flerinde konfor sa\u011flar.<br \/>\nKuma\u015f \u0130\u00e7eri\u011fi: %75 Polyester, %22 Viskon, %3 Elastan<br \/>\nDesen: D\u00fcz<br \/>\nYaka Tipi: Dik Yaka<br \/>\nKol Tipi: Uzun Kol<br \/>\nCep: Fleto Cep<br \/>\nAstar: Astarl\u0131<br \/>\n\u00dcr\u00fcn Boyu: 110 cm<br \/>\nKal\u0131p Tipi: Normal Kal\u0131p<br \/>\nManken \u00d6l\u00e7\u00fcleri:Boy: 174 cmG\u00f6\u011f\u00fcs: 81 cmBel: 60 cmBasen: 89 cm<br \/>\nMankenin Giydi\u011fi Beden: 38<\/p>\n","protected":false},"featured_media":48979,"comment_status":"open","ping_status":"closed","template":"","meta":[],"product_brand":[],"product_cat":[2047],"product_tag":[7895],"class_list":{"0":"post-48985","1":"product","2":"type-product","3":"status-publish","4":"has-post-thumbnail","6":"product_cat-paltolar","7":"product_tag-kis-modasi","8":"pa_color-murdum","9":"pa_size-4706","10":"pa_size-4711","11":"pa_size-4713","12":"pa_size-4751","14":"first","15":"instock","16":"sale","17":"shipping-taxable","18":"purchasable","19":"product-type-variable"},"_links":{"self":[{"href":"https:\/\/mod.wisdar.net\/tr\/wp-json\/wp\/v2\/product\/48985","targetHints":{"allow":["GET"]}}],"collection":[{"href":"https:\/\/mod.wisdar.net\/tr\/wp-json\/wp\/v2\/product"}],"about":[{"href":"https:\/\/mod.wisdar.net\/tr\/wp-json\/wp\/v2\/types\/product"}],"replies":[{"embeddable":true,"href":"https:\/\/mod.wisdar.net\/tr\/wp-json\/wp\/v2\/comments?post=48985"}],"wp:featuredmedia":[{"embeddable":true,"href":"https:\/\/mod.wisdar.net\/tr\/wp-json\/wp\/v2\/media\/48979"}],"wp:attachment":[{"href":"https:\/\/mod.wisdar.net\/tr\/wp-json\/wp\/v2\/media?parent=48985"}],"wp:term":[{"taxonomy":"product_brand","embeddable":true,"href":"https:\/\/mod.wisdar.net\/tr\/wp-json\/wp\/v2\/product_brand?post=48985"},{"taxonomy":"product_cat","embeddable":true,"href":"https:\/\/mod.wisdar.net\/tr\/wp-json\/wp\/v2\/product_cat?post=48985"},{"taxonomy":"product_tag","embeddable":true,"href":"https:\/\/mod.wisdar.net\/tr\/wp-json\/wp\/v2\/product_tag?post=48985"}],"curies":[{"name":"wp","href":"https:\/\/api.w.org\/{rel}","templated":true}]}}