{"id":49055,"date":"2025-12-21T12:13:50","date_gmt":"2025-12-21T12:13:50","guid":{"rendered":"https:\/\/modesthanim.com\/product\/citcit-kapamali-kapitone-kap-siyah\/"},"modified":"2026-02-16T06:16:29","modified_gmt":"2026-02-16T06:16:29","slug":"citcit-kapamali-kapitone-kap-siyah","status":"publish","type":"product","link":"https:\/\/mod.wisdar.net\/tr\/urun\/citcit-kapamali-kapitone-kap-siyah\/","title":{"rendered":"\u00c7\u0131t\u00e7\u0131t Kapamal\u0131 Kapitone Kap \u2013 Siyah"},"content":{"rendered":"<p>Hafif ama s\u0131cak tutan yap\u0131s\u0131 sayesinde \u015fehir hayat\u0131ndan hafta sonu bulu\u015fmalar\u0131na kadar her an\u0131n\u0131za uyum sa\u011fl\u0131yor.<br \/>\nKuma\u015f \u0130\u00e7eri\u011fi: %97 Polyester, %3 Elastan<br \/>\nDesen: Kapitone Desen<br \/>\nYaka Tipi: Kap\u00fc\u015fon Yaka<br \/>\nKol Tipi: Uzun Kol<br \/>\nCep: Gizli Cep<br \/>\nAstar: Astarl\u0131<br \/>\n\u00dcr\u00fcn Boyu: 120 cm<br \/>\nKal\u0131p Tipi: Normal Kal\u0131p<br \/>\nMankenin Giydi\u011fi Beden: 38<br \/>\nManken \u00d6l\u00e7\u00fcleri:<br \/>\nBoy: 175 cm<br \/>\nG\u00f6\u011f\u00fcs: 85 cm<br \/>\nBel: 60 cm<br \/>\nBasen: 90 cm<\/p>\n","protected":false},"excerpt":{"rendered":"<p>Hafif ama s\u0131cak tutan yap\u0131s\u0131 sayesinde \u015fehir hayat\u0131ndan hafta sonu bulu\u015fmalar\u0131na kadar her an\u0131n\u0131za uyum sa\u011fl\u0131yor.<br \/>\nKuma\u015f \u0130\u00e7eri\u011fi: %97 Polyester, %3 Elastan<br \/>\nDesen: Kapitone Desen<br \/>\nYaka Tipi: Kap\u00fc\u015fon Yaka<br \/>\nKol Tipi: Uzun Kol<br \/>\nCep: Gizli Cep<br \/>\nAstar: Astarl\u0131<br \/>\n\u00dcr\u00fcn Boyu: 120 cm<br \/>\nKal\u0131p Tipi: Normal Kal\u0131p<br \/>\nMankenin Giydi\u011fi Beden: 38<br \/>\nManken \u00d6l\u00e7\u00fcleri:<br \/>\nBoy: 175 cm<br \/>\nG\u00f6\u011f\u00fcs: 85 cm<br \/>\nBel: 60 cm<br \/>\nBasen: 90 cm<\/p>\n","protected":false},"featured_media":49044,"comment_status":"open","ping_status":"closed","template":"","meta":[],"product_brand":[],"product_cat":[2047],"product_tag":[7244,7985,4999,6314,6311],"class_list":{"0":"post-49055","1":"product","2":"type-product","3":"status-publish","4":"has-post-thumbnail","6":"product_cat-paltolar","7":"product_tag-citcit-kapama","8":"product_tag-kapusonlu-mont","9":"product_tag-outerwear","10":"product_tag-quilted-coat","11":"product_tag-winter-coat","12":"pa_color-siyah","13":"pa_size-4706","14":"pa_size-4711","15":"pa_size-4713","16":"pa_size-4751","17":"pa_size-4749","18":"pa_size-4747","19":"pa_size-4746","21":"first","22":"instock","23":"sale","24":"shipping-taxable","25":"purchasable","26":"product-type-variable"},"_links":{"self":[{"href":"https:\/\/mod.wisdar.net\/tr\/wp-json\/wp\/v2\/product\/49055","targetHints":{"allow":["GET"]}}],"collection":[{"href":"https:\/\/mod.wisdar.net\/tr\/wp-json\/wp\/v2\/product"}],"about":[{"href":"https:\/\/mod.wisdar.net\/tr\/wp-json\/wp\/v2\/types\/product"}],"replies":[{"embeddable":true,"href":"https:\/\/mod.wisdar.net\/tr\/wp-json\/wp\/v2\/comments?post=49055"}],"wp:featuredmedia":[{"embeddable":true,"href":"https:\/\/mod.wisdar.net\/tr\/wp-json\/wp\/v2\/media\/49044"}],"wp:attachment":[{"href":"https:\/\/mod.wisdar.net\/tr\/wp-json\/wp\/v2\/media?parent=49055"}],"wp:term":[{"taxonomy":"product_brand","embeddable":true,"href":"https:\/\/mod.wisdar.net\/tr\/wp-json\/wp\/v2\/product_brand?post=49055"},{"taxonomy":"product_cat","embeddable":true,"href":"https:\/\/mod.wisdar.net\/tr\/wp-json\/wp\/v2\/product_cat?post=49055"},{"taxonomy":"product_tag","embeddable":true,"href":"https:\/\/mod.wisdar.net\/tr\/wp-json\/wp\/v2\/product_tag?post=49055"}],"curies":[{"name":"wp","href":"https:\/\/api.w.org\/{rel}","templated":true}]}}