{"id":49066,"date":"2025-12-21T12:13:53","date_gmt":"2025-12-21T12:13:53","guid":{"rendered":"https:\/\/modesthanim.com\/product\/kaz-tuyu-yelek-lacivert\/"},"modified":"2026-02-07T21:20:51","modified_gmt":"2026-02-07T21:20:51","slug":"kaz-tuyu-yelek-lacivert","status":"publish","type":"product","link":"https:\/\/mod.wisdar.net\/tr\/urun\/kaz-tuyu-yelek-lacivert\/","title":{"rendered":"Kaz T\u00fcy\u00fc Yelek \u2013 Lacivert"},"content":{"rendered":"<p>Kaz t\u00fcy\u00fc dolgusu v\u00fccut s\u0131cakl\u0131\u011f\u0131n\u0131 dengelerken, modern kesimi her k\u0131yafete \u015f\u0131k bir dokunu\u015f katar. G\u00fcnl\u00fck kullan\u0131mdan \u015fehir y\u00fcr\u00fcy\u00fc\u015flerine kadar, m\u00fckemmel bir temel par\u00e7a olacakt\u0131r.<\/p>\n<p>Kuma\u015f \u0130\u00e7eri\u011fi: %100 Polyester<br \/>\nAstarlama: %100 Polyester<br \/>\nDolgu: Kaz T\u00fcy\u00fc Dolgu<br \/>\nDolgu Tipi: %90 Yanak, %10 S\u0131rt<br \/>\nDesen: Blok Desen<br \/>\nYaka Tipi: Kap\u00fc\u015fonlu Yaka<br \/>\nKol Tipi: Kolsuz<br \/>\nCep: Fleto Cep<br \/>\nAstarlama: Astarl\u0131<br \/>\n\u00dcr\u00fcn Uzunlu\u011fu: 105 cm<br \/>\nKal\u0131p Tipi: Normal Kal\u0131p<br \/>\nModelin Giyim Bedeni: 36<br \/>\nModel \u00d6l\u00e7\u00fcleri: Boy: 174 cm G\u00f6\u011f\u00fcs: 81 cm Bel: 60 cm Kal\u00e7a: 89 cm<\/p>\n<p>\u2014 Teknik Detaylar \u2014<br \/>\nAstarlama: Astarl\u0131<br \/>\nDolgu: Kaz T\u00fcy\u00fc Dolgu<br \/>\nDolgu Tipi: %90 Yanak, %10 S\u0131rt<br \/>\nDesen: Blok Desen<br \/>\nYaka Tipi: Kap\u00fc\u015fonlu Yaka<br \/>\nKol Tipi: Kolsuz<br \/>\nCep: Fleto Cep<br \/>\n\u00dcr\u00fcn Uzunlu\u011fu: 105 cm<br \/>\nKal\u0131p Tipi: Normal Kal\u0131p<br \/>\nModelin Giyim Bedeni: 36<br \/>\nModel \u00d6l\u00e7\u00fcleri: Boy: 174 cm G\u00f6\u011f\u00fcs: 81 cm Bel: 60 cm Kal\u00e7a: 89 cm<\/p>\n","protected":false},"excerpt":{"rendered":"<p>Kaz t\u00fcy\u00fc dolgusu v\u00fccut s\u0131cakl\u0131\u011f\u0131n\u0131 dengelerken, modern kesimi her k\u0131yafete \u015f\u0131k bir dokunu\u015f katar. G\u00fcnl\u00fck kullan\u0131mdan \u015fehir y\u00fcr\u00fcy\u00fc\u015flerine kadar, m\u00fckemmel bir temel par\u00e7a olacakt\u0131r.<\/p>\n<p>Kuma\u015f \u0130\u00e7eri\u011fi: %100 Polyester<br \/>\nAstarlama: %100 Polyester<br \/>\nDolgu: Kaz T\u00fcy\u00fc Dolgu<br \/>\nDolgu Tipi: %90 Yanak, %10 S\u0131rt<br \/>\nDesen: Blok Desen<br \/>\nYaka Tipi: Kap\u00fc\u015fonlu Yaka<br \/>\nKol Tipi: Kolsuz<br \/>\nCep: Fleto Cep<br \/>\nAstarlama: Astarl\u0131<br \/>\n\u00dcr\u00fcn Uzunlu\u011fu: 105 cm<br \/>\nKal\u0131p Tipi: Normal Kal\u0131p<br \/>\nModelin Giyim Bedeni: 36<br \/>\nModel \u00d6l\u00e7\u00fcleri: Boy: 174 cm G\u00f6\u011f\u00fcs: 81 cm Bel: 60 cm Kal\u00e7a: 89 cm<\/p>\n<p>\u2014 Teknik Detaylar \u2014<br \/>\nAstarlama: Astarl\u0131<br \/>\nDolgu: Kaz T\u00fcy\u00fc Dolgu<br \/>\nDolgu Tipi: %90 Yanak, %10 S\u0131rt<br \/>\nDesen: Blok Desen<br \/>\nYaka Tipi: Kap\u00fc\u015fonlu Yaka<br \/>\nKol Tipi: Kolsuz<br \/>\nCep: Fleto Cep<br \/>\n\u00dcr\u00fcn Uzunlu\u011fu: 105 cm<br \/>\nKal\u0131p Tipi: Normal Kal\u0131p<br \/>\nModelin Giyim Bedeni: 36<br \/>\nModel \u00d6l\u00e7\u00fcleri: Boy: 174 cm G\u00f6\u011f\u00fcs: 81 cm Bel: 60 cm Kal\u00e7a: 89 cm<\/p>\n","protected":false},"featured_media":49043,"comment_status":"open","ping_status":"closed","template":"","meta":[],"product_brand":[],"product_cat":[2053],"product_tag":[],"class_list":{"0":"post-49066","1":"product","2":"type-product","3":"status-publish","4":"has-post-thumbnail","6":"product_cat-yelekler-yelekler","7":"pa_color-lacivert","8":"pa_size-4701","9":"pa_size-4706","10":"pa_size-4711","11":"pa_size-4713","12":"pa_size-4751","13":"pa_size-4749","15":"first","16":"instock","17":"sale","18":"shipping-taxable","19":"purchasable","20":"product-type-variable"},"_links":{"self":[{"href":"https:\/\/mod.wisdar.net\/tr\/wp-json\/wp\/v2\/product\/49066","targetHints":{"allow":["GET"]}}],"collection":[{"href":"https:\/\/mod.wisdar.net\/tr\/wp-json\/wp\/v2\/product"}],"about":[{"href":"https:\/\/mod.wisdar.net\/tr\/wp-json\/wp\/v2\/types\/product"}],"replies":[{"embeddable":true,"href":"https:\/\/mod.wisdar.net\/tr\/wp-json\/wp\/v2\/comments?post=49066"}],"wp:featuredmedia":[{"embeddable":true,"href":"https:\/\/mod.wisdar.net\/tr\/wp-json\/wp\/v2\/media\/49043"}],"wp:attachment":[{"href":"https:\/\/mod.wisdar.net\/tr\/wp-json\/wp\/v2\/media?parent=49066"}],"wp:term":[{"taxonomy":"product_brand","embeddable":true,"href":"https:\/\/mod.wisdar.net\/tr\/wp-json\/wp\/v2\/product_brand?post=49066"},{"taxonomy":"product_cat","embeddable":true,"href":"https:\/\/mod.wisdar.net\/tr\/wp-json\/wp\/v2\/product_cat?post=49066"},{"taxonomy":"product_tag","embeddable":true,"href":"https:\/\/mod.wisdar.net\/tr\/wp-json\/wp\/v2\/product_tag?post=49066"}],"curies":[{"name":"wp","href":"https:\/\/api.w.org\/{rel}","templated":true}]}}