{"id":4910,"date":"2025-11-07T20:16:06","date_gmt":"2025-11-01T12:38:38","guid":{"rendered":"https:\/\/modesthanim.com\/product\/vizon-rengi-utku-etek-takimi\/"},"modified":"2026-04-03T13:22:31","modified_gmt":"2026-04-03T13:22:31","slug":"vizon-rengi-utku-etek-takimi","status":"publish","type":"product","link":"https:\/\/mod.wisdar.net\/tr\/urun\/vizon-rengi-utku-etek-takimi\/","title":{"rendered":"Vizon Rengi Utku Etek Tak\u0131m\u0131"},"content":{"rendered":"<p>Ceket k\u0131\u015fl\u0131k poliviskon kuma\u015ftan yap\u0131lm\u0131\u015ft\u0131r ve etek deri kuma\u015ftan \u00fcretilmi\u015ftir. Ceket, desenli tasar\u0131m\u0131, tam boy d\u00fc\u011fmeleri, astar\u0131 ve bir kemer ile \u00f6ne \u00e7\u0131kar. Ete\u011fin yan\u0131nda fermuar bulunmaktad\u0131r. Ceket uzunlu\u011fu: 52cm, Omuz: 42cm, G\u00f6\u011f\u00fcs: 49cm. Etek uzunlu\u011fu: 93cm, Bel: 37cm.<\/p>\n","protected":false},"excerpt":{"rendered":"<p>Ceket k\u0131\u015fl\u0131k poliviskon kuma\u015ftan yap\u0131lm\u0131\u015ft\u0131r ve etek deri kuma\u015ftan \u00fcretilmi\u015ftir. Ceket, desenli tasar\u0131m\u0131, tam boy d\u00fc\u011fmeleri, astar\u0131 ve bir kemer ile \u00f6ne \u00e7\u0131kar. Ete\u011fin yan\u0131nda fermuar bulunmaktad\u0131r. Ceket uzunlu\u011fu: 52cm, Omuz: 42cm, G\u00f6\u011f\u00fcs: 49cm. Etek uzunlu\u011fu: 93cm, Bel: 37cm.<\/p>\n","protected":false},"featured_media":4897,"comment_status":"open","ping_status":"closed","template":"","meta":[],"product_brand":[],"product_cat":[1900],"product_tag":[3059,3058,3060,2996,3057],"class_list":{"0":"post-4910","1":"product","2":"type-product","3":"status-publish","4":"has-post-thumbnail","6":"product_cat-koordinatlar-setler","7":"product_tag-leather-skirt","8":"product_tag-mink-color","9":"product_tag-patterned-jacket","10":"product_tag-skirt-suit","11":"product_tag-winter-suit","12":"pa_brand-butikkolik","13":"pa_color-vizon","14":"pa_size-4706","15":"pa_size-4711","16":"pa_size-4713","17":"pa_size-4751","18":"pa_size-4749","20":"first","21":"outofstock","22":"shipping-taxable","23":"product-type-variable"},"_links":{"self":[{"href":"https:\/\/mod.wisdar.net\/tr\/wp-json\/wp\/v2\/product\/4910","targetHints":{"allow":["GET"]}}],"collection":[{"href":"https:\/\/mod.wisdar.net\/tr\/wp-json\/wp\/v2\/product"}],"about":[{"href":"https:\/\/mod.wisdar.net\/tr\/wp-json\/wp\/v2\/types\/product"}],"replies":[{"embeddable":true,"href":"https:\/\/mod.wisdar.net\/tr\/wp-json\/wp\/v2\/comments?post=4910"}],"wp:featuredmedia":[{"embeddable":true,"href":"https:\/\/mod.wisdar.net\/tr\/wp-json\/wp\/v2\/media\/4897"}],"wp:attachment":[{"href":"https:\/\/mod.wisdar.net\/tr\/wp-json\/wp\/v2\/media?parent=4910"}],"wp:term":[{"taxonomy":"product_brand","embeddable":true,"href":"https:\/\/mod.wisdar.net\/tr\/wp-json\/wp\/v2\/product_brand?post=4910"},{"taxonomy":"product_cat","embeddable":true,"href":"https:\/\/mod.wisdar.net\/tr\/wp-json\/wp\/v2\/product_cat?post=4910"},{"taxonomy":"product_tag","embeddable":true,"href":"https:\/\/mod.wisdar.net\/tr\/wp-json\/wp\/v2\/product_tag?post=4910"}],"curies":[{"name":"wp","href":"https:\/\/api.w.org\/{rel}","templated":true}]}}