{"id":49155,"date":"2025-12-21T12:15:26","date_gmt":"2025-12-21T12:15:26","guid":{"rendered":"https:\/\/modesthanim.com\/product\/kaz-tuyu-yelek-siyah\/"},"modified":"2026-04-03T03:32:31","modified_gmt":"2026-04-03T03:32:31","slug":"kaz-tuyu-yelek-siyah","status":"publish","type":"product","link":"https:\/\/mod.wisdar.net\/tr\/urun\/kaz-tuyu-yelek-siyah\/","title":{"rendered":"Kaz T\u00fcy\u00fc Yelek \u2013 Siyah"},"content":{"rendered":"<p>Kaz t\u00fcy\u00fc dolgusu sayesinde v\u00fccut \u0131s\u0131s\u0131n\u0131 dengelerken, modern kesimiyle her kombine sofistike bir dokunu\u015f katar. G\u00fcnl\u00fck stillerden \u015fehir y\u00fcr\u00fcy\u00fc\u015flerine kadar her an\u0131n kurtar\u0131c\u0131 par\u00e7as\u0131 olmaya aday.<br \/>\nKuma\u015f \u0130\u00e7eri\u011fi:  %100 Polyester<br \/>\nAstar: %100 Polyester<br \/>\nDolgu: Kaz T\u00fcy\u00fc Dolgu<br \/>\nDolgu T\u00fcr\u00fc: %90 G\u0131d\u0131k, %10 S\u0131rt<br \/>\nDesen: Blok Desen<br \/>\nYaka Tipi: Kap\u00fc\u015fon Yaka<br \/>\nKol Tipi: Kolsuz<br \/>\nCep: Fleto Cep<br \/>\nAstar: Astarl\u0131<br \/>\n\u00dcr\u00fcn Boyu: 105 cm<br \/>\nKal\u0131p Tipi: Normal Kal\u0131p<br \/>\nManken \u00d6l\u00e7\u00fcleri:<br \/>\nBoy: 173 cm<br \/>\nG\u00f6\u011f\u00fcs: 81 cm<br \/>\nBel: 63 cm<br \/>\nBasen: 90 cm<br \/>\nMankenin Giydi\u011fi Beden: 36<\/p>\n<p>\u2014 Technical Details \u2014<br \/>\nAstar: Astarl\u0131<br \/>\nDolgu: Kaz T\u00fcy\u00fc Dolgu<br \/>\nDolgu T\u00fcr\u00fc: %90 G\u0131d\u0131k, %10 S\u0131rt<br \/>\nDesen: Blok Desen<br \/>\nYaka Tipi: Kap\u00fc\u015fon Yaka<br \/>\nKol Tipi: Kolsuz<br \/>\nCep: Fleto Cep<br \/>\n\u00dcr\u00fcn Boyu: 105 cm<br \/>\nKal\u0131p Tipi: Normal Kal\u0131p<\/p>\n","protected":false},"excerpt":{"rendered":"<p>Kaz t\u00fcy\u00fc dolgusu sayesinde v\u00fccut \u0131s\u0131s\u0131n\u0131 dengelerken, modern kesimiyle her kombine sofistike bir dokunu\u015f katar. G\u00fcnl\u00fck stillerden \u015fehir y\u00fcr\u00fcy\u00fc\u015flerine kadar her an\u0131n kurtar\u0131c\u0131 par\u00e7as\u0131 olmaya aday.<br \/>\nKuma\u015f \u0130\u00e7eri\u011fi:  %100 Polyester<br \/>\nAstar: %100 Polyester<br \/>\nDolgu: Kaz T\u00fcy\u00fc Dolgu<br \/>\nDolgu T\u00fcr\u00fc: %90 G\u0131d\u0131k, %10 S\u0131rt<br \/>\nDesen: Blok Desen<br \/>\nYaka Tipi: Kap\u00fc\u015fon Yaka<br \/>\nKol Tipi: Kolsuz<br \/>\nCep: Fleto Cep<br \/>\nAstar: Astarl\u0131<br \/>\n\u00dcr\u00fcn Boyu: 105 cm<br \/>\nKal\u0131p Tipi: Normal Kal\u0131p<br \/>\nManken \u00d6l\u00e7\u00fcleri:<br \/>\nBoy: 173 cm<br \/>\nG\u00f6\u011f\u00fcs: 81 cm<br \/>\nBel: 63 cm<br \/>\nBasen: 90 cm<br \/>\nMankenin Giydi\u011fi Beden: 36<\/p>\n<p>\u2014 Technical Details \u2014<br \/>\nAstar: Astarl\u0131<br \/>\nDolgu: Kaz T\u00fcy\u00fc Dolgu<br \/>\nDolgu T\u00fcr\u00fc: %90 G\u0131d\u0131k, %10 S\u0131rt<br \/>\nDesen: Blok Desen<br \/>\nYaka Tipi: Kap\u00fc\u015fon Yaka<br \/>\nKol Tipi: Kolsuz<br \/>\nCep: Fleto Cep<br \/>\n\u00dcr\u00fcn Boyu: 105 cm<br \/>\nKal\u0131p Tipi: Normal Kal\u0131p<\/p>\n","protected":false},"featured_media":49143,"comment_status":"open","ping_status":"closed","template":"","meta":[],"product_brand":[],"product_cat":[2053],"product_tag":[7895,6825],"class_list":{"0":"post-49155","1":"product","2":"type-product","3":"status-publish","4":"has-post-thumbnail","6":"product_cat-yelekler-yelekler","7":"product_tag-kis-modasi","8":"product_tag-sehir-stili","9":"pa_brand-tugba","10":"pa_color-siyah","11":"pa_size-4701","12":"pa_size-4706","13":"pa_size-4711","14":"pa_size-4713","15":"pa_size-4751","16":"pa_size-4749","18":"first","19":"instock","20":"sale","21":"shipping-taxable","22":"purchasable","23":"product-type-variable"},"_links":{"self":[{"href":"https:\/\/mod.wisdar.net\/tr\/wp-json\/wp\/v2\/product\/49155","targetHints":{"allow":["GET"]}}],"collection":[{"href":"https:\/\/mod.wisdar.net\/tr\/wp-json\/wp\/v2\/product"}],"about":[{"href":"https:\/\/mod.wisdar.net\/tr\/wp-json\/wp\/v2\/types\/product"}],"replies":[{"embeddable":true,"href":"https:\/\/mod.wisdar.net\/tr\/wp-json\/wp\/v2\/comments?post=49155"}],"wp:featuredmedia":[{"embeddable":true,"href":"https:\/\/mod.wisdar.net\/tr\/wp-json\/wp\/v2\/media\/49143"}],"wp:attachment":[{"href":"https:\/\/mod.wisdar.net\/tr\/wp-json\/wp\/v2\/media?parent=49155"}],"wp:term":[{"taxonomy":"product_brand","embeddable":true,"href":"https:\/\/mod.wisdar.net\/tr\/wp-json\/wp\/v2\/product_brand?post=49155"},{"taxonomy":"product_cat","embeddable":true,"href":"https:\/\/mod.wisdar.net\/tr\/wp-json\/wp\/v2\/product_cat?post=49155"},{"taxonomy":"product_tag","embeddable":true,"href":"https:\/\/mod.wisdar.net\/tr\/wp-json\/wp\/v2\/product_tag?post=49155"}],"curies":[{"name":"wp","href":"https:\/\/api.w.org\/{rel}","templated":true}]}}