{"id":49228,"date":"2025-12-21T12:16:54","date_gmt":"2025-12-21T12:16:54","guid":{"rendered":"https:\/\/modesthanim.com\/product\/deri-piping-detayli-cep-yelegi-antrasit\/"},"modified":"2026-04-03T03:41:32","modified_gmt":"2026-04-03T03:41:32","slug":"deri-piping-detayli-cep-yelegi-antrasit","status":"publish","type":"product","link":"https:\/\/mod.wisdar.net\/tr\/urun\/deri-piping-detayli-cep-yelegi-antrasit\/","title":{"rendered":"Deri Piping Detayl\u0131 Cep Yele\u011fi \u2013 Antrasit"},"content":{"rendered":"<p>Modern hatlar\u0131yla \u00f6ne \u00e7\u0131kan Deri Piping Detayl\u0131 Cep Yele\u011fi, i\u015flevselli\u011fi zarafetle birle\u015ftiren bir tasar\u0131ma sahiptir. Deri piping detaylar\u0131 minimalist g\u00f6r\u00fcn\u00fcm\u00fc g\u00fc\u00e7lendirerek sofistike bir dokunu\u015f katarken, cepler pratiklik sunar.<\/p>\n<p>Kuma\u015f \u0130\u00e7eri\u011fi: %30 Y\u00fcn, %30 Akrilik, %25 Polyester, %15 Pamuk<\/p>\n<p>Kombinasyon Kuma\u015f\u0131: %100 Polyester<\/p>\n<p>Desen: D\u00fcz<\/p>\n<p>Yaka Tipi: V Yaka<\/p>\n<p>Kol Tipi: Kolsuz<\/p>\n<p>Cep: Aplikasyon Cep<\/p>\n<p>Astarlama: Astars\u0131z<\/p>\n<p>\u00dcr\u00fcn Uzunlu\u011fu: 63 cm<\/p>\n<p>Kal\u0131p Tipi: Normal Kal\u0131p<\/p>\n<p>Modelin Giyim Bedeni: 38<\/p>\n<p>Model \u00d6l\u00e7\u00fcleri: Boy: 175 cm G\u00f6\u011f\u00fcs: 85 cm Bel: 70 cm Kal\u00e7a: 98 cm<\/p>\n<p>\u2014 Teknik Detaylar \u2014<br \/>\nkombinasyon_kumas: %100 Polyester<br \/>\ndesen: D\u00fcz<br \/>\nyaka_tipi: V Yaka<br \/>\nkol_tipi: Kolsuz<br \/>\ncep: Aplikasyon Cep<br \/>\nastarlama: Astars\u0131z<br \/>\nurun_uzunlugu_cm: 63<br \/>\nkalip_tipi: Normal Kal\u0131p<br \/>\nmodel_giyim_bedeni: 38<br \/>\nmodel_boy_cm: 175<br \/>\nmodel_gogus_cm: 85<br \/>\nmodel_bel_cm: 70<br \/>\nmodel_kalca_cm: 98<\/p>\n","protected":false},"excerpt":{"rendered":"<p>Modern hatlar\u0131yla \u00f6ne \u00e7\u0131kan Deri Piping Detayl\u0131 Cep Yele\u011fi, i\u015flevselli\u011fi zarafetle birle\u015ftiren bir tasar\u0131ma sahiptir. Deri piping detaylar\u0131 minimalist g\u00f6r\u00fcn\u00fcm\u00fc g\u00fc\u00e7lendirerek sofistike bir dokunu\u015f katarken, cepler pratiklik sunar.<\/p>\n<p>Kuma\u015f \u0130\u00e7eri\u011fi: %30 Y\u00fcn, %30 Akrilik, %25 Polyester, %15 Pamuk<\/p>\n<p>Kombinasyon Kuma\u015f\u0131: %100 Polyester<\/p>\n<p>Desen: D\u00fcz<\/p>\n<p>Yaka Tipi: V Yaka<\/p>\n<p>Kol Tipi: Kolsuz<\/p>\n<p>Cep: Aplikasyon Cep<\/p>\n<p>Astarlama: Astars\u0131z<\/p>\n<p>\u00dcr\u00fcn Uzunlu\u011fu: 63 cm<\/p>\n<p>Kal\u0131p Tipi: Normal Kal\u0131p<\/p>\n<p>Modelin Giyim Bedeni: 38<\/p>\n<p>Model \u00d6l\u00e7\u00fcleri: Boy: 175 cm G\u00f6\u011f\u00fcs: 85 cm Bel: 70 cm Kal\u00e7a: 98 cm<\/p>\n<p>\u2014 Teknik Detaylar \u2014<br \/>\nkombinasyon_kumas: %100 Polyester<br \/>\ndesen: D\u00fcz<br \/>\nyaka_tipi: V Yaka<br \/>\nkol_tipi: Kolsuz<br \/>\ncep: Aplikasyon Cep<br \/>\nastarlama: Astars\u0131z<br \/>\nurun_uzunlugu_cm: 63<br \/>\nkalip_tipi: Normal Kal\u0131p<br \/>\nmodel_giyim_bedeni: 38<br \/>\nmodel_boy_cm: 175<br \/>\nmodel_gogus_cm: 85<br \/>\nmodel_bel_cm: 70<br \/>\nmodel_kalca_cm: 98<\/p>\n","protected":false},"featured_media":49219,"comment_status":"open","ping_status":"closed","template":"","meta":[],"product_brand":[],"product_cat":[2053],"product_tag":[6777],"class_list":{"0":"post-49228","1":"product","2":"type-product","3":"status-publish","4":"has-post-thumbnail","6":"product_cat-yelekler-yelekler","7":"product_tag-antrasit","8":"pa_brand-tugba","9":"pa_color-anthracite","10":"pa_size-4706","11":"pa_size-4711","12":"pa_size-4713","13":"pa_size-4751","15":"first","16":"instock","17":"sale","18":"shipping-taxable","19":"purchasable","20":"product-type-variable"},"_links":{"self":[{"href":"https:\/\/mod.wisdar.net\/tr\/wp-json\/wp\/v2\/product\/49228","targetHints":{"allow":["GET"]}}],"collection":[{"href":"https:\/\/mod.wisdar.net\/tr\/wp-json\/wp\/v2\/product"}],"about":[{"href":"https:\/\/mod.wisdar.net\/tr\/wp-json\/wp\/v2\/types\/product"}],"replies":[{"embeddable":true,"href":"https:\/\/mod.wisdar.net\/tr\/wp-json\/wp\/v2\/comments?post=49228"}],"wp:featuredmedia":[{"embeddable":true,"href":"https:\/\/mod.wisdar.net\/tr\/wp-json\/wp\/v2\/media\/49219"}],"wp:attachment":[{"href":"https:\/\/mod.wisdar.net\/tr\/wp-json\/wp\/v2\/media?parent=49228"}],"wp:term":[{"taxonomy":"product_brand","embeddable":true,"href":"https:\/\/mod.wisdar.net\/tr\/wp-json\/wp\/v2\/product_brand?post=49228"},{"taxonomy":"product_cat","embeddable":true,"href":"https:\/\/mod.wisdar.net\/tr\/wp-json\/wp\/v2\/product_cat?post=49228"},{"taxonomy":"product_tag","embeddable":true,"href":"https:\/\/mod.wisdar.net\/tr\/wp-json\/wp\/v2\/product_tag?post=49228"}],"curies":[{"name":"wp","href":"https:\/\/api.w.org\/{rel}","templated":true}]}}