{"id":49295,"date":"2025-12-21T12:18:00","date_gmt":"2025-12-21T12:18:00","guid":{"rendered":"https:\/\/modesthanim.com\/product\/deri-biye-detayli-cepli-yelek-siyah\/"},"modified":"2026-04-15T22:06:04","modified_gmt":"2026-04-15T22:06:04","slug":"deri-biye-detayli-cepli-yelek-siyah","status":"publish","type":"product","link":"https:\/\/mod.wisdar.net\/tr\/urun\/deri-biye-detayli-cepli-yelek-siyah\/","title":{"rendered":"Deri Biye Detayl\u0131 Cepli Yelek \u2013 Siyah"},"content":{"rendered":"<p>Modern \u00e7izgileriyle \u00f6ne \u00e7\u0131kan Deri Biye Detayl\u0131 Cepli Yelek, i\u015flevselli\u011fi \u015f\u0131kl\u0131kla bulu\u015fturan bir tasar\u0131ma sahip. Minimal g\u00f6r\u00fcn\u00fcm\u00fcn\u00fc g\u00fc\u00e7lendiren deri biye detaylar\u0131, par\u00e7aya sofistike bir dokunu\u015f katarken, cepleriyle pratiklik sunuyor.<br \/>\nKuma\u015f \u0130\u00e7eri\u011fi: %30 Of, %30 Akrilik, %25 Polyester, %15 Pamuklu<br \/>\nKombin Kuma\u015f: %100 Polyester<br \/>\nDesen: D\u00fcz<br \/>\nYaka Tipi: V Yaka<br \/>\nKol Tipi: Kolsuz<br \/>\nCep: Aplike Cep<br \/>\nAstar: Astars\u0131z<br \/>\n\u00dcr\u00fcn Boyu: 63 cm<br \/>\nKal\u0131p Tipi: Normal Kal\u0131p<br \/>\nMankenin Giydi\u011fi Beden: 38<br \/>\nManken \u00d6l\u00e7\u00fcleri:Boy: 175 cmG\u00f6\u011f\u00fcs: 85 cmBel: 70 cmBasen: 98 cm<\/p>\n","protected":false},"excerpt":{"rendered":"<p>Modern \u00e7izgileriyle \u00f6ne \u00e7\u0131kan Deri Biye Detayl\u0131 Cepli Yelek, i\u015flevselli\u011fi \u015f\u0131kl\u0131kla bulu\u015fturan bir tasar\u0131ma sahip. Minimal g\u00f6r\u00fcn\u00fcm\u00fcn\u00fc g\u00fc\u00e7lendiren deri biye detaylar\u0131, par\u00e7aya sofistike bir dokunu\u015f katarken, cepleriyle pratiklik sunuyor.<br \/>\nKuma\u015f \u0130\u00e7eri\u011fi: %30 Of, %30 Akrilik, %25 Polyester, %15 Pamuklu<br \/>\nKombin Kuma\u015f: %100 Polyester<br \/>\nDesen: D\u00fcz<br \/>\nYaka Tipi: V Yaka<br \/>\nKol Tipi: Kolsuz<br \/>\nCep: Aplike Cep<br \/>\nAstar: Astars\u0131z<br \/>\n\u00dcr\u00fcn Boyu: 63 cm<br \/>\nKal\u0131p Tipi: Normal Kal\u0131p<br \/>\nMankenin Giydi\u011fi Beden: 38<br \/>\nManken \u00d6l\u00e7\u00fcleri:Boy: 175 cmG\u00f6\u011f\u00fcs: 85 cmBel: 70 cmBasen: 98 cm<\/p>\n","protected":false},"featured_media":49283,"comment_status":"open","ping_status":"closed","template":"","meta":[],"product_brand":[],"product_cat":[2053],"product_tag":[],"class_list":{"0":"post-49295","1":"product","2":"type-product","3":"status-publish","4":"has-post-thumbnail","6":"product_cat-yelekler-yelekler","7":"pa_brand-tugba","8":"pa_color-siyah","9":"pa_size-4706","10":"pa_size-4711","11":"pa_size-4713","12":"pa_size-4751","14":"first","15":"instock","16":"sale","17":"shipping-taxable","18":"purchasable","19":"product-type-variable"},"_links":{"self":[{"href":"https:\/\/mod.wisdar.net\/tr\/wp-json\/wp\/v2\/product\/49295","targetHints":{"allow":["GET"]}}],"collection":[{"href":"https:\/\/mod.wisdar.net\/tr\/wp-json\/wp\/v2\/product"}],"about":[{"href":"https:\/\/mod.wisdar.net\/tr\/wp-json\/wp\/v2\/types\/product"}],"replies":[{"embeddable":true,"href":"https:\/\/mod.wisdar.net\/tr\/wp-json\/wp\/v2\/comments?post=49295"}],"wp:featuredmedia":[{"embeddable":true,"href":"https:\/\/mod.wisdar.net\/tr\/wp-json\/wp\/v2\/media\/49283"}],"wp:attachment":[{"href":"https:\/\/mod.wisdar.net\/tr\/wp-json\/wp\/v2\/media?parent=49295"}],"wp:term":[{"taxonomy":"product_brand","embeddable":true,"href":"https:\/\/mod.wisdar.net\/tr\/wp-json\/wp\/v2\/product_brand?post=49295"},{"taxonomy":"product_cat","embeddable":true,"href":"https:\/\/mod.wisdar.net\/tr\/wp-json\/wp\/v2\/product_cat?post=49295"},{"taxonomy":"product_tag","embeddable":true,"href":"https:\/\/mod.wisdar.net\/tr\/wp-json\/wp\/v2\/product_tag?post=49295"}],"curies":[{"name":"wp","href":"https:\/\/api.w.org\/{rel}","templated":true}]}}