{"id":49376,"date":"2025-12-21T12:19:30","date_gmt":"2025-12-21T12:19:30","guid":{"rendered":"https:\/\/modesthanim.com\/product\/pelus-garnili-kapitone-yelek-bej\/"},"modified":"2026-03-22T14:31:17","modified_gmt":"2026-03-22T14:31:17","slug":"pelus-garnili-kapitone-yelek-bej","status":"publish","type":"product","link":"https:\/\/mod.wisdar.net\/tr\/urun\/pelus-garnili-kapitone-yelek-bej\/","title":{"rendered":"Pelu\u015f Garnili Kapitone Yelek \u2013 Bej"},"content":{"rendered":"<p>Hafif yap\u0131s\u0131yla rahatl\u0131k sa\u011flarken, pelu\u015f dokunu\u015flar sayesinde s\u0131cak ve yumu\u015fak bir kullan\u0131m deneyimi sunar.<br \/>\nKuma\u015f \u0130\u00e7eri\u011fi: %100 Polyester<br \/>\nDesen: Kapitone Desen<br \/>\nYaka Tipi: Dik Yaka<br \/>\nKol Tipi: Kolsuz<br \/>\nCep: Gizli Cep<br \/>\nAstar: Astarl\u0131<br \/>\n\u00dcr\u00fcn Boyu: 95 cm<br \/>\nKal\u0131p Tipi: Normal Kal\u0131p<br \/>\nMankenin Giydi\u011fi Beden: 38<br \/>\nManken \u00d6l\u00e7\u00fcleri:Boy: 175 cmG\u00f6\u011f\u00fcs: 85 cmBel: 70 cmBasen: 98 cm<\/p>\n","protected":false},"excerpt":{"rendered":"<p>Hafif yap\u0131s\u0131yla rahatl\u0131k sa\u011flarken, pelu\u015f dokunu\u015flar sayesinde s\u0131cak ve yumu\u015fak bir kullan\u0131m deneyimi sunar.<br \/>\nKuma\u015f \u0130\u00e7eri\u011fi: %100 Polyester<br \/>\nDesen: Kapitone Desen<br \/>\nYaka Tipi: Dik Yaka<br \/>\nKol Tipi: Kolsuz<br \/>\nCep: Gizli Cep<br \/>\nAstar: Astarl\u0131<br \/>\n\u00dcr\u00fcn Boyu: 95 cm<br \/>\nKal\u0131p Tipi: Normal Kal\u0131p<br \/>\nMankenin Giydi\u011fi Beden: 38<br \/>\nManken \u00d6l\u00e7\u00fcleri:Boy: 175 cmG\u00f6\u011f\u00fcs: 85 cmBel: 70 cmBasen: 98 cm<\/p>\n","protected":false},"featured_media":49361,"comment_status":"open","ping_status":"closed","template":"","meta":[],"product_brand":[],"product_cat":[2053],"product_tag":[8338,7895,7972],"class_list":{"0":"post-49376","1":"product","2":"type-product","3":"status-publish","4":"has-post-thumbnail","6":"product_cat-yelekler-yelekler","7":"product_tag-gunluk-dis-giyim","8":"product_tag-kis-modasi","9":"product_tag-suni-kurk","10":"pa_color-bej","11":"pa_size-4706","12":"pa_size-4711","13":"pa_size-4713","14":"pa_size-4751","16":"first","17":"instock","18":"sale","19":"shipping-taxable","20":"purchasable","21":"product-type-variable"},"_links":{"self":[{"href":"https:\/\/mod.wisdar.net\/tr\/wp-json\/wp\/v2\/product\/49376","targetHints":{"allow":["GET"]}}],"collection":[{"href":"https:\/\/mod.wisdar.net\/tr\/wp-json\/wp\/v2\/product"}],"about":[{"href":"https:\/\/mod.wisdar.net\/tr\/wp-json\/wp\/v2\/types\/product"}],"replies":[{"embeddable":true,"href":"https:\/\/mod.wisdar.net\/tr\/wp-json\/wp\/v2\/comments?post=49376"}],"wp:featuredmedia":[{"embeddable":true,"href":"https:\/\/mod.wisdar.net\/tr\/wp-json\/wp\/v2\/media\/49361"}],"wp:attachment":[{"href":"https:\/\/mod.wisdar.net\/tr\/wp-json\/wp\/v2\/media?parent=49376"}],"wp:term":[{"taxonomy":"product_brand","embeddable":true,"href":"https:\/\/mod.wisdar.net\/tr\/wp-json\/wp\/v2\/product_brand?post=49376"},{"taxonomy":"product_cat","embeddable":true,"href":"https:\/\/mod.wisdar.net\/tr\/wp-json\/wp\/v2\/product_cat?post=49376"},{"taxonomy":"product_tag","embeddable":true,"href":"https:\/\/mod.wisdar.net\/tr\/wp-json\/wp\/v2\/product_tag?post=49376"}],"curies":[{"name":"wp","href":"https:\/\/api.w.org\/{rel}","templated":true}]}}