{"id":49386,"date":"2025-12-21T12:19:43","date_gmt":"2025-12-21T12:19:43","guid":{"rendered":"https:\/\/modesthanim.com\/product\/pelus-garnili-kapitone-yelek-kahve\/"},"modified":"2026-04-10T03:52:42","modified_gmt":"2026-04-10T03:52:42","slug":"pelus-garnili-kapitone-yelek-kahve","status":"publish","type":"product","link":"https:\/\/mod.wisdar.net\/tr\/urun\/pelus-garnili-kapitone-yelek-kahve\/","title":{"rendered":"Pelu\u015f Garnili Kapitone Yelek \u2013 Kahve"},"content":{"rendered":"<p>Hafif yap\u0131s\u0131yla rahatl\u0131k sa\u011flarken, pelu\u015f dokunu\u015flar sayesinde s\u0131cak ve yumu\u015fak bir kullan\u0131m deneyimi sunar.<br \/>\nKuma\u015f \u0130\u00e7eri\u011fi: %100 Polyester<br \/>\nDesen: Kapitone Desen<br \/>\nYaka Tipi: Dik Yaka<br \/>\nKol Tipi: Kolsuz<br \/>\nCep: Gizli Cep<br \/>\nAstar: Astarl\u0131<br \/>\n\u00dcr\u00fcn Boyu: 95 cm<br \/>\nKal\u0131p Tipi: Normal Kal\u0131p<br \/>\nMankenin Giydi\u011fi Beden: 38<br \/>\nManken \u00d6l\u00e7\u00fcleri:<br \/>\nBoy: 175 cm<br \/>\nG\u00f6\u011f\u00fcs: 85 cm<br \/>\nBel: 60 cm<br \/>\nBasen: 90 cm<\/p>\n<p>\u2014 Technical Details \u2014<br \/>\nDesen: Kapitone Desen<br \/>\nYaka Tipi: Dik Yaka<br \/>\nKol Tipi: Kolsuz<br \/>\nCep: Gizli Cep<br \/>\nAstar: Astarl\u0131<br \/>\n\u00dcr\u00fcn Boyu: 95 cm<br \/>\nKal\u0131p Tipi: Normal Kal\u0131p<br \/>\nMankenin Giydi\u011fi Beden: 38<br \/>\nManken \u00d6l\u00e7\u00fcleri: Boy: 175 cm, G\u00f6\u011f\u00fcs: 85 cm, Bel: 60 cm, Basen: 90 cm<\/p>\n","protected":false},"excerpt":{"rendered":"<p>Hafif yap\u0131s\u0131yla rahatl\u0131k sa\u011flarken, pelu\u015f dokunu\u015flar sayesinde s\u0131cak ve yumu\u015fak bir kullan\u0131m deneyimi sunar.<br \/>\nKuma\u015f \u0130\u00e7eri\u011fi: %100 Polyester<br \/>\nDesen: Kapitone Desen<br \/>\nYaka Tipi: Dik Yaka<br \/>\nKol Tipi: Kolsuz<br \/>\nCep: Gizli Cep<br \/>\nAstar: Astarl\u0131<br \/>\n\u00dcr\u00fcn Boyu: 95 cm<br \/>\nKal\u0131p Tipi: Normal Kal\u0131p<br \/>\nMankenin Giydi\u011fi Beden: 38<br \/>\nManken \u00d6l\u00e7\u00fcleri:<br \/>\nBoy: 175 cm<br \/>\nG\u00f6\u011f\u00fcs: 85 cm<br \/>\nBel: 60 cm<br \/>\nBasen: 90 cm<\/p>\n<p>\u2014 Technical Details \u2014<br \/>\nDesen: Kapitone Desen<br \/>\nYaka Tipi: Dik Yaka<br \/>\nKol Tipi: Kolsuz<br \/>\nCep: Gizli Cep<br \/>\nAstar: Astarl\u0131<br \/>\n\u00dcr\u00fcn Boyu: 95 cm<br \/>\nKal\u0131p Tipi: Normal Kal\u0131p<br \/>\nMankenin Giydi\u011fi Beden: 38<br \/>\nManken \u00d6l\u00e7\u00fcleri: Boy: 175 cm, G\u00f6\u011f\u00fcs: 85 cm, Bel: 60 cm, Basen: 90 cm<\/p>\n","protected":false},"featured_media":49370,"comment_status":"open","ping_status":"closed","template":"","meta":[],"product_brand":[],"product_cat":[2053],"product_tag":[6840,7895,4999],"class_list":{"0":"post-49386","1":"product","2":"type-product","3":"status-publish","4":"has-post-thumbnail","6":"product_cat-yelekler-yelekler","7":"product_tag-kahve-rengi","8":"product_tag-kis-modasi","9":"product_tag-outerwear","10":"pa_brand-tugba","11":"pa_color-kahve","12":"pa_size-4706","13":"pa_size-4711","14":"pa_size-4713","15":"pa_size-4751","17":"first","18":"instock","19":"sale","20":"shipping-taxable","21":"purchasable","22":"product-type-variable"},"_links":{"self":[{"href":"https:\/\/mod.wisdar.net\/tr\/wp-json\/wp\/v2\/product\/49386","targetHints":{"allow":["GET"]}}],"collection":[{"href":"https:\/\/mod.wisdar.net\/tr\/wp-json\/wp\/v2\/product"}],"about":[{"href":"https:\/\/mod.wisdar.net\/tr\/wp-json\/wp\/v2\/types\/product"}],"replies":[{"embeddable":true,"href":"https:\/\/mod.wisdar.net\/tr\/wp-json\/wp\/v2\/comments?post=49386"}],"wp:featuredmedia":[{"embeddable":true,"href":"https:\/\/mod.wisdar.net\/tr\/wp-json\/wp\/v2\/media\/49370"}],"wp:attachment":[{"href":"https:\/\/mod.wisdar.net\/tr\/wp-json\/wp\/v2\/media?parent=49386"}],"wp:term":[{"taxonomy":"product_brand","embeddable":true,"href":"https:\/\/mod.wisdar.net\/tr\/wp-json\/wp\/v2\/product_brand?post=49386"},{"taxonomy":"product_cat","embeddable":true,"href":"https:\/\/mod.wisdar.net\/tr\/wp-json\/wp\/v2\/product_cat?post=49386"},{"taxonomy":"product_tag","embeddable":true,"href":"https:\/\/mod.wisdar.net\/tr\/wp-json\/wp\/v2\/product_tag?post=49386"}],"curies":[{"name":"wp","href":"https:\/\/api.w.org\/{rel}","templated":true}]}}