{"id":4940,"date":"2025-11-01T12:39:06","date_gmt":"2025-11-01T12:39:06","guid":{"rendered":"https:\/\/modesthanim.com\/product\/bayan-lacivert-pantolon-takim\/"},"modified":"2026-04-03T13:26:47","modified_gmt":"2026-04-03T13:26:47","slug":"bayan-lacivert-pantolon-takim","status":"publish","type":"product","link":"https:\/\/mod.wisdar.net\/tr\/urun\/bayan-lacivert-pantolon-takim\/","title":{"rendered":"Bayan Lacivert Pantolon Tak\u0131m"},"content":{"rendered":"<p>Tak\u0131m, Oysho kuma\u015f\u0131ndan yap\u0131lm\u0131\u015ft\u0131r. Yaka k\u0131sm\u0131nda \u00e7\u0131t\u00e7\u0131t detaylar\u0131 bulunur. Tak\u0131m\u0131n yaka k\u0131sm\u0131 bisiklet yaka tasar\u0131m\u0131ndad\u0131r. Tak\u0131m\u0131n yanlar\u0131nda y\u0131rtma\u00e7 detaylar\u0131 vard\u0131r. Tak\u0131m pantolonunun beli lastiklidir. Tak\u0131m bluzunun \u00f6n uzunlu\u011fu: 81 cm, arka uzunlu\u011fu: 87 cm, omuz: 55 cm, g\u00f6\u011f\u00fcs: 55 cm. Tak\u0131m pantolonunun uzunlu\u011fu: 105 cm, bel: 36 cm<\/p>\n","protected":false},"excerpt":{"rendered":"<p>Tak\u0131m, Oysho kuma\u015f\u0131ndan yap\u0131lm\u0131\u015ft\u0131r. Yaka k\u0131sm\u0131nda \u00e7\u0131t\u00e7\u0131t detaylar\u0131 bulunur. Tak\u0131m\u0131n yaka k\u0131sm\u0131 bisiklet yaka tasar\u0131m\u0131ndad\u0131r. Tak\u0131m\u0131n yanlar\u0131nda y\u0131rtma\u00e7 detaylar\u0131 vard\u0131r. Tak\u0131m pantolonunun beli lastiklidir. Tak\u0131m bluzunun \u00f6n uzunlu\u011fu: 81 cm, arka uzunlu\u011fu: 87 cm, omuz: 55 cm, g\u00f6\u011f\u00fcs: 55 cm. Tak\u0131m pantolonunun uzunlu\u011fu: 105 cm, bel: 36 cm<\/p>\n","protected":false},"featured_media":0,"comment_status":"open","ping_status":"closed","template":"","meta":[],"product_brand":[],"product_cat":[1900],"product_tag":[7547,7238],"class_list":{"0":"post-4940","1":"product","2":"type-product","3":"status-publish","5":"product_cat-koordinatlar-setler","6":"product_tag-kadin-giyim","7":"product_tag-lacivert","8":"pa_brand-butikkolik","9":"pa_color-lacivert","10":"pa_size-l-40-42","11":"pa_size-m-38-40","12":"pa_size-s-36-38","13":"pa_size-xl-44-46","15":"first","16":"outofstock","17":"sale","18":"shipping-taxable","19":"purchasable","20":"product-type-variable"},"_links":{"self":[{"href":"https:\/\/mod.wisdar.net\/tr\/wp-json\/wp\/v2\/product\/4940","targetHints":{"allow":["GET"]}}],"collection":[{"href":"https:\/\/mod.wisdar.net\/tr\/wp-json\/wp\/v2\/product"}],"about":[{"href":"https:\/\/mod.wisdar.net\/tr\/wp-json\/wp\/v2\/types\/product"}],"replies":[{"embeddable":true,"href":"https:\/\/mod.wisdar.net\/tr\/wp-json\/wp\/v2\/comments?post=4940"}],"wp:attachment":[{"href":"https:\/\/mod.wisdar.net\/tr\/wp-json\/wp\/v2\/media?parent=4940"}],"wp:term":[{"taxonomy":"product_brand","embeddable":true,"href":"https:\/\/mod.wisdar.net\/tr\/wp-json\/wp\/v2\/product_brand?post=4940"},{"taxonomy":"product_cat","embeddable":true,"href":"https:\/\/mod.wisdar.net\/tr\/wp-json\/wp\/v2\/product_cat?post=4940"},{"taxonomy":"product_tag","embeddable":true,"href":"https:\/\/mod.wisdar.net\/tr\/wp-json\/wp\/v2\/product_tag?post=4940"}],"curies":[{"name":"wp","href":"https:\/\/api.w.org\/{rel}","templated":true}]}}