{"id":49459,"date":"2025-12-21T12:21:04","date_gmt":"2025-12-21T12:21:04","guid":{"rendered":"https:\/\/modesthanim.com\/product\/arkasi-bagcik-detayli-tunik-indigo\/"},"modified":"2026-04-02T20:15:23","modified_gmt":"2026-04-02T20:15:23","slug":"arkasi-bagcik-detayli-tunik-indigo","status":"publish","type":"product","link":"https:\/\/mod.wisdar.net\/tr\/urun\/arkasi-bagcik-detayli-tunik-indigo\/","title":{"rendered":"Arkas\u0131 Ba\u011fc\u0131k Detayl\u0131 Tunik \u2013 \u0130ndigo"},"content":{"rendered":"<p>Arka k\u0131sm\u0131ndaki ba\u011fc\u0131k detay\u0131yla zarif bir siluet kazanan bu tunik, modern tasar\u0131m\u0131yla g\u00fcnl\u00fck \u015f\u0131kl\u0131\u011f\u0131 \u00f6n plana \u00e7\u0131kar\u0131r. Ak\u0131c\u0131 kuma\u015f\u0131 ve rahat kal\u0131b\u0131 sayesinde konforlu bir kullan\u0131m sunarken, ince detaylar\u0131yla stilinize feminen bir hava katar.<br \/>\nKuma\u015f \u0130\u00e7eri\u011fi: %100 Viskon<br \/>\nDesen: D\u00fcz<br \/>\nYaka Tipi: G\u00f6mlek Yaka<br \/>\nKol Tipi: D\u00fc\u015f\u00fck Kol<br \/>\nCep: Gizli Cep<br \/>\nAstar: Astars\u0131z<br \/>\n\u00dcr\u00fcn Boyu: 120 cm<br \/>\nKal\u0131p Tipi: Rahat Kal\u0131p<br \/>\nMankenin Giydi\u011fi Beden: 36<br \/>\nManken \u00d6l\u00e7\u00fcleri:<br \/>\nBoy: 175 cm<br \/>\nG\u00f6\u011f\u00fcs: 85 cm<br \/>\nBel: 60 cm<br \/>\nBasen: 90 cm<\/p>\n","protected":false},"excerpt":{"rendered":"<p>Arka k\u0131sm\u0131ndaki ba\u011fc\u0131k detay\u0131yla zarif bir siluet kazanan bu tunik, modern tasar\u0131m\u0131yla g\u00fcnl\u00fck \u015f\u0131kl\u0131\u011f\u0131 \u00f6n plana \u00e7\u0131kar\u0131r. Ak\u0131c\u0131 kuma\u015f\u0131 ve rahat kal\u0131b\u0131 sayesinde konforlu bir kullan\u0131m sunarken, ince detaylar\u0131yla stilinize feminen bir hava katar.<br \/>\nKuma\u015f \u0130\u00e7eri\u011fi: %100 Viskon<br \/>\nDesen: D\u00fcz<br \/>\nYaka Tipi: G\u00f6mlek Yaka<br \/>\nKol Tipi: D\u00fc\u015f\u00fck Kol<br \/>\nCep: Gizli Cep<br \/>\nAstar: Astars\u0131z<br \/>\n\u00dcr\u00fcn Boyu: 120 cm<br \/>\nKal\u0131p Tipi: Rahat Kal\u0131p<br \/>\nMankenin Giydi\u011fi Beden: 36<br \/>\nManken \u00d6l\u00e7\u00fcleri:<br \/>\nBoy: 175 cm<br \/>\nG\u00f6\u011f\u00fcs: 85 cm<br \/>\nBel: 60 cm<br \/>\nBasen: 90 cm<\/p>\n","protected":false},"featured_media":49449,"comment_status":"open","ping_status":"closed","template":"","meta":[],"product_brand":[],"product_cat":[2050],"product_tag":[6767,7354,4998,5013,6882],"class_list":{"0":"post-49459","1":"product","2":"type-product","3":"status-publish","4":"has-post-thumbnail","6":"product_cat-blazer-ceketler","7":"product_tag-feminen","8":"product_tag-gunluk-giyim-2","9":"product_tag-indigo","10":"product_tag-modern","11":"product_tag-rahat-kesim-2","12":"pa_brand-tugba","13":"pa_color-indigo","14":"pa_size-4701","15":"pa_size-4706","16":"pa_size-4711","17":"pa_size-4713","18":"pa_size-4751","19":"pa_size-4749","21":"first","22":"outofstock","23":"shipping-taxable","24":"product-type-variable"},"_links":{"self":[{"href":"https:\/\/mod.wisdar.net\/tr\/wp-json\/wp\/v2\/product\/49459","targetHints":{"allow":["GET"]}}],"collection":[{"href":"https:\/\/mod.wisdar.net\/tr\/wp-json\/wp\/v2\/product"}],"about":[{"href":"https:\/\/mod.wisdar.net\/tr\/wp-json\/wp\/v2\/types\/product"}],"replies":[{"embeddable":true,"href":"https:\/\/mod.wisdar.net\/tr\/wp-json\/wp\/v2\/comments?post=49459"}],"wp:featuredmedia":[{"embeddable":true,"href":"https:\/\/mod.wisdar.net\/tr\/wp-json\/wp\/v2\/media\/49449"}],"wp:attachment":[{"href":"https:\/\/mod.wisdar.net\/tr\/wp-json\/wp\/v2\/media?parent=49459"}],"wp:term":[{"taxonomy":"product_brand","embeddable":true,"href":"https:\/\/mod.wisdar.net\/tr\/wp-json\/wp\/v2\/product_brand?post=49459"},{"taxonomy":"product_cat","embeddable":true,"href":"https:\/\/mod.wisdar.net\/tr\/wp-json\/wp\/v2\/product_cat?post=49459"},{"taxonomy":"product_tag","embeddable":true,"href":"https:\/\/mod.wisdar.net\/tr\/wp-json\/wp\/v2\/product_tag?post=49459"}],"curies":[{"name":"wp","href":"https:\/\/api.w.org\/{rel}","templated":true}]}}