{"id":49466,"date":"2025-12-21T12:21:05","date_gmt":"2025-12-21T12:21:05","guid":{"rendered":"https:\/\/modesthanim.com\/product\/gizli-patli-tunik-bordo\/"},"modified":"2026-04-15T22:48:18","modified_gmt":"2026-04-15T22:48:18","slug":"gizli-patli-tunik-bordo","status":"publish","type":"product","link":"https:\/\/mod.wisdar.net\/tr\/urun\/gizli-patli-tunik-bordo\/","title":{"rendered":"Gizli Patl\u0131 Tunik \u2013 Bordo"},"content":{"rendered":"<p>Gizli pat tasar\u0131m\u0131yla sade ve kesintisiz bir g\u00f6r\u00fcn\u00fcm sunan bu tunik, minimal \u00e7izgileriyle modern bir \u015f\u0131kl\u0131k yarat\u0131r. Ak\u0131c\u0131 formu g\u00fcn boyu rahatl\u0131k sa\u011flarken, yal\u0131n silueti farkl\u0131 kombinlerle kolayca uyum sa\u011flar.<br \/>\nKuma\u015f \u0130\u00e7eri\u011fi: %63 Viskon, %37 Lyocell<br \/>\nDesen: D\u00fcz<br \/>\nYaka Tipi: Hakim Yaka<br \/>\nKol Tipi: Uzun Kol<br \/>\nCep: Torba Cep<br \/>\nAstar: Astars\u0131z<br \/>\n\u00dcr\u00fcn Boyu: 120 cm<br \/>\nKal\u0131p Tipi: Normal Kal\u0131p<br \/>\nManken \u00d6l\u00e7\u00fcleri:<br \/>\nBoy: 173 cm<br \/>\nG\u00f6\u011f\u00fcs: 81 cm<br \/>\nBel: 63 cm<br \/>\nBasen: 90 cm<br \/>\nMankenin Giydi\u011fi Beden: 38<\/p>\n","protected":false},"excerpt":{"rendered":"<p>Gizli pat tasar\u0131m\u0131yla sade ve kesintisiz bir g\u00f6r\u00fcn\u00fcm sunan bu tunik, minimal \u00e7izgileriyle modern bir \u015f\u0131kl\u0131k yarat\u0131r. Ak\u0131c\u0131 formu g\u00fcn boyu rahatl\u0131k sa\u011flarken, yal\u0131n silueti farkl\u0131 kombinlerle kolayca uyum sa\u011flar.<br \/>\nKuma\u015f \u0130\u00e7eri\u011fi: %63 Viskon, %37 Lyocell<br \/>\nDesen: D\u00fcz<br \/>\nYaka Tipi: Hakim Yaka<br \/>\nKol Tipi: Uzun Kol<br \/>\nCep: Torba Cep<br \/>\nAstar: Astars\u0131z<br \/>\n\u00dcr\u00fcn Boyu: 120 cm<br \/>\nKal\u0131p Tipi: Normal Kal\u0131p<br \/>\nManken \u00d6l\u00e7\u00fcleri:<br \/>\nBoy: 173 cm<br \/>\nG\u00f6\u011f\u00fcs: 81 cm<br \/>\nBel: 63 cm<br \/>\nBasen: 90 cm<br \/>\nMankenin Giydi\u011fi Beden: 38<\/p>\n","protected":false},"featured_media":49450,"comment_status":"open","ping_status":"closed","template":"","meta":[],"product_brand":[],"product_cat":[2050],"product_tag":[7150],"class_list":{"0":"post-49466","1":"product","2":"type-product","3":"status-publish","4":"has-post-thumbnail","6":"product_cat-blazer-ceketler","7":"product_tag-bordo","8":"pa_brand-tugba","9":"pa_color-bordo","10":"pa_size-4706","11":"pa_size-4711","12":"pa_size-4713","13":"pa_size-4751","14":"pa_size-4749","15":"pa_size-4747","17":"first","18":"instock","19":"sale","20":"shipping-taxable","21":"purchasable","22":"product-type-variable"},"_links":{"self":[{"href":"https:\/\/mod.wisdar.net\/tr\/wp-json\/wp\/v2\/product\/49466","targetHints":{"allow":["GET"]}}],"collection":[{"href":"https:\/\/mod.wisdar.net\/tr\/wp-json\/wp\/v2\/product"}],"about":[{"href":"https:\/\/mod.wisdar.net\/tr\/wp-json\/wp\/v2\/types\/product"}],"replies":[{"embeddable":true,"href":"https:\/\/mod.wisdar.net\/tr\/wp-json\/wp\/v2\/comments?post=49466"}],"wp:featuredmedia":[{"embeddable":true,"href":"https:\/\/mod.wisdar.net\/tr\/wp-json\/wp\/v2\/media\/49450"}],"wp:attachment":[{"href":"https:\/\/mod.wisdar.net\/tr\/wp-json\/wp\/v2\/media?parent=49466"}],"wp:term":[{"taxonomy":"product_brand","embeddable":true,"href":"https:\/\/mod.wisdar.net\/tr\/wp-json\/wp\/v2\/product_brand?post=49466"},{"taxonomy":"product_cat","embeddable":true,"href":"https:\/\/mod.wisdar.net\/tr\/wp-json\/wp\/v2\/product_cat?post=49466"},{"taxonomy":"product_tag","embeddable":true,"href":"https:\/\/mod.wisdar.net\/tr\/wp-json\/wp\/v2\/product_tag?post=49466"}],"curies":[{"name":"wp","href":"https:\/\/api.w.org\/{rel}","templated":true}]}}