{"id":49565,"date":"2025-12-21T12:22:25","date_gmt":"2025-12-21T12:22:25","guid":{"rendered":"https:\/\/modesthanim.com\/product\/bagcik-detayli-tunik-pantolon-takim-toprak\/"},"modified":"2026-04-03T03:51:56","modified_gmt":"2026-04-03T03:51:56","slug":"bagcik-detayli-tunik-pantolon-takim-toprak","status":"publish","type":"product","link":"https:\/\/mod.wisdar.net\/tr\/urun\/bagcik-detayli-tunik-pantolon-takim-toprak\/","title":{"rendered":"Ba\u011fc\u0131k Detayl\u0131 Tunik Pantolon Tak\u0131m \u2013 Toprak"},"content":{"rendered":"<p>Tunik ve pantolonun uyumlu formuyla \u00f6ne \u00e7\u0131kan bu tak\u0131m, bel k\u0131sm\u0131ndaki ba\u011fc\u0131k detay\u0131yla v\u00fccuda zarif bir form kazand\u0131r\u0131r. Ak\u0131c\u0131 kuma\u015f\u0131 sayesinde g\u00fcn boyu konfor sunarken, sade ama modern tasar\u0131m\u0131yla \u015fehir stiline sofistike bir dokunu\u015f katar. <\/p>\n<p>\u00dcST<br \/>\nKuma\u015f \u0130\u00e7eri\u011fi: %100 Polyester<br \/>\nDesen: D\u00fcz<br \/>\nYaka Tipi: G\u00f6mlek Yaka<br \/>\nKol Tipi: Uzun Kol<br \/>\nCep: Cepsiz<br \/>\nAstar: Astars\u0131z<br \/>\n\u00dcr\u00fcn Boyu: 100 cm<br \/>\nKal\u0131p Tipi: Normal Kal\u0131p<\/p>\n<p>ALT<br \/>\nKuma\u015f \u0130\u00e7eri\u011fi: %100 Polyester<br \/>\nDesen: D\u00fcz<br \/>\nBel Tipi: Normal Bel<br \/>\nPa\u00e7a Tipi: Bol Pa\u00e7a<br \/>\nCep: Yan Cep<br \/>\nAstar: Astars\u0131z<br \/>\n\u00dcr\u00fcn Boyu: 107 cm<br \/>\nKal\u0131p Tipi: Normal Kal\u0131p<br \/>\nMankenin Giydi\u011fi Beden: 38<br \/>\nManken \u00d6l\u00e7\u00fcleri:<br \/>\nBoy: 178 cm<br \/>\nG\u00f6\u011f\u00fcs: 76 cm<br \/>\nBel: 60 cm<br \/>\nBasen: 90 cm<\/p>\n","protected":false},"excerpt":{"rendered":"<p>Tunik ve pantolonun uyumlu formuyla \u00f6ne \u00e7\u0131kan bu tak\u0131m, bel k\u0131sm\u0131ndaki ba\u011fc\u0131k detay\u0131yla v\u00fccuda zarif bir form kazand\u0131r\u0131r. Ak\u0131c\u0131 kuma\u015f\u0131 sayesinde g\u00fcn boyu konfor sunarken, sade ama modern tasar\u0131m\u0131yla \u015fehir stiline sofistike bir dokunu\u015f katar. <\/p>\n<p>\u00dcST<br \/>\nKuma\u015f \u0130\u00e7eri\u011fi: %100 Polyester<br \/>\nDesen: D\u00fcz<br \/>\nYaka Tipi: G\u00f6mlek Yaka<br \/>\nKol Tipi: Uzun Kol<br \/>\nCep: Cepsiz<br \/>\nAstar: Astars\u0131z<br \/>\n\u00dcr\u00fcn Boyu: 100 cm<br \/>\nKal\u0131p Tipi: Normal Kal\u0131p<\/p>\n<p>ALT<br \/>\nKuma\u015f \u0130\u00e7eri\u011fi: %100 Polyester<br \/>\nDesen: D\u00fcz<br \/>\nBel Tipi: Normal Bel<br \/>\nPa\u00e7a Tipi: Bol Pa\u00e7a<br \/>\nCep: Yan Cep<br \/>\nAstar: Astars\u0131z<br \/>\n\u00dcr\u00fcn Boyu: 107 cm<br \/>\nKal\u0131p Tipi: Normal Kal\u0131p<br \/>\nMankenin Giydi\u011fi Beden: 38<br \/>\nManken \u00d6l\u00e7\u00fcleri:<br \/>\nBoy: 178 cm<br \/>\nG\u00f6\u011f\u00fcs: 76 cm<br \/>\nBel: 60 cm<br \/>\nBasen: 90 cm<\/p>\n","protected":false},"featured_media":49549,"comment_status":"open","ping_status":"closed","template":"","meta":[],"product_brand":[],"product_cat":[2050],"product_tag":[7729,5013,7021,6751,6825],"class_list":{"0":"post-49565","1":"product","2":"type-product","3":"status-publish","4":"has-post-thumbnail","6":"product_cat-blazer-ceketler","7":"product_tag-bol-paca-pantolon","8":"product_tag-modern","9":"product_tag-polyester","10":"product_tag-rahat","11":"product_tag-sehir-stili","12":"pa_brand-tugba","13":"pa_color-toprak","14":"pa_size-4706","15":"pa_size-4711","16":"pa_size-4713","17":"pa_size-4751","18":"pa_size-4749","19":"pa_size-4747","21":"first","22":"instock","23":"sale","24":"shipping-taxable","25":"purchasable","26":"product-type-variable"},"_links":{"self":[{"href":"https:\/\/mod.wisdar.net\/tr\/wp-json\/wp\/v2\/product\/49565","targetHints":{"allow":["GET"]}}],"collection":[{"href":"https:\/\/mod.wisdar.net\/tr\/wp-json\/wp\/v2\/product"}],"about":[{"href":"https:\/\/mod.wisdar.net\/tr\/wp-json\/wp\/v2\/types\/product"}],"replies":[{"embeddable":true,"href":"https:\/\/mod.wisdar.net\/tr\/wp-json\/wp\/v2\/comments?post=49565"}],"wp:featuredmedia":[{"embeddable":true,"href":"https:\/\/mod.wisdar.net\/tr\/wp-json\/wp\/v2\/media\/49549"}],"wp:attachment":[{"href":"https:\/\/mod.wisdar.net\/tr\/wp-json\/wp\/v2\/media?parent=49565"}],"wp:term":[{"taxonomy":"product_brand","embeddable":true,"href":"https:\/\/mod.wisdar.net\/tr\/wp-json\/wp\/v2\/product_brand?post=49565"},{"taxonomy":"product_cat","embeddable":true,"href":"https:\/\/mod.wisdar.net\/tr\/wp-json\/wp\/v2\/product_cat?post=49565"},{"taxonomy":"product_tag","embeddable":true,"href":"https:\/\/mod.wisdar.net\/tr\/wp-json\/wp\/v2\/product_tag?post=49565"}],"curies":[{"name":"wp","href":"https:\/\/api.w.org\/{rel}","templated":true}]}}