{"id":49631,"date":"2025-12-21T12:23:55","date_gmt":"2025-12-21T12:23:55","guid":{"rendered":"https:\/\/modesthanim.com\/product\/aksesuar-detayli-takim-siyah\/"},"modified":"2026-04-03T03:51:56","modified_gmt":"2026-04-03T03:51:56","slug":"aksesuar-detayli-takim-siyah","status":"publish","type":"product","link":"https:\/\/mod.wisdar.net\/tr\/urun\/aksesuar-detayli-takim-siyah\/","title":{"rendered":"Aksesuar Detayl\u0131 Tak\u0131m \u2013 Siyah"},"content":{"rendered":"<p>\u00dcst ve alt par\u00e7an\u0131n uyumunu zarif aksesuar detaylar\u0131yla tamamlayan bu tak\u0131m, sade formuna modern ve sofistike bir hava katar. Ak\u0131c\u0131 dokusu g\u00fcn boyu konfor sa\u011flarken, ince aksesuar vurgusu tasar\u0131ma hafif bir \u0131\u015f\u0131lt\u0131 ve karakter kazand\u0131r\u0131r.<br \/>\n\u00dcST<br \/>\nKuma\u015f \u0130\u00e7eri\u011fi: %80 Pamuklu, %15 Polyester, %5 Elastan<br \/>\nKombin Kuma\u015f: %60 Pu, %35 Polyester, %5 Span<br \/>\nDesen: D\u00fcz \u2013 Deri Detayl\u0131<br \/>\nYaka Tipi: S\u0131f\u0131r Yaka<br \/>\nKol Tipi: Uzun Kol<br \/>\nCep: Cepsiz<br \/>\nAstar: Astars\u0131z<br \/>\n\u00dcr\u00fcn Boyu: 55 cm<br \/>\nKal\u0131p Tipi: Normal Kal\u0131pALT<br \/>\nKuma\u015f \u0130\u00e7eri\u011fi: %80 Pamuklu, %15 Polyester, %5 Elastan<br \/>\nKombin Kuma\u015f: %60 Pu, %35 Polyester, %5 Span<br \/>\nDesen: D\u00fcz<br \/>\nBel Tipi: Normal Bel<br \/>\nEtek Tipi: Pileli<br \/>\nCep: Cepsiz<br \/>\nAstar: Astars\u0131z<br \/>\n\u00dcr\u00fcn Boyu: 95 cm<br \/>\nKal\u0131p Tipi: Normal Kal\u0131p<br \/>\nManken \u00d6l\u00e7\u00fcleri:Boy: 174 cmG\u00f6\u011f\u00fcs: 81 cmBel: 60 cmBasen: 89 cm<br \/>\nMankenin Giydi\u011fi Beden: 38<\/p>\n","protected":false},"excerpt":{"rendered":"<p>\u00dcst ve alt par\u00e7an\u0131n uyumunu zarif aksesuar detaylar\u0131yla tamamlayan bu tak\u0131m, sade formuna modern ve sofistike bir hava katar. Ak\u0131c\u0131 dokusu g\u00fcn boyu konfor sa\u011flarken, ince aksesuar vurgusu tasar\u0131ma hafif bir \u0131\u015f\u0131lt\u0131 ve karakter kazand\u0131r\u0131r.<br \/>\n\u00dcST<br \/>\nKuma\u015f \u0130\u00e7eri\u011fi: %80 Pamuklu, %15 Polyester, %5 Elastan<br \/>\nKombin Kuma\u015f: %60 Pu, %35 Polyester, %5 Span<br \/>\nDesen: D\u00fcz \u2013 Deri Detayl\u0131<br \/>\nYaka Tipi: S\u0131f\u0131r Yaka<br \/>\nKol Tipi: Uzun Kol<br \/>\nCep: Cepsiz<br \/>\nAstar: Astars\u0131z<br \/>\n\u00dcr\u00fcn Boyu: 55 cm<br \/>\nKal\u0131p Tipi: Normal Kal\u0131pALT<br \/>\nKuma\u015f \u0130\u00e7eri\u011fi: %80 Pamuklu, %15 Polyester, %5 Elastan<br \/>\nKombin Kuma\u015f: %60 Pu, %35 Polyester, %5 Span<br \/>\nDesen: D\u00fcz<br \/>\nBel Tipi: Normal Bel<br \/>\nEtek Tipi: Pileli<br \/>\nCep: Cepsiz<br \/>\nAstar: Astars\u0131z<br \/>\n\u00dcr\u00fcn Boyu: 95 cm<br \/>\nKal\u0131p Tipi: Normal Kal\u0131p<br \/>\nManken \u00d6l\u00e7\u00fcleri:Boy: 174 cmG\u00f6\u011f\u00fcs: 81 cmBel: 60 cmBasen: 89 cm<br \/>\nMankenin Giydi\u011fi Beden: 38<\/p>\n","protected":false},"featured_media":49616,"comment_status":"open","ping_status":"closed","template":"","meta":[],"product_brand":[],"product_cat":[1900],"product_tag":[6845,7600],"class_list":{"0":"post-49631","1":"product","2":"type-product","3":"status-publish","4":"has-post-thumbnail","6":"product_cat-koordinatlar-setler","7":"product_tag-modern-stil","8":"product_tag-pileli-etek","9":"pa_brand-tugba","10":"pa_color-siyah","11":"pa_size-4706","12":"pa_size-4711","13":"pa_size-4713","15":"first","16":"outofstock","17":"shipping-taxable","18":"product-type-variable"},"_links":{"self":[{"href":"https:\/\/mod.wisdar.net\/tr\/wp-json\/wp\/v2\/product\/49631","targetHints":{"allow":["GET"]}}],"collection":[{"href":"https:\/\/mod.wisdar.net\/tr\/wp-json\/wp\/v2\/product"}],"about":[{"href":"https:\/\/mod.wisdar.net\/tr\/wp-json\/wp\/v2\/types\/product"}],"replies":[{"embeddable":true,"href":"https:\/\/mod.wisdar.net\/tr\/wp-json\/wp\/v2\/comments?post=49631"}],"wp:featuredmedia":[{"embeddable":true,"href":"https:\/\/mod.wisdar.net\/tr\/wp-json\/wp\/v2\/media\/49616"}],"wp:attachment":[{"href":"https:\/\/mod.wisdar.net\/tr\/wp-json\/wp\/v2\/media?parent=49631"}],"wp:term":[{"taxonomy":"product_brand","embeddable":true,"href":"https:\/\/mod.wisdar.net\/tr\/wp-json\/wp\/v2\/product_brand?post=49631"},{"taxonomy":"product_cat","embeddable":true,"href":"https:\/\/mod.wisdar.net\/tr\/wp-json\/wp\/v2\/product_cat?post=49631"},{"taxonomy":"product_tag","embeddable":true,"href":"https:\/\/mod.wisdar.net\/tr\/wp-json\/wp\/v2\/product_tag?post=49631"}],"curies":[{"name":"wp","href":"https:\/\/api.w.org\/{rel}","templated":true}]}}