{"id":49639,"date":"2025-12-21T12:23:42","date_gmt":"2025-12-21T12:23:42","guid":{"rendered":"https:\/\/modesthanim.com\/product\/kapitone-ceket-etek-takim-siyah\/"},"modified":"2026-04-15T22:52:40","modified_gmt":"2026-04-15T22:52:40","slug":"kapitone-ceket-etek-takim-siyah","status":"publish","type":"product","link":"https:\/\/mod.wisdar.net\/tr\/urun\/kapitone-ceket-etek-takim-siyah\/","title":{"rendered":"Kapitone Ceket Etek Tak\u0131m \u2013 Siyah"},"content":{"rendered":"<p>Kapitone dokusuyla s\u0131cakl\u0131k ve yap\u0131 kazanan bu tak\u0131m, ceket ve etek uyumuyla sofistike bir siluet olu\u015fturur. Modern kesimiyle \u015fehir stiline zarif bir dokunu\u015f katarken, rahat kal\u0131b\u0131 sayesinde g\u00fcn boyu konfor sa\u011flar.<\/p>\n<p>\u00dcST<br \/>\nKuma\u015f \u0130\u00e7eri\u011fi: %75 Polyester, %25 Pamuklu<br \/>\nDesen: D\u00fcz<br \/>\nYaka Tipi: G\u00f6mlek Yaka<br \/>\nKol Tipi: Uzun Kol<br \/>\nCep: Gizli Cep<br \/>\nAstar: Astarl\u0131<br \/>\n\u00dcr\u00fcn Boyu: 51 cm<br \/>\nKal\u0131p Tipi: Normal Kal\u0131p<\/p>\n<p>ALT<br \/>\nKuma\u015f \u0130\u00e7eri\u011fi: %75 Polyester, %25 Pamuklu<br \/>\nDesen: D\u00fcz<br \/>\nBel Tipi: Normal Bel<br \/>\nEtek Tipi: Pileli Etek<br \/>\nCep: Yan Cep<br \/>\nAstar: Astarl\u0131<br \/>\n\u00dcr\u00fcn Boyu: 92 cm<br \/>\nKal\u0131p Tipi: Normal Kal\u0131p<br \/>\nMankenin Giydi\u011fi Beden: 38<br \/>\nManken \u00d6l\u00e7\u00fcleri:<br \/>\nBoy: 178 cm<br \/>\nG\u00f6\u011f\u00fcs: 76 cm<br \/>\nBel: 60 cm<br \/>\nBasen: 90 cm<\/p>\n","protected":false},"excerpt":{"rendered":"<p>Kapitone dokusuyla s\u0131cakl\u0131k ve yap\u0131 kazanan bu tak\u0131m, ceket ve etek uyumuyla sofistike bir siluet olu\u015fturur. Modern kesimiyle \u015fehir stiline zarif bir dokunu\u015f katarken, rahat kal\u0131b\u0131 sayesinde g\u00fcn boyu konfor sa\u011flar.<\/p>\n<p>\u00dcST<br \/>\nKuma\u015f \u0130\u00e7eri\u011fi: %75 Polyester, %25 Pamuklu<br \/>\nDesen: D\u00fcz<br \/>\nYaka Tipi: G\u00f6mlek Yaka<br \/>\nKol Tipi: Uzun Kol<br \/>\nCep: Gizli Cep<br \/>\nAstar: Astarl\u0131<br \/>\n\u00dcr\u00fcn Boyu: 51 cm<br \/>\nKal\u0131p Tipi: Normal Kal\u0131p<\/p>\n<p>ALT<br \/>\nKuma\u015f \u0130\u00e7eri\u011fi: %75 Polyester, %25 Pamuklu<br \/>\nDesen: D\u00fcz<br \/>\nBel Tipi: Normal Bel<br \/>\nEtek Tipi: Pileli Etek<br \/>\nCep: Yan Cep<br \/>\nAstar: Astarl\u0131<br \/>\n\u00dcr\u00fcn Boyu: 92 cm<br \/>\nKal\u0131p Tipi: Normal Kal\u0131p<br \/>\nMankenin Giydi\u011fi Beden: 38<br \/>\nManken \u00d6l\u00e7\u00fcleri:<br \/>\nBoy: 178 cm<br \/>\nG\u00f6\u011f\u00fcs: 76 cm<br \/>\nBel: 60 cm<br \/>\nBasen: 90 cm<\/p>\n","protected":false},"featured_media":49626,"comment_status":"open","ping_status":"closed","template":"","meta":[],"product_brand":[],"product_cat":[1900],"product_tag":[8326,7600,6876],"class_list":{"0":"post-49639","1":"product","2":"type-product","3":"status-publish","4":"has-post-thumbnail","6":"product_cat-koordinatlar-setler","7":"product_tag-gizli-cep","8":"product_tag-pileli-etek","9":"product_tag-rahat-kesim","10":"pa_brand-tugba","11":"pa_color-siyah","12":"pa_size-4701","13":"pa_size-4706","14":"pa_size-4711","15":"pa_size-4713","16":"pa_size-4751","18":"first","19":"instock","20":"sale","21":"shipping-taxable","22":"purchasable","23":"product-type-variable"},"_links":{"self":[{"href":"https:\/\/mod.wisdar.net\/tr\/wp-json\/wp\/v2\/product\/49639","targetHints":{"allow":["GET"]}}],"collection":[{"href":"https:\/\/mod.wisdar.net\/tr\/wp-json\/wp\/v2\/product"}],"about":[{"href":"https:\/\/mod.wisdar.net\/tr\/wp-json\/wp\/v2\/types\/product"}],"replies":[{"embeddable":true,"href":"https:\/\/mod.wisdar.net\/tr\/wp-json\/wp\/v2\/comments?post=49639"}],"wp:featuredmedia":[{"embeddable":true,"href":"https:\/\/mod.wisdar.net\/tr\/wp-json\/wp\/v2\/media\/49626"}],"wp:attachment":[{"href":"https:\/\/mod.wisdar.net\/tr\/wp-json\/wp\/v2\/media?parent=49639"}],"wp:term":[{"taxonomy":"product_brand","embeddable":true,"href":"https:\/\/mod.wisdar.net\/tr\/wp-json\/wp\/v2\/product_brand?post=49639"},{"taxonomy":"product_cat","embeddable":true,"href":"https:\/\/mod.wisdar.net\/tr\/wp-json\/wp\/v2\/product_cat?post=49639"},{"taxonomy":"product_tag","embeddable":true,"href":"https:\/\/mod.wisdar.net\/tr\/wp-json\/wp\/v2\/product_tag?post=49639"}],"curies":[{"name":"wp","href":"https:\/\/api.w.org\/{rel}","templated":true}]}}