{"id":49692,"date":"2025-12-21T12:25:05","date_gmt":"2025-12-21T12:25:05","guid":{"rendered":"https:\/\/modesthanim.com\/product\/tas-detayli-takim-siyah\/"},"modified":"2026-04-10T04:10:35","modified_gmt":"2026-04-10T04:10:35","slug":"tas-detayli-takim-siyah","status":"publish","type":"product","link":"https:\/\/mod.wisdar.net\/tr\/urun\/tas-detayli-takim-siyah\/","title":{"rendered":"Ta\u015f Detayl\u0131 Tak\u0131m \u2013 Siyah"},"content":{"rendered":"<p>Zarif ta\u015f i\u015flemeleriyle \u0131\u015f\u0131lt\u0131 kazanan bu tak\u0131m, modern \u00e7izgileriyle \u015f\u0131kl\u0131\u011f\u0131 kusursuz bir \u015fekilde dengeler. Parlak detaylar tasar\u0131ma sofistike bir hava katarken, uyumlu \u00fcst ve alt formu feminen bir siluet olu\u015fturur.<\/p>\n<p>\u00dcST<br \/>\nKuma\u015f \u0130\u00e7eri\u011fi: %46 Polyester, %46 Viskon, %8 Elastan<br \/>\nDesen: D\u00fcz<br \/>\nYaka Tipi: Kap\u00fc\u015fon Yaka<br \/>\nKol Tipi: D\u00fc\u015f\u00fck Kol<br \/>\nCep: Fleto Cep<br \/>\nAstar: Astars\u0131z<br \/>\n\u00dcr\u00fcn Boyu: 80 cm<br \/>\nKal\u0131p Tipi: Normal Kal\u0131p<\/p>\n<p>ALT<br \/>\nKuma\u015f \u0130\u00e7eri\u011fi: %46 Polyester, %46 Viskon, %8 Elastan<br \/>\nDesen: D\u00fcz<br \/>\nBel Tipi: Normal Bel<br \/>\nPa\u00e7a Tipi: Bol Pa\u00e7a<br \/>\nCep: Yan Cep<br \/>\nAstar: Astars\u0131z<br \/>\n\u00dcr\u00fcn Boyu: 98 cm<br \/>\nKal\u0131p Tipi: Normal Kal\u0131p<\/p>\n<p>Manken \u00d6l\u00e7\u00fcleri:<br \/>\nBoy: 174 cm<br \/>\nG\u00f6\u011f\u00fcs: 81 cm<br \/>\nBel: 60 cm<br \/>\nBasen: 89 cm<\/p>\n<p>Mankenin Giydi\u011fi Beden: 01<\/p>\n<p>1 Beden: 38 \u2013 40<br \/>\n2 Beden: 40 \u2013 42<br \/>\n3 Beden: 42 \u2013 44 ile uyumludur.<\/p>\n","protected":false},"excerpt":{"rendered":"<p>Zarif ta\u015f i\u015flemeleriyle \u0131\u015f\u0131lt\u0131 kazanan bu tak\u0131m, modern \u00e7izgileriyle \u015f\u0131kl\u0131\u011f\u0131 kusursuz bir \u015fekilde dengeler. Parlak detaylar tasar\u0131ma sofistike bir hava katarken, uyumlu \u00fcst ve alt formu feminen bir siluet olu\u015fturur.<\/p>\n<p>\u00dcST<br \/>\nKuma\u015f \u0130\u00e7eri\u011fi: %46 Polyester, %46 Viskon, %8 Elastan<br \/>\nDesen: D\u00fcz<br \/>\nYaka Tipi: Kap\u00fc\u015fon Yaka<br \/>\nKol Tipi: D\u00fc\u015f\u00fck Kol<br \/>\nCep: Fleto Cep<br \/>\nAstar: Astars\u0131z<br \/>\n\u00dcr\u00fcn Boyu: 80 cm<br \/>\nKal\u0131p Tipi: Normal Kal\u0131p<\/p>\n<p>ALT<br \/>\nKuma\u015f \u0130\u00e7eri\u011fi: %46 Polyester, %46 Viskon, %8 Elastan<br \/>\nDesen: D\u00fcz<br \/>\nBel Tipi: Normal Bel<br \/>\nPa\u00e7a Tipi: Bol Pa\u00e7a<br \/>\nCep: Yan Cep<br \/>\nAstar: Astars\u0131z<br \/>\n\u00dcr\u00fcn Boyu: 98 cm<br \/>\nKal\u0131p Tipi: Normal Kal\u0131p<\/p>\n<p>Manken \u00d6l\u00e7\u00fcleri:<br \/>\nBoy: 174 cm<br \/>\nG\u00f6\u011f\u00fcs: 81 cm<br \/>\nBel: 60 cm<br \/>\nBasen: 89 cm<\/p>\n<p>Mankenin Giydi\u011fi Beden: 01<\/p>\n<p>1 Beden: 38 \u2013 40<br \/>\n2 Beden: 40 \u2013 42<br \/>\n3 Beden: 42 \u2013 44 ile uyumludur.<\/p>\n","protected":false},"featured_media":49679,"comment_status":"open","ping_status":"closed","template":"","meta":[],"product_brand":[],"product_cat":[1900],"product_tag":[8420,6744],"class_list":{"0":"post-49692","1":"product","2":"type-product","3":"status-publish","4":"has-post-thumbnail","6":"product_cat-koordinatlar-setler","7":"product_tag-gece-kiyafeti","8":"product_tag-kadin-modasi","9":"pa_brand-tugba","10":"pa_color-siyah","11":"pa_size-4444","12":"pa_size-4460","13":"pa_size-4681","15":"first","16":"outofstock","17":"shipping-taxable","18":"product-type-variable"},"_links":{"self":[{"href":"https:\/\/mod.wisdar.net\/tr\/wp-json\/wp\/v2\/product\/49692","targetHints":{"allow":["GET"]}}],"collection":[{"href":"https:\/\/mod.wisdar.net\/tr\/wp-json\/wp\/v2\/product"}],"about":[{"href":"https:\/\/mod.wisdar.net\/tr\/wp-json\/wp\/v2\/types\/product"}],"replies":[{"embeddable":true,"href":"https:\/\/mod.wisdar.net\/tr\/wp-json\/wp\/v2\/comments?post=49692"}],"wp:featuredmedia":[{"embeddable":true,"href":"https:\/\/mod.wisdar.net\/tr\/wp-json\/wp\/v2\/media\/49679"}],"wp:attachment":[{"href":"https:\/\/mod.wisdar.net\/tr\/wp-json\/wp\/v2\/media?parent=49692"}],"wp:term":[{"taxonomy":"product_brand","embeddable":true,"href":"https:\/\/mod.wisdar.net\/tr\/wp-json\/wp\/v2\/product_brand?post=49692"},{"taxonomy":"product_cat","embeddable":true,"href":"https:\/\/mod.wisdar.net\/tr\/wp-json\/wp\/v2\/product_cat?post=49692"},{"taxonomy":"product_tag","embeddable":true,"href":"https:\/\/mod.wisdar.net\/tr\/wp-json\/wp\/v2\/product_tag?post=49692"}],"curies":[{"name":"wp","href":"https:\/\/api.w.org\/{rel}","templated":true}]}}