{"id":49779,"date":"2025-12-21T12:26:20","date_gmt":"2025-12-21T12:26:20","guid":{"rendered":"https:\/\/modesthanim.com\/product\/cep-detayli-ceket-pantolon-takim-siyah\/"},"modified":"2026-04-10T04:11:13","modified_gmt":"2026-04-10T04:11:13","slug":"cep-detayli-ceket-pantolon-takim-siyah","status":"publish","type":"product","link":"https:\/\/mod.wisdar.net\/tr\/urun\/cep-detayli-ceket-pantolon-takim-siyah\/","title":{"rendered":"Cep Detayl\u0131 Ceket Pantolon Tak\u0131m \u2013 Siyah"},"content":{"rendered":"<p>Modern \u00e7izgileri ve fonksiyonel cep detaylar\u0131yla \u00f6ne \u00e7\u0131kan bu tak\u0131m, \u015f\u0131kl\u0131\u011f\u0131 ve konforu bir araya getirir.<\/p>\n<p>\u00dcST<br \/>\nKuma\u015f \u0130\u00e7eri\u011fi: %89 Polyester, %11 Elastan<br \/>\nDesen: D\u00fcz<br \/>\nYaka Tipi: Blazer Yaka<br \/>\nKol Tipi: Uzun Kol<br \/>\nCep: Kapakl\u0131 Cep<br \/>\nAstar: Astarl\u0131<br \/>\n\u00dcr\u00fcn Boyu: 75 cm<br \/>\nKal\u0131p Tipi: Normal Kal\u0131p<\/p>\n<p>ALT<br \/>\nKuma\u015f \u0130\u00e7eri\u011fi: %89 Polyester, %11 Elastan<br \/>\nDesen: D\u00fcz<br \/>\nBel Tipi: Normal Bel<br \/>\nPa\u00e7a Tipi: Bol Pa\u00e7a<br \/>\nCep: Yan Cep<br \/>\nAstar: Astars\u0131z<br \/>\n\u00dcr\u00fcn Boyu: 111 cm<br \/>\nKal\u0131p Tipi: Normal Kal\u0131p<\/p>\n<p>Manken \u00d6l\u00e7\u00fcleri:<br \/>\nBoy: 174 cm<br \/>\nG\u00f6\u011f\u00fcs: 81 cm<br \/>\nBel: 60 cm<br \/>\nBasen: 89 cm<\/p>\n<p>Mankenin Giydi\u011fi Beden: 38<\/p>\n<p>\u2014 Technical Details \u2014<br \/>\n\u00dcST: {&#8216;Kuma\u015f \u0130\u00e7eri\u011fi&#8217;: &#8216;%89 Polyester, %11 Elastan&#8217;, &#8216;Desen&#8217;: &#8216;D\u00fcz&#8217;, &#8216;Yaka Tipi&#8217;: &#8216;Blazer Yaka&#8217;, &#8216;Kol Tipi&#8217;: &#8216;Uzun Kol&#8217;, &#8216;Cep&#8217;: &#8216;Kapakl\u0131 Cep&#8217;, &#8216;Astar&#8217;: &#8216;Astarl\u0131&#8217;, &#8216;\u00dcr\u00fcn Boyu&#8217;: &#8217;75 cm&#8217;, &#8216;Kal\u0131p Tipi&#8217;: &#8216;Normal Kal\u0131p&#8217;}<br \/>\nALT: {&#8216;Kuma\u015f \u0130\u00e7eri\u011fi&#8217;: &#8216;%89 Polyester, %11 Elastan&#8217;, &#8216;Desen&#8217;: &#8216;D\u00fcz&#8217;, &#8216;Bel Tipi&#8217;: &#8216;Normal Bel&#8217;, &#8216;Pa\u00e7a Tipi&#8217;: &#8216;Bol Pa\u00e7a&#8217;, &#8216;Cep&#8217;: &#8216;Yan Cep&#8217;, &#8216;Astar&#8217;: &#8216;Astars\u0131z&#8217;, &#8216;\u00dcr\u00fcn Boyu&#8217;: &#8216;111 cm&#8217;, &#8216;Kal\u0131p Tipi&#8217;: &#8216;Normal Kal\u0131p&#8217;}<br \/>\nManken \u00d6l\u00e7\u00fcleri: {&#8216;Boy&#8217;: &#8216;174 cm&#8217;, &#8216;G\u00f6\u011f\u00fcs&#8217;: &#8217;81 cm&#8217;, &#8216;Bel&#8217;: &#8217;60 cm&#8217;, &#8216;Basen&#8217;: &#8217;89 cm&#8217;}<br \/>\nMankenin Giydi\u011fi Beden: 38<\/p>\n","protected":false},"excerpt":{"rendered":"<p>Modern \u00e7izgileri ve fonksiyonel cep detaylar\u0131yla \u00f6ne \u00e7\u0131kan bu tak\u0131m, \u015f\u0131kl\u0131\u011f\u0131 ve konforu bir araya getirir.<\/p>\n<p>\u00dcST<br \/>\nKuma\u015f \u0130\u00e7eri\u011fi: %89 Polyester, %11 Elastan<br \/>\nDesen: D\u00fcz<br \/>\nYaka Tipi: Blazer Yaka<br \/>\nKol Tipi: Uzun Kol<br \/>\nCep: Kapakl\u0131 Cep<br \/>\nAstar: Astarl\u0131<br \/>\n\u00dcr\u00fcn Boyu: 75 cm<br \/>\nKal\u0131p Tipi: Normal Kal\u0131p<\/p>\n<p>ALT<br \/>\nKuma\u015f \u0130\u00e7eri\u011fi: %89 Polyester, %11 Elastan<br \/>\nDesen: D\u00fcz<br \/>\nBel Tipi: Normal Bel<br \/>\nPa\u00e7a Tipi: Bol Pa\u00e7a<br \/>\nCep: Yan Cep<br \/>\nAstar: Astars\u0131z<br \/>\n\u00dcr\u00fcn Boyu: 111 cm<br \/>\nKal\u0131p Tipi: Normal Kal\u0131p<\/p>\n<p>Manken \u00d6l\u00e7\u00fcleri:<br \/>\nBoy: 174 cm<br \/>\nG\u00f6\u011f\u00fcs: 81 cm<br \/>\nBel: 60 cm<br \/>\nBasen: 89 cm<\/p>\n<p>Mankenin Giydi\u011fi Beden: 38<\/p>\n<p>\u2014 Technical Details \u2014<br \/>\n\u00dcST: {&#8216;Kuma\u015f \u0130\u00e7eri\u011fi&#8217;: &#8216;%89 Polyester, %11 Elastan&#8217;, &#8216;Desen&#8217;: &#8216;D\u00fcz&#8217;, &#8216;Yaka Tipi&#8217;: &#8216;Blazer Yaka&#8217;, &#8216;Kol Tipi&#8217;: &#8216;Uzun Kol&#8217;, &#8216;Cep&#8217;: &#8216;Kapakl\u0131 Cep&#8217;, &#8216;Astar&#8217;: &#8216;Astarl\u0131&#8217;, &#8216;\u00dcr\u00fcn Boyu&#8217;: &#8217;75 cm&#8217;, &#8216;Kal\u0131p Tipi&#8217;: &#8216;Normal Kal\u0131p&#8217;}<br \/>\nALT: {&#8216;Kuma\u015f \u0130\u00e7eri\u011fi&#8217;: &#8216;%89 Polyester, %11 Elastan&#8217;, &#8216;Desen&#8217;: &#8216;D\u00fcz&#8217;, &#8216;Bel Tipi&#8217;: &#8216;Normal Bel&#8217;, &#8216;Pa\u00e7a Tipi&#8217;: &#8216;Bol Pa\u00e7a&#8217;, &#8216;Cep&#8217;: &#8216;Yan Cep&#8217;, &#8216;Astar&#8217;: &#8216;Astars\u0131z&#8217;, &#8216;\u00dcr\u00fcn Boyu&#8217;: &#8216;111 cm&#8217;, &#8216;Kal\u0131p Tipi&#8217;: &#8216;Normal Kal\u0131p&#8217;}<br \/>\nManken \u00d6l\u00e7\u00fcleri: {&#8216;Boy&#8217;: &#8216;174 cm&#8217;, &#8216;G\u00f6\u011f\u00fcs&#8217;: &#8217;81 cm&#8217;, &#8216;Bel&#8217;: &#8217;60 cm&#8217;, &#8216;Basen&#8217;: &#8217;89 cm&#8217;}<br \/>\nMankenin Giydi\u011fi Beden: 38<\/p>\n","protected":false},"featured_media":49755,"comment_status":"open","ping_status":"closed","template":"","meta":[],"product_brand":[],"product_cat":[1900],"product_tag":[8048,6845,7449,8374],"class_list":{"0":"post-49779","1":"product","2":"type-product","3":"status-publish","4":"has-post-thumbnail","6":"product_cat-koordinatlar-setler","7":"product_tag-cep-detayi","8":"product_tag-modern-stil","9":"product_tag-polyester-elastan-karisimi","10":"product_tag-siyah-takim-elbise","11":"pa_brand-tugba","12":"pa_color-siyah","13":"pa_size-4706","14":"pa_size-4711","15":"pa_size-4713","16":"pa_size-4751","17":"pa_size-4749","18":"pa_size-4747","20":"first","21":"instock","22":"sale","23":"shipping-taxable","24":"purchasable","25":"product-type-variable"},"_links":{"self":[{"href":"https:\/\/mod.wisdar.net\/tr\/wp-json\/wp\/v2\/product\/49779","targetHints":{"allow":["GET"]}}],"collection":[{"href":"https:\/\/mod.wisdar.net\/tr\/wp-json\/wp\/v2\/product"}],"about":[{"href":"https:\/\/mod.wisdar.net\/tr\/wp-json\/wp\/v2\/types\/product"}],"replies":[{"embeddable":true,"href":"https:\/\/mod.wisdar.net\/tr\/wp-json\/wp\/v2\/comments?post=49779"}],"wp:featuredmedia":[{"embeddable":true,"href":"https:\/\/mod.wisdar.net\/tr\/wp-json\/wp\/v2\/media\/49755"}],"wp:attachment":[{"href":"https:\/\/mod.wisdar.net\/tr\/wp-json\/wp\/v2\/media?parent=49779"}],"wp:term":[{"taxonomy":"product_brand","embeddable":true,"href":"https:\/\/mod.wisdar.net\/tr\/wp-json\/wp\/v2\/product_brand?post=49779"},{"taxonomy":"product_cat","embeddable":true,"href":"https:\/\/mod.wisdar.net\/tr\/wp-json\/wp\/v2\/product_cat?post=49779"},{"taxonomy":"product_tag","embeddable":true,"href":"https:\/\/mod.wisdar.net\/tr\/wp-json\/wp\/v2\/product_tag?post=49779"}],"curies":[{"name":"wp","href":"https:\/\/api.w.org\/{rel}","templated":true}]}}