{"id":49829,"date":"2025-12-21T12:27:17","date_gmt":"2025-12-21T12:27:17","guid":{"rendered":"https:\/\/modesthanim.com\/product\/cep-detayli-ceket-pantolon-takim-olive\/"},"modified":"2026-03-23T05:23:37","modified_gmt":"2026-03-23T05:23:37","slug":"cep-detayli-ceket-pantolon-takim-olive","status":"publish","type":"product","link":"https:\/\/mod.wisdar.net\/tr\/urun\/cep-detayli-ceket-pantolon-takim-olive\/","title":{"rendered":"Cep Detayl\u0131 Ceket Pantolon Tak\u0131m \u2013 Olive"},"content":{"rendered":"<p>Modern \u00e7izgileri ve fonksiyonel cep detaylar\u0131yla \u00f6ne \u00e7\u0131kan bu tak\u0131m, \u015f\u0131kl\u0131\u011f\u0131 ve konforu bir araya getirir.<br \/>\n\u00dcST<br \/>\nKuma\u015f \u0130\u00e7eri\u011fi: %89 Polyester, %11 Elastan<br \/>\nDesen: D\u00fcz<br \/>\nYaka Tipi: Blazer Yaka<br \/>\nKol Tipi: Uzun Kol<br \/>\nCep: Kapakl\u0131 Cep<br \/>\nAstar: Astarl\u0131<br \/>\n\u00dcr\u00fcn Boyu: 75 cm<br \/>\nKal\u0131p Tipi: Normal Kal\u0131pALT<br \/>\nKuma\u015f \u0130\u00e7eri\u011fi: %89 Polyester, %11 Elastan<br \/>\nDesen: D\u00fcz<br \/>\nBel Tipi: Normal Bel<br \/>\nPa\u00e7a Tipi: Bol Pa\u00e7a<br \/>\nCep: Yan Cep<br \/>\nAstar: Astars\u0131z<br \/>\n\u00dcr\u00fcn Boyu: 111 cm<br \/>\nKal\u0131p Tipi: Normal Kal\u0131p<br \/>\nManken \u00d6l\u00e7\u00fcleri:Boy: 173 cmG\u00f6\u011f\u00fcs: 81 cmBel: 63 cmBasen: 90 cm<br \/>\nMankenin Giydi\u011fi Beden: 38<\/p>\n","protected":false},"excerpt":{"rendered":"<p>Modern \u00e7izgileri ve fonksiyonel cep detaylar\u0131yla \u00f6ne \u00e7\u0131kan bu tak\u0131m, \u015f\u0131kl\u0131\u011f\u0131 ve konforu bir araya getirir.<br \/>\n\u00dcST<br \/>\nKuma\u015f \u0130\u00e7eri\u011fi: %89 Polyester, %11 Elastan<br \/>\nDesen: D\u00fcz<br \/>\nYaka Tipi: Blazer Yaka<br \/>\nKol Tipi: Uzun Kol<br \/>\nCep: Kapakl\u0131 Cep<br \/>\nAstar: Astarl\u0131<br \/>\n\u00dcr\u00fcn Boyu: 75 cm<br \/>\nKal\u0131p Tipi: Normal Kal\u0131pALT<br \/>\nKuma\u015f \u0130\u00e7eri\u011fi: %89 Polyester, %11 Elastan<br \/>\nDesen: D\u00fcz<br \/>\nBel Tipi: Normal Bel<br \/>\nPa\u00e7a Tipi: Bol Pa\u00e7a<br \/>\nCep: Yan Cep<br \/>\nAstar: Astars\u0131z<br \/>\n\u00dcr\u00fcn Boyu: 111 cm<br \/>\nKal\u0131p Tipi: Normal Kal\u0131p<br \/>\nManken \u00d6l\u00e7\u00fcleri:Boy: 173 cmG\u00f6\u011f\u00fcs: 81 cmBel: 63 cmBasen: 90 cm<br \/>\nMankenin Giydi\u011fi Beden: 38<\/p>\n","protected":false},"featured_media":49820,"comment_status":"open","ping_status":"closed","template":"","meta":[],"product_brand":[],"product_cat":[1900],"product_tag":[],"class_list":{"0":"post-49829","1":"product","2":"type-product","3":"status-publish","4":"has-post-thumbnail","6":"product_cat-koordinatlar-setler","7":"pa_color-olive","8":"pa_size-4706","9":"pa_size-4711","10":"pa_size-4713","11":"pa_size-4751","12":"pa_size-4749","13":"pa_size-4747","15":"first","16":"outofstock","17":"shipping-taxable","18":"product-type-variable"},"_links":{"self":[{"href":"https:\/\/mod.wisdar.net\/tr\/wp-json\/wp\/v2\/product\/49829","targetHints":{"allow":["GET"]}}],"collection":[{"href":"https:\/\/mod.wisdar.net\/tr\/wp-json\/wp\/v2\/product"}],"about":[{"href":"https:\/\/mod.wisdar.net\/tr\/wp-json\/wp\/v2\/types\/product"}],"replies":[{"embeddable":true,"href":"https:\/\/mod.wisdar.net\/tr\/wp-json\/wp\/v2\/comments?post=49829"}],"wp:featuredmedia":[{"embeddable":true,"href":"https:\/\/mod.wisdar.net\/tr\/wp-json\/wp\/v2\/media\/49820"}],"wp:attachment":[{"href":"https:\/\/mod.wisdar.net\/tr\/wp-json\/wp\/v2\/media?parent=49829"}],"wp:term":[{"taxonomy":"product_brand","embeddable":true,"href":"https:\/\/mod.wisdar.net\/tr\/wp-json\/wp\/v2\/product_brand?post=49829"},{"taxonomy":"product_cat","embeddable":true,"href":"https:\/\/mod.wisdar.net\/tr\/wp-json\/wp\/v2\/product_cat?post=49829"},{"taxonomy":"product_tag","embeddable":true,"href":"https:\/\/mod.wisdar.net\/tr\/wp-json\/wp\/v2\/product_tag?post=49829"}],"curies":[{"name":"wp","href":"https:\/\/api.w.org\/{rel}","templated":true}]}}