{"id":49874,"date":"2025-12-21T12:27:53","date_gmt":"2025-12-21T12:27:53","guid":{"rendered":"https:\/\/modesthanim.com\/product\/aplike-cep-detayli-takim-bordo\/"},"modified":"2026-03-23T05:31:09","modified_gmt":"2026-03-23T05:31:09","slug":"aplike-cep-detayli-takim-bordo","status":"publish","type":"product","link":"https:\/\/mod.wisdar.net\/tr\/urun\/aplike-cep-detayli-takim-bordo\/","title":{"rendered":"Aplike Cep Detayl\u0131 Tak\u0131m \u2013 Bordo"},"content":{"rendered":"<p>Tunik ve pantolonun uyumlu siluetiyle \u00f6ne \u00e7\u0131kan bu tak\u0131m, aplike cep detaylar\u0131yla sade tasar\u0131ma sofistike bir karakter kazand\u0131r\u0131r. Ak\u0131c\u0131 kuma\u015f\u0131 g\u00fcn boyu konfor sa\u011flarken, modern \u00e7izgisi \u015fehir stiline g\u00fc\u00e7l\u00fc ama yal\u0131n bir dokunu\u015f ekler.<\/p>\n<p>\u00dcST<br \/>\nKuma\u015f \u0130\u00e7eri\u011fi: %100 Polyester<br \/>\nDesen: D\u00fcz \u2013 Bro\u015flu<br \/>\nYaka Tipi: Hakim Yaka<br \/>\nKol Tipi: D\u00fc\u015f\u00fck Kol<br \/>\nCep: Aplike Cep<br \/>\nAstar: Astars\u0131z<br \/>\n\u00dcr\u00fcn Boyu: 85 cm<br \/>\nKal\u0131p Tipi: Normal Kal\u0131p<\/p>\n<p>ALT<br \/>\nKuma\u015f \u0130\u00e7eri\u011fi: %100 Polyester<br \/>\nDesen: D\u00fcz<br \/>\nBel Tipi: Normal Bel<br \/>\nPa\u00e7a Tipi: Bol Pa\u00e7a<br \/>\nCep: Yan Cep<br \/>\nAstar: Astars\u0131z<br \/>\n\u00dcr\u00fcn Boyu: 107 cm<br \/>\nKal\u0131p Tipi: Normal Kal\u0131p<\/p>\n<p>Manken \u00d6l\u00e7\u00fcleri:<br \/>\nBoy: 173 cm<br \/>\nG\u00f6\u011f\u00fcs: 81 cm<br \/>\nBel: 63 cm<br \/>\nBasen: 90 cm<\/p>\n<p>Mankenin Giydi\u011fi Beden: 38<\/p>\n","protected":false},"excerpt":{"rendered":"<p>Tunik ve pantolonun uyumlu siluetiyle \u00f6ne \u00e7\u0131kan bu tak\u0131m, aplike cep detaylar\u0131yla sade tasar\u0131ma sofistike bir karakter kazand\u0131r\u0131r. Ak\u0131c\u0131 kuma\u015f\u0131 g\u00fcn boyu konfor sa\u011flarken, modern \u00e7izgisi \u015fehir stiline g\u00fc\u00e7l\u00fc ama yal\u0131n bir dokunu\u015f ekler.<\/p>\n<p>\u00dcST<br \/>\nKuma\u015f \u0130\u00e7eri\u011fi: %100 Polyester<br \/>\nDesen: D\u00fcz \u2013 Bro\u015flu<br \/>\nYaka Tipi: Hakim Yaka<br \/>\nKol Tipi: D\u00fc\u015f\u00fck Kol<br \/>\nCep: Aplike Cep<br \/>\nAstar: Astars\u0131z<br \/>\n\u00dcr\u00fcn Boyu: 85 cm<br \/>\nKal\u0131p Tipi: Normal Kal\u0131p<\/p>\n<p>ALT<br \/>\nKuma\u015f \u0130\u00e7eri\u011fi: %100 Polyester<br \/>\nDesen: D\u00fcz<br \/>\nBel Tipi: Normal Bel<br \/>\nPa\u00e7a Tipi: Bol Pa\u00e7a<br \/>\nCep: Yan Cep<br \/>\nAstar: Astars\u0131z<br \/>\n\u00dcr\u00fcn Boyu: 107 cm<br \/>\nKal\u0131p Tipi: Normal Kal\u0131p<\/p>\n<p>Manken \u00d6l\u00e7\u00fcleri:<br \/>\nBoy: 173 cm<br \/>\nG\u00f6\u011f\u00fcs: 81 cm<br \/>\nBel: 63 cm<br \/>\nBasen: 90 cm<\/p>\n<p>Mankenin Giydi\u011fi Beden: 38<\/p>\n","protected":false},"featured_media":49864,"comment_status":"open","ping_status":"closed","template":"","meta":[],"product_brand":[],"product_cat":[1900],"product_tag":[6761,7150,8048,5013,7021,6751,6825],"class_list":{"0":"post-49874","1":"product","2":"type-product","3":"status-publish","4":"has-post-thumbnail","6":"product_cat-koordinatlar-setler","7":"product_tag-bol-paca","8":"product_tag-bordo","9":"product_tag-cep-detayi","10":"product_tag-modern","11":"product_tag-polyester","12":"product_tag-rahat","13":"product_tag-sehir-stili","14":"pa_color-bordo","15":"pa_size-4706","16":"pa_size-4711","17":"pa_size-4713","18":"pa_size-4751","19":"pa_size-4749","20":"pa_size-4747","21":"pa_size-4746","23":"first","24":"instock","25":"sale","26":"shipping-taxable","27":"purchasable","28":"product-type-variable"},"_links":{"self":[{"href":"https:\/\/mod.wisdar.net\/tr\/wp-json\/wp\/v2\/product\/49874","targetHints":{"allow":["GET"]}}],"collection":[{"href":"https:\/\/mod.wisdar.net\/tr\/wp-json\/wp\/v2\/product"}],"about":[{"href":"https:\/\/mod.wisdar.net\/tr\/wp-json\/wp\/v2\/types\/product"}],"replies":[{"embeddable":true,"href":"https:\/\/mod.wisdar.net\/tr\/wp-json\/wp\/v2\/comments?post=49874"}],"wp:featuredmedia":[{"embeddable":true,"href":"https:\/\/mod.wisdar.net\/tr\/wp-json\/wp\/v2\/media\/49864"}],"wp:attachment":[{"href":"https:\/\/mod.wisdar.net\/tr\/wp-json\/wp\/v2\/media?parent=49874"}],"wp:term":[{"taxonomy":"product_brand","embeddable":true,"href":"https:\/\/mod.wisdar.net\/tr\/wp-json\/wp\/v2\/product_brand?post=49874"},{"taxonomy":"product_cat","embeddable":true,"href":"https:\/\/mod.wisdar.net\/tr\/wp-json\/wp\/v2\/product_cat?post=49874"},{"taxonomy":"product_tag","embeddable":true,"href":"https:\/\/mod.wisdar.net\/tr\/wp-json\/wp\/v2\/product_tag?post=49874"}],"curies":[{"name":"wp","href":"https:\/\/api.w.org\/{rel}","templated":true}]}}