{"id":50033,"date":"2025-12-21T12:44:38","date_gmt":"2025-12-21T12:44:38","guid":{"rendered":"https:\/\/modesthanim.com\/product\/aci-kahve-cep-aksesuar-detayli-ikili-takim\/"},"modified":"2026-04-02T22:06:24","modified_gmt":"2026-04-02T22:06:24","slug":"aci-kahve-cep-aksesuar-detayli-ikili-takim","status":"publish","type":"product","link":"https:\/\/mod.wisdar.net\/tr\/urun\/aci-kahve-cep-aksesuar-detayli-ikili-takim\/","title":{"rendered":"Ac\u0131 Kahve Cep Aksesuar Detayl\u0131 \u0130kili Tak\u0131m"},"content":{"rendered":"<p>BAKIMI:<br \/>\n\u00dcr\u00fcn\u00fcm\u00fcz\u00fc tersinden hassas programda tek y\u0131kay\u0131n\u0131z.<br \/>\n S\u0131v\u0131 deterjanla y\u0131kamal\u0131 ve d\u00fc\u015f\u00fck devirde s\u0131kma yapmal\u0131s\u0131n\u0131z.<br \/>\n Sererek kurutmal\u0131 ve d\u00fc\u015f\u00fck s\u0131cakl\u0131kta \u00fct\u00fc yapmal\u0131s\u0131n\u0131z.<br \/>\nED\u0130T\u00d6R\u00dcN YORUMU:<br \/>\nModern tasar\u0131m\u0131 ve zarif \u00e7izgisiyle \u00f6ne \u00e7\u0131kan cep aksesuar detayl\u0131 ikili tak\u0131m konforu bir arada sunuyor. Her ortamda rahatl\u0131kla tercih edebilece\u011finiz bu tak\u0131m fermuar kapamas\u0131 ve beli vurgulayan ku\u015fa\u011f\u0131yla dikkatleri \u00fczerinize \u00e7ekiyor. \u015e\u0131k cep aksesuar\u0131 ve dik yaka detay\u0131 tak\u0131ma zarif bir hava katarak sofistike bir g\u00f6r\u00fcn\u00fcm olu\u015fturuyor. Kad\u0131n ikili tak\u0131m modelleri aras\u0131nda zarif kesimiyle dikkat \u00e7eken bu \u00fcr\u00fcn hem spor hem klasik kombinlerde rahatl\u0131kla kullan\u0131labilirsiniz. D\u00f6rt mevsim kullan\u0131labilen scuba kuma\u015f\u0131yla her mevsimde \u015f\u0131k bir alternatif sunuyor. Levidor yeni model \u015fallar ile kombinleyerek stilinize hava katarak g\u00fcn boyu \u015f\u0131kl\u0131\u011f\u0131n\u0131z\u0131 koruyabilirsiniz.<\/p>\n","protected":false},"excerpt":{"rendered":"<p>BAKIMI:<br \/>\n\u00dcr\u00fcn\u00fcm\u00fcz\u00fc tersinden hassas programda tek y\u0131kay\u0131n\u0131z.<br \/>\n S\u0131v\u0131 deterjanla y\u0131kamal\u0131 ve d\u00fc\u015f\u00fck devirde s\u0131kma yapmal\u0131s\u0131n\u0131z.<br \/>\n Sererek kurutmal\u0131 ve d\u00fc\u015f\u00fck s\u0131cakl\u0131kta \u00fct\u00fc yapmal\u0131s\u0131n\u0131z.<br \/>\nED\u0130T\u00d6R\u00dcN YORUMU:<br \/>\nModern tasar\u0131m\u0131 ve zarif \u00e7izgisiyle \u00f6ne \u00e7\u0131kan cep aksesuar detayl\u0131 ikili tak\u0131m konforu bir arada sunuyor. Her ortamda rahatl\u0131kla tercih edebilece\u011finiz bu tak\u0131m fermuar kapamas\u0131 ve beli vurgulayan ku\u015fa\u011f\u0131yla dikkatleri \u00fczerinize \u00e7ekiyor. \u015e\u0131k cep aksesuar\u0131 ve dik yaka detay\u0131 tak\u0131ma zarif bir hava katarak sofistike bir g\u00f6r\u00fcn\u00fcm olu\u015fturuyor. Kad\u0131n ikili tak\u0131m modelleri aras\u0131nda zarif kesimiyle dikkat \u00e7eken bu \u00fcr\u00fcn hem spor hem klasik kombinlerde rahatl\u0131kla kullan\u0131labilirsiniz. D\u00f6rt mevsim kullan\u0131labilen scuba kuma\u015f\u0131yla her mevsimde \u015f\u0131k bir alternatif sunuyor. Levidor yeni model \u015fallar ile kombinleyerek stilinize hava katarak g\u00fcn boyu \u015f\u0131kl\u0131\u011f\u0131n\u0131z\u0131 koruyabilirsiniz.<\/p>\n","protected":false},"featured_media":50024,"comment_status":"open","ping_status":"closed","template":"","meta":[],"product_brand":[],"product_cat":[1900],"product_tag":[4856,5012,6744,7096],"class_list":{"0":"post-50033","1":"product","2":"type-product","3":"status-publish","4":"has-post-thumbnail","6":"product_cat-koordinatlar-setler","7":"product_tag-all-season","8":"product_tag-elegant","9":"product_tag-kadin-modasi","10":"product_tag-modern-tasarim","11":"pa_brand-levidor","12":"pa_color-aci-kahve-1","13":"pa_size-4711","14":"pa_size-4713","15":"pa_size-4751","16":"pa_size-4749","18":"first","19":"instock","20":"sale","21":"shipping-taxable","22":"purchasable","23":"product-type-variable"},"_links":{"self":[{"href":"https:\/\/mod.wisdar.net\/tr\/wp-json\/wp\/v2\/product\/50033","targetHints":{"allow":["GET"]}}],"collection":[{"href":"https:\/\/mod.wisdar.net\/tr\/wp-json\/wp\/v2\/product"}],"about":[{"href":"https:\/\/mod.wisdar.net\/tr\/wp-json\/wp\/v2\/types\/product"}],"replies":[{"embeddable":true,"href":"https:\/\/mod.wisdar.net\/tr\/wp-json\/wp\/v2\/comments?post=50033"}],"wp:featuredmedia":[{"embeddable":true,"href":"https:\/\/mod.wisdar.net\/tr\/wp-json\/wp\/v2\/media\/50024"}],"wp:attachment":[{"href":"https:\/\/mod.wisdar.net\/tr\/wp-json\/wp\/v2\/media?parent=50033"}],"wp:term":[{"taxonomy":"product_brand","embeddable":true,"href":"https:\/\/mod.wisdar.net\/tr\/wp-json\/wp\/v2\/product_brand?post=50033"},{"taxonomy":"product_cat","embeddable":true,"href":"https:\/\/mod.wisdar.net\/tr\/wp-json\/wp\/v2\/product_cat?post=50033"},{"taxonomy":"product_tag","embeddable":true,"href":"https:\/\/mod.wisdar.net\/tr\/wp-json\/wp\/v2\/product_tag?post=50033"}],"curies":[{"name":"wp","href":"https:\/\/api.w.org\/{rel}","templated":true}]}}