{"id":50262,"date":"2025-12-21T12:47:10","date_gmt":"2025-12-21T12:47:10","guid":{"rendered":"https:\/\/modesthanim.com\/product\/kuplu-ekose-elbise-lacivert\/"},"modified":"2026-02-19T22:07:55","modified_gmt":"2026-02-19T22:07:55","slug":"kuplu-ekose-elbise-lacivert","status":"publish","type":"product","link":"https:\/\/mod.wisdar.net\/tr\/urun\/kuplu-ekose-elbise-lacivert\/","title":{"rendered":"Kuplu Ekose Elbise \u2013 Lacivert"},"content":{"rendered":"<p>Kuplu Ekose Elbise, v\u00fccuda oturan \u00fcst formu ve beli belirginle\u015ftiren kup \u00e7al\u0131\u015fmas\u0131yla zarif bir siluet sunar. Ekose deseni modele s\u0131cak ve klasik bir karakter kazand\u0131r\u0131rken, etek b\u00f6l\u00fcm\u00fcndeki rahat kesim g\u00fcnl\u00fck hareketi kolayla\u015ft\u0131r\u0131r.<br \/>\nKuma\u015f \u0130\u00e7eri\u011fi: %63 Polyester, %34 Viskon, %3 Elastan<br \/>\nDesen: Ekoseli<br \/>\nYaka Tipi: G\u00f6mlek Yaka<br \/>\nKol Tipi: Uzun Kol<br \/>\nCep: Gizli Cep<br \/>\nAstar: Astars\u0131z<br \/>\n\u00dcr\u00fcn Boyu: 135 cm<br \/>\nKal\u0131p Tipi: Normal Kal\u0131p<br \/>\nManken \u00d6l\u00e7\u00fcleri: Boy: 175 cm, G\u00f6\u011f\u00fcs: 80 cm, Bel: 64 cm, Basen: 93 cm<br \/>\nMankenin Giydi\u011fi Beden: 38<\/p>\n","protected":false},"excerpt":{"rendered":"<p>Kuplu Ekose Elbise, v\u00fccuda oturan \u00fcst formu ve beli belirginle\u015ftiren kup \u00e7al\u0131\u015fmas\u0131yla zarif bir siluet sunar. Ekose deseni modele s\u0131cak ve klasik bir karakter kazand\u0131r\u0131rken, etek b\u00f6l\u00fcm\u00fcndeki rahat kesim g\u00fcnl\u00fck hareketi kolayla\u015ft\u0131r\u0131r.<br \/>\nKuma\u015f \u0130\u00e7eri\u011fi: %63 Polyester, %34 Viskon, %3 Elastan<br \/>\nDesen: Ekoseli<br \/>\nYaka Tipi: G\u00f6mlek Yaka<br \/>\nKol Tipi: Uzun Kol<br \/>\nCep: Gizli Cep<br \/>\nAstar: Astars\u0131z<br \/>\n\u00dcr\u00fcn Boyu: 135 cm<br \/>\nKal\u0131p Tipi: Normal Kal\u0131p<br \/>\nManken \u00d6l\u00e7\u00fcleri: Boy: 175 cm, G\u00f6\u011f\u00fcs: 80 cm, Bel: 64 cm, Basen: 93 cm<br \/>\nMankenin Giydi\u011fi Beden: 38<\/p>\n","protected":false},"featured_media":50246,"comment_status":"open","ping_status":"closed","template":"","meta":[],"product_brand":[],"product_cat":[6249],"product_tag":[7523],"class_list":{"0":"post-50262","1":"product","2":"type-product","3":"status-publish","4":"has-post-thumbnail","6":"product_cat-elbiseler","7":"product_tag-dress","8":"pa_color-lacivert","9":"pa_size-4706","10":"pa_size-4711","11":"pa_size-4713","12":"pa_size-4751","13":"pa_size-4749","14":"pa_size-4747","16":"first","17":"outofstock","18":"shipping-taxable","19":"product-type-variable"},"_links":{"self":[{"href":"https:\/\/mod.wisdar.net\/tr\/wp-json\/wp\/v2\/product\/50262","targetHints":{"allow":["GET"]}}],"collection":[{"href":"https:\/\/mod.wisdar.net\/tr\/wp-json\/wp\/v2\/product"}],"about":[{"href":"https:\/\/mod.wisdar.net\/tr\/wp-json\/wp\/v2\/types\/product"}],"replies":[{"embeddable":true,"href":"https:\/\/mod.wisdar.net\/tr\/wp-json\/wp\/v2\/comments?post=50262"}],"wp:featuredmedia":[{"embeddable":true,"href":"https:\/\/mod.wisdar.net\/tr\/wp-json\/wp\/v2\/media\/50246"}],"wp:attachment":[{"href":"https:\/\/mod.wisdar.net\/tr\/wp-json\/wp\/v2\/media?parent=50262"}],"wp:term":[{"taxonomy":"product_brand","embeddable":true,"href":"https:\/\/mod.wisdar.net\/tr\/wp-json\/wp\/v2\/product_brand?post=50262"},{"taxonomy":"product_cat","embeddable":true,"href":"https:\/\/mod.wisdar.net\/tr\/wp-json\/wp\/v2\/product_cat?post=50262"},{"taxonomy":"product_tag","embeddable":true,"href":"https:\/\/mod.wisdar.net\/tr\/wp-json\/wp\/v2\/product_tag?post=50262"}],"curies":[{"name":"wp","href":"https:\/\/api.w.org\/{rel}","templated":true}]}}