{"id":50314,"date":"2025-12-21T12:48:02","date_gmt":"2025-12-21T12:48:02","guid":{"rendered":"https:\/\/modesthanim.com\/product\/denim-elbise-lacivert\/"},"modified":"2026-04-03T04:13:54","modified_gmt":"2026-04-03T04:13:54","slug":"denim-elbise-lacivert","status":"publish","type":"product","link":"https:\/\/mod.wisdar.net\/tr\/urun\/denim-elbise-lacivert\/","title":{"rendered":"Denim Elbise \u2013 Lacivert"},"content":{"rendered":"<p>Zamans\u0131z denim dokusunu modern bir kesimle bulu\u015fturan bu elbise, sade ama g\u00fc\u00e7l\u00fc bir siluet olu\u015fturur. Hafif dokusu ve ak\u0131c\u0131 formu sayesinde g\u00fcn boyu konfor sa\u011flarken, \u00f6zenli diki\u015f detaylar\u0131 tasar\u0131ma sofistike bir duru\u015f kazand\u0131r\u0131r.<br \/>\nKuma\u015f \u0130\u00e7eri\u011fi: %100 Pamuklu<br \/>\nDesen: D\u00fcz<br \/>\nYaka Tipi: S\u0131f\u0131r Yaka<br \/>\nKol Tipi: Reglan Kol<br \/>\nCep: Cepsiz<br \/>\nAstar: Astars\u0131z<br \/>\n\u00dcr\u00fcn Boyu: 136 cm<br \/>\nKal\u0131p Tipi: Normal Kal\u0131p<br \/>\nManken \u00d6l\u00e7\u00fcleri: Boy: 173 cm, G\u00f6\u011f\u00fcs: 81 cm, Bel: 63 cm, Basen: 90 cm<br \/>\nMankenin Giydi\u011fi Beden: 38<\/p>\n","protected":false},"excerpt":{"rendered":"<p>Zamans\u0131z denim dokusunu modern bir kesimle bulu\u015fturan bu elbise, sade ama g\u00fc\u00e7l\u00fc bir siluet olu\u015fturur. Hafif dokusu ve ak\u0131c\u0131 formu sayesinde g\u00fcn boyu konfor sa\u011flarken, \u00f6zenli diki\u015f detaylar\u0131 tasar\u0131ma sofistike bir duru\u015f kazand\u0131r\u0131r.<br \/>\nKuma\u015f \u0130\u00e7eri\u011fi: %100 Pamuklu<br \/>\nDesen: D\u00fcz<br \/>\nYaka Tipi: S\u0131f\u0131r Yaka<br \/>\nKol Tipi: Reglan Kol<br \/>\nCep: Cepsiz<br \/>\nAstar: Astars\u0131z<br \/>\n\u00dcr\u00fcn Boyu: 136 cm<br \/>\nKal\u0131p Tipi: Normal Kal\u0131p<br \/>\nManken \u00d6l\u00e7\u00fcleri: Boy: 173 cm, G\u00f6\u011f\u00fcs: 81 cm, Bel: 63 cm, Basen: 90 cm<br \/>\nMankenin Giydi\u011fi Beden: 38<\/p>\n","protected":false},"featured_media":50299,"comment_status":"open","ping_status":"closed","template":"","meta":[],"product_brand":[],"product_cat":[6249,4077],"product_tag":[],"class_list":{"0":"post-50314","1":"product","2":"type-product","3":"status-publish","4":"has-post-thumbnail","6":"product_cat-elbiseler","7":"product_cat-kot-elbiseler","8":"pa_brand-tugba","9":"pa_color-lacivert","10":"pa_size-4706","11":"pa_size-4711","12":"pa_size-4713","13":"pa_size-4751","15":"first","16":"instock","17":"sale","18":"shipping-taxable","19":"purchasable","20":"product-type-variable"},"_links":{"self":[{"href":"https:\/\/mod.wisdar.net\/tr\/wp-json\/wp\/v2\/product\/50314","targetHints":{"allow":["GET"]}}],"collection":[{"href":"https:\/\/mod.wisdar.net\/tr\/wp-json\/wp\/v2\/product"}],"about":[{"href":"https:\/\/mod.wisdar.net\/tr\/wp-json\/wp\/v2\/types\/product"}],"replies":[{"embeddable":true,"href":"https:\/\/mod.wisdar.net\/tr\/wp-json\/wp\/v2\/comments?post=50314"}],"wp:featuredmedia":[{"embeddable":true,"href":"https:\/\/mod.wisdar.net\/tr\/wp-json\/wp\/v2\/media\/50299"}],"wp:attachment":[{"href":"https:\/\/mod.wisdar.net\/tr\/wp-json\/wp\/v2\/media?parent=50314"}],"wp:term":[{"taxonomy":"product_brand","embeddable":true,"href":"https:\/\/mod.wisdar.net\/tr\/wp-json\/wp\/v2\/product_brand?post=50314"},{"taxonomy":"product_cat","embeddable":true,"href":"https:\/\/mod.wisdar.net\/tr\/wp-json\/wp\/v2\/product_cat?post=50314"},{"taxonomy":"product_tag","embeddable":true,"href":"https:\/\/mod.wisdar.net\/tr\/wp-json\/wp\/v2\/product_tag?post=50314"}],"curies":[{"name":"wp","href":"https:\/\/api.w.org\/{rel}","templated":true}]}}